{"id":12,"date":"2014-09-30T19:29:23","date_gmt":"2014-09-30T18:29:23","guid":{"rendered":"http:\/\/pbh.delab.cz\/?page_id=12"},"modified":"2025-12-28T19:09:37","modified_gmt":"2025-12-28T18:09:37","slug":"kontakt","status":"publish","type":"page","link":"https:\/\/hockey.praguesbarrel.eu\/cs\/kontakt\/","title":{"rendered":"Kontakt"},"content":{"rendered":"<p>Milujeme pivo, lidi a ledn\u00ed hokej. Tak vznikl Prague&#8217;s Barrel \u2013 v\u00edkend pln\u00fd z\u00e1pas\u016f, piva a nov\u00fdch p\u0159\u00e1tel z cel\u00e9 Evropy i sv\u011bta. Je to perfektn\u00ed odpo\u010dinek od ka\u017edodenn\u00ed rutiny: nazujte brusle, vyrazte na kluzi\u0161t\u011b, spole\u010dn\u011b fand\u011bte a v\u0161echno ostatn\u00ed nechte na n\u00e1s.<\/p>\n<p>N\u00e1\u0161 zku\u0161en\u00fd organiza\u010dn\u00ed t\u00fdm v\u00ed, jak zajistit hladk\u00fd pr\u016fb\u011bh turnaje a nekone\u010dn\u00fd p\u0159\u00edsun piva. M\u00e1te n\u011bjak\u00e9 dotazy? Ozv\u011bte se, jsme v\u017edy p\u0159ipraveni pomoci.<\/p>\n<h2>N\u00e1\u0161 t\u00fdm<\/h2>\n<div class=\"contact-grid\">\n<div class=\"contact-card\">\n<p><img decoding=\"async\" src=\"https:\/\/bowling.praguesbarrel.eu\/wp-content\/uploads\/2023\/05\/ROBK3477.jpg\" alt=\"Sofie\" \/><\/p>\n<h3>Sofie<\/h3>\n<p>Koordin\u00e1torka pro \u010desky a italsky mluv\u00edc\u00ed t\u00fdmy<br \/>\nE-mail: <a href=\"mailto:sofie@praguesbarrel.eu\">sofie@praguesbarrel.eu<\/a><br \/>\nTel.: <a href=\"tel:+420732797139\">+420 732 79 71 39\u200b<\/a><\/p>\n<\/div>\n<div class=\"contact-card\">\n<p><img decoding=\"async\" src=\"https:\/\/hockey.praguesbarrel.eu\/wp-content\/uploads\/2023\/05\/ROBK3476.jpg\" alt=\"baja_praguesbarrel\" \/><\/p>\n<h3>Barbara<\/h3>\n<p>Kr\u00e1lovna severu (USA, Kanada, Skandin\u00e1vie a Finsko) a pro francouzsky mluv\u00edc\u00ed t\u00fdmy<br \/>\nE-mail: <a href=\"mailto:barbara@praguesbarrel.eu\">barbara@praguesbarrel.eu<\/a><br \/>\nTel.: <a href=\"tel:+420604974394\">+420 604 974 394<\/a><\/p>\n<\/div>\n<div class=\"contact-card\"><img decoding=\"async\" src=\"https:\/\/hockey.praguesbarrel.eu\/wp-content\/uploads\/2023\/05\/Masha_01.jpg\" alt=\"Masha\" \/><\/p>\n<h3>Masha<\/h3>\n<p>Koordin\u00e1torka pro rusky mluv\u00edc\u00ed t\u00fdmy<br \/>\nE-mail: <a href=\"mailto:masha@praguesbarrel.eu\">masha@praguesbarrel.eu<\/a><br \/>\nTel.: <a href=\"tel:+420732938233\">+420 732 938 233<\/a><\/p>\n<\/div>\n<div class=\"contact-card\"><img decoding=\"async\" src=\"https:\/\/hockey.praguesbarrel.eu\/wp-content\/uploads\/2024\/03\/DSC05023.jpeg\" alt=\"iva_praguesbarrel\" \/><\/p>\n<h3>Iva<\/h3>\n<p>Koordin\u00e1torka pro n\u011bmecky mluv\u00edc\u00ed t\u00fdmy<br \/>\nE-mail: <a href=\"mailto:iva@praguesbarrel.eu\">iva@praguesbarrel.eu<\/a><br \/>\nTel.: <a href=\"tel:+420728155598\">+420 728 155 598<\/a><\/p>\n<\/div>\n<\/div>\n<div class=\"contact-grid\">\n<div class=\"contact-card\">\n<p><img decoding=\"async\" src=\"https:\/\/hockey.praguesbarrel.eu\/wp-content\/uploads\/2023\/05\/ROBK3467.jpg\" alt=\"Martin\" \/><\/p>\n<h3>Martin<\/h3>\n<p>Sportovn\u00ed mana\u017eer<br \/>\nE-mail: <a href=\"mailto:martin@praguesbarrel.eu\">martin@praguesbarrel.eu<\/a><br \/>\nTel.: <a href=\"tel:+420724906168\">+420 724 906 168<\/a><\/p>\n<\/div>\n<div class=\"contact-card\">\n<p><img decoding=\"async\" src=\"https:\/\/hockey.praguesbarrel.eu\/wp-content\/uploads\/2023\/05\/ROBK3473.jpg\" alt=\"Pepa\" \/><\/p>\n<h3>Pepa<\/h3>\n<p>Doprava<br \/>\nTel.: <a href=\"tel:+420604118189\">+420 604 118 189\u200b<\/a><\/p>\n<\/div>\n<div class=\"contact-card\">\n<p><img decoding=\"async\" src=\"https:\/\/hockey.praguesbarrel.eu\/wp-content\/uploads\/2023\/05\/ROBK3469.jpg\" alt=\"Petr\" \/><\/p>\n<h3>Petr<\/h3>\n<p>pan \u0160\u00e9f<br \/>\nE-mail:\u00a0<a href=\"mailto:petr@praguesbarrel.eu\">petr@praguesbarrel.eu<\/a><br \/>\nTel.: <a href=\"tel:+420603416931\">+420 603 416 931<\/a><\/p>\n<\/div>\n<\/div>\n<h2>Na\u0161e spole\u010dnost<\/h2>\n<p><strong>Prague&#8217;s Barrel s.r.o.<\/strong><br \/>\nT\u00e1borsk\u00e1 829\/4,<br \/>\n140 00 Praha 4<br \/>\n\u010cesk\u00e1 republika<br \/>\nI\u010cO: 22103716<br \/>\nDI\u010c: CZ22103716<br \/>\n<a href=\"mailto:info@praguesbarrel.eu\">info@praguesbarrel.eu<\/a><\/p>\n<p><strong>\u00da\u010det:<\/strong><br \/>\nBank: \u010cSOB Praha<br \/>\nSWIFT: CEKOCZPP<br \/>\nRadlick\u00e1 333\/150, 150 00 Prague 5<br \/>\nName: Prague&#8217;s Barrel s.r.o.<br \/>\nIBAN: CZ7503000000000347929687<\/p>\n<h2>sledujte n\u00e1s na soci\u00e1ln\u00edch s\u00edt\u00edch<\/h2>\n<p><a href=\"https:\/\/www.facebook.com\/PraguesBarrelTournaments\"><img loading=\"lazy\" decoding=\"async\" class=\"alignnone wp-image-61595\" src=\"https:\/\/praguesbarrel.eu\/y0OH9L\/themes\/praguesbarrel\/img\/fb-ico.png\" alt=\"\" width=\"50\" height=\"50\" \/><\/a> <a href=\"https:\/\/www.instagram.com\/praguesbarrel\/\"><img loading=\"lazy\" decoding=\"async\" class=\"alignnone wp-image-61595\" src=\"http:\/\/praguesbarrel.eu\/y0OH9L\/uploads\/2022\/08\/Instagram-ikona.png\" alt=\"\" width=\"50\" height=\"50\" \/><\/a> <a href=\"https:\/\/www.youtube.com\/user\/PraguesBarrelTV\"><img loading=\"lazy\" decoding=\"async\" class=\"alignnone wp-image-61601\" src=\"http:\/\/praguesbarrel.eu\/y0OH9L\/uploads\/2022\/09\/2018_social_media_popular_app_logo_youtube-1024.webp\" alt=\"\" width=\"50\" height=\"50\" \/><\/a> <a href=\"https:\/\/whatsapp.com\/channel\/0029VaTXl94FXUui3S9que2U\"> <img loading=\"lazy\" decoding=\"async\" class=\"alignnone wp-image-61601\" src=\"http:\/\/praguesbarrel.eu\/y0OH9L\/uploads\/2024\/03\/whatsapp.png\" alt=\"\" width=\"50\" height=\"50\" \/><\/a> <a href=\"https:\/\/www.tiktok.com\/@pragues.barrel\"> <img loading=\"lazy\" decoding=\"async\" class=\"alignnone wp-image-61601\" src=\"https:\/\/hockey.praguesbarrel.eu\/wp-content\/uploads\/2024\/12\/tiktok.png\" alt=\"\" width=\"50\" height=\"50\" \/><\/a><\/p>\n","protected":false},"excerpt":{"rendered":"<p>Milujeme pivo, lidi a ledn\u00ed hokej. Tak vznikl Prague&#8217;s Barrel \u2013 v\u00edkend pln\u00fd z\u00e1pas\u016f, piva a nov\u00fdch p\u0159\u00e1tel z cel\u00e9 Evropy i sv\u011bta. Je to perfektn\u00ed odpo\u010dinek od ka\u017edodenn\u00ed rutiny: nazujte brusle, vyrazte na kluzi\u0161t\u011b, spole\u010dn\u011b fand\u011bte a v\u0161echno ostatn\u00ed nechte na n\u00e1s. N\u00e1\u0161 zku\u0161en\u00fd organiza\u010dn\u00ed t\u00fdm v\u00ed, jak zajistit hladk\u00fd pr\u016fb\u011bh turnaje a nekone\u010dn\u00fd&#8230;<\/p>\n","protected":false},"author":10,"featured_media":98805,"parent":0,"menu_order":0,"comment_status":"closed","ping_status":"closed","template":"","meta":{"footnotes":""},"class_list":["post-12","page","type-page","status-publish","has-post-thumbnail","hentry"],"yoast_head":"<!-- This site is optimized with the Yoast SEO plugin v26.9 - https:\/\/yoast.com\/product\/yoast-seo-wordpress\/ -->\n<title>Kontakt - Prague&#039;s Barrel Hockey Tournament<\/title>\n<meta name=\"description\" content=\"T\u00fdm organiz\u00e1tor\u016f amat\u00e9rsk\u00e9ho hokejov\u00e9ho turnaje v\u00e1m je p\u0159ipraven zodpov\u011bd\u011bt v\u0161echny va\u0161e ot\u00e1zky ohledn\u011b turnaje v Praze.\" \/>\n<meta name=\"robots\" content=\"index, follow, max-snippet:-1, max-image-preview:large, max-video-preview:-1\" \/>\n<link rel=\"canonical\" href=\"https:\/\/hockey.praguesbarrel.eu\/cs\/kontakt\/\" \/>\n<meta property=\"og:locale\" content=\"cs_CZ\" \/>\n<meta property=\"og:type\" content=\"article\" \/>\n<meta property=\"og:title\" content=\"Kontakt - Prague&#039;s Barrel Hockey Tournament\" \/>\n<meta property=\"og:description\" content=\"T\u00fdm organiz\u00e1tor\u016f amat\u00e9rsk\u00e9ho hokejov\u00e9ho turnaje v\u00e1m je p\u0159ipraven zodpov\u011bd\u011bt v\u0161echny va\u0161e ot\u00e1zky ohledn\u011b turnaje v Praze.\" \/>\n<meta property=\"og:url\" content=\"https:\/\/hockey.praguesbarrel.eu\/cs\/kontakt\/\" \/>\n<meta property=\"og:site_name\" content=\"Prague&#039;s Barrel Hockey Tournament\" \/>\n<meta property=\"article:publisher\" content=\"https:\/\/www.facebook.com\/PraguesBarrelTournaments\" \/>\n<meta property=\"article:modified_time\" content=\"2025-12-28T18:09:37+00:00\" \/>\n<meta property=\"og:image\" content=\"https:\/\/hockey.praguesbarrel.eu\/wp-content\/uploads\/2024\/09\/tym2024.jpg\" \/>\n\t<meta property=\"og:image:width\" content=\"1832\" \/>\n\t<meta property=\"og:image:height\" content=\"1224\" \/>\n\t<meta property=\"og:image:type\" content=\"image\/jpeg\" \/>\n<meta name=\"twitter:label1\" content=\"Odhadovan\u00e1 doba \u010dten\u00ed\" \/>\n\t<meta name=\"twitter:data1\" content=\"4 minuty\" \/>\n<script type=\"application\/ld+json\" class=\"yoast-schema-graph\">{\"@context\":\"https:\/\/schema.org\",\"@graph\":[{\"@type\":\"WebPage\",\"@id\":\"https:\/\/hockey.praguesbarrel.eu\/cs\/kontakt\/\",\"url\":\"https:\/\/hockey.praguesbarrel.eu\/cs\/kontakt\/\",\"name\":\"Kontakt - Prague&#039;s Barrel Hockey Tournament\",\"isPartOf\":{\"@id\":\"https:\/\/hockey.praguesbarrel.eu\/#website\"},\"primaryImageOfPage\":{\"@id\":\"https:\/\/hockey.praguesbarrel.eu\/cs\/kontakt\/#primaryimage\"},\"image\":{\"@id\":\"https:\/\/hockey.praguesbarrel.eu\/cs\/kontakt\/#primaryimage\"},\"thumbnailUrl\":\"https:\/\/hockey.praguesbarrel.eu\/wp-content\/uploads\/2024\/09\/tym2024.jpg\",\"datePublished\":\"2014-09-30T18:29:23+00:00\",\"dateModified\":\"2025-12-28T18:09:37+00:00\",\"description\":\"T\u00fdm organiz\u00e1tor\u016f amat\u00e9rsk\u00e9ho hokejov\u00e9ho turnaje v\u00e1m je p\u0159ipraven zodpov\u011bd\u011bt v\u0161echny va\u0161e ot\u00e1zky ohledn\u011b turnaje v Praze.\",\"breadcrumb\":{\"@id\":\"https:\/\/hockey.praguesbarrel.eu\/cs\/kontakt\/#breadcrumb\"},\"inLanguage\":\"cs\",\"potentialAction\":[{\"@type\":\"ReadAction\",\"target\":[\"https:\/\/hockey.praguesbarrel.eu\/cs\/kontakt\/\"]}]},{\"@type\":\"ImageObject\",\"inLanguage\":\"cs\",\"@id\":\"https:\/\/hockey.praguesbarrel.eu\/cs\/kontakt\/#primaryimage\",\"url\":\"https:\/\/hockey.praguesbarrel.eu\/wp-content\/uploads\/2024\/09\/tym2024.jpg\",\"contentUrl\":\"https:\/\/hockey.praguesbarrel.eu\/wp-content\/uploads\/2024\/09\/tym2024.jpg\",\"width\":1832,\"height\":1224},{\"@type\":\"BreadcrumbList\",\"@id\":\"https:\/\/hockey.praguesbarrel.eu\/cs\/kontakt\/#breadcrumb\",\"itemListElement\":[{\"@type\":\"ListItem\",\"position\":1,\"name\":\"Home\",\"item\":\"https:\/\/hockey.praguesbarrel.eu\/cs\/\"},{\"@type\":\"ListItem\",\"position\":2,\"name\":\"Kontakt\"}]},{\"@type\":\"WebSite\",\"@id\":\"https:\/\/hockey.praguesbarrel.eu\/#website\",\"url\":\"https:\/\/hockey.praguesbarrel.eu\/\",\"name\":\"Prague&#039;s Barrel Hockey Tournament\",\"description\":\"Ice Hockey Tournament for amateur athletes\",\"publisher\":{\"@id\":\"https:\/\/hockey.praguesbarrel.eu\/#organization\"},\"potentialAction\":[{\"@type\":\"SearchAction\",\"target\":{\"@type\":\"EntryPoint\",\"urlTemplate\":\"https:\/\/hockey.praguesbarrel.eu\/?s={search_term_string}\"},\"query-input\":{\"@type\":\"PropertyValueSpecification\",\"valueRequired\":true,\"valueName\":\"search_term_string\"}}],\"inLanguage\":\"cs\"},{\"@type\":\"Organization\",\"@id\":\"https:\/\/hockey.praguesbarrel.eu\/#organization\",\"name\":\"Prague's Barrel\",\"url\":\"https:\/\/hockey.praguesbarrel.eu\/\",\"logo\":{\"@type\":\"ImageObject\",\"inLanguage\":\"cs\",\"@id\":\"https:\/\/hockey.praguesbarrel.eu\/#\/schema\/logo\/image\/\",\"url\":\"https:\/\/hockey.praguesbarrel.eu\/wp-content\/uploads\/2015\/07\/unimalej-2.jpg\",\"contentUrl\":\"https:\/\/hockey.praguesbarrel.eu\/wp-content\/uploads\/2015\/07\/unimalej-2.jpg\",\"width\":200,\"height\":200,\"caption\":\"Prague's Barrel\"},\"image\":{\"@id\":\"https:\/\/hockey.praguesbarrel.eu\/#\/schema\/logo\/image\/\"},\"sameAs\":[\"https:\/\/www.facebook.com\/PraguesBarrelTournaments\"]}]}<\/script>\n<!-- \/ Yoast SEO plugin. -->","yoast_head_json":{"title":"Kontakt - Prague&#039;s Barrel Hockey Tournament","description":"T\u00fdm organiz\u00e1tor\u016f amat\u00e9rsk\u00e9ho hokejov\u00e9ho turnaje v\u00e1m je p\u0159ipraven zodpov\u011bd\u011bt v\u0161echny va\u0161e ot\u00e1zky ohledn\u011b turnaje v Praze.","robots":{"index":"index","follow":"follow","max-snippet":"max-snippet:-1","max-image-preview":"max-image-preview:large","max-video-preview":"max-video-preview:-1"},"canonical":"https:\/\/hockey.praguesbarrel.eu\/cs\/kontakt\/","og_locale":"cs_CZ","og_type":"article","og_title":"Kontakt - Prague&#039;s Barrel Hockey Tournament","og_description":"T\u00fdm organiz\u00e1tor\u016f amat\u00e9rsk\u00e9ho hokejov\u00e9ho turnaje v\u00e1m je p\u0159ipraven zodpov\u011bd\u011bt v\u0161echny va\u0161e ot\u00e1zky ohledn\u011b turnaje v Praze.","og_url":"https:\/\/hockey.praguesbarrel.eu\/cs\/kontakt\/","og_site_name":"Prague&#039;s Barrel Hockey Tournament","article_publisher":"https:\/\/www.facebook.com\/PraguesBarrelTournaments","article_modified_time":"2025-12-28T18:09:37+00:00","og_image":[{"width":1832,"height":1224,"url":"https:\/\/hockey.praguesbarrel.eu\/wp-content\/uploads\/2024\/09\/tym2024.jpg","type":"image\/jpeg"}],"twitter_misc":{"Odhadovan\u00e1 doba \u010dten\u00ed":"4 minuty"},"schema":{"@context":"https:\/\/schema.org","@graph":[{"@type":"WebPage","@id":"https:\/\/hockey.praguesbarrel.eu\/cs\/kontakt\/","url":"https:\/\/hockey.praguesbarrel.eu\/cs\/kontakt\/","name":"Kontakt - Prague&#039;s Barrel Hockey Tournament","isPartOf":{"@id":"https:\/\/hockey.praguesbarrel.eu\/#website"},"primaryImageOfPage":{"@id":"https:\/\/hockey.praguesbarrel.eu\/cs\/kontakt\/#primaryimage"},"image":{"@id":"https:\/\/hockey.praguesbarrel.eu\/cs\/kontakt\/#primaryimage"},"thumbnailUrl":"https:\/\/hockey.praguesbarrel.eu\/wp-content\/uploads\/2024\/09\/tym2024.jpg","datePublished":"2014-09-30T18:29:23+00:00","dateModified":"2025-12-28T18:09:37+00:00","description":"T\u00fdm organiz\u00e1tor\u016f amat\u00e9rsk\u00e9ho hokejov\u00e9ho turnaje v\u00e1m je p\u0159ipraven zodpov\u011bd\u011bt v\u0161echny va\u0161e ot\u00e1zky ohledn\u011b turnaje v Praze.","breadcrumb":{"@id":"https:\/\/hockey.praguesbarrel.eu\/cs\/kontakt\/#breadcrumb"},"inLanguage":"cs","potentialAction":[{"@type":"ReadAction","target":["https:\/\/hockey.praguesbarrel.eu\/cs\/kontakt\/"]}]},{"@type":"ImageObject","inLanguage":"cs","@id":"https:\/\/hockey.praguesbarrel.eu\/cs\/kontakt\/#primaryimage","url":"https:\/\/hockey.praguesbarrel.eu\/wp-content\/uploads\/2024\/09\/tym2024.jpg","contentUrl":"https:\/\/hockey.praguesbarrel.eu\/wp-content\/uploads\/2024\/09\/tym2024.jpg","width":1832,"height":1224},{"@type":"BreadcrumbList","@id":"https:\/\/hockey.praguesbarrel.eu\/cs\/kontakt\/#breadcrumb","itemListElement":[{"@type":"ListItem","position":1,"name":"Home","item":"https:\/\/hockey.praguesbarrel.eu\/cs\/"},{"@type":"ListItem","position":2,"name":"Kontakt"}]},{"@type":"WebSite","@id":"https:\/\/hockey.praguesbarrel.eu\/#website","url":"https:\/\/hockey.praguesbarrel.eu\/","name":"Prague&#039;s Barrel Hockey Tournament","description":"Ice Hockey Tournament for amateur athletes","publisher":{"@id":"https:\/\/hockey.praguesbarrel.eu\/#organization"},"potentialAction":[{"@type":"SearchAction","target":{"@type":"EntryPoint","urlTemplate":"https:\/\/hockey.praguesbarrel.eu\/?s={search_term_string}"},"query-input":{"@type":"PropertyValueSpecification","valueRequired":true,"valueName":"search_term_string"}}],"inLanguage":"cs"},{"@type":"Organization","@id":"https:\/\/hockey.praguesbarrel.eu\/#organization","name":"Prague's Barrel","url":"https:\/\/hockey.praguesbarrel.eu\/","logo":{"@type":"ImageObject","inLanguage":"cs","@id":"https:\/\/hockey.praguesbarrel.eu\/#\/schema\/logo\/image\/","url":"https:\/\/hockey.praguesbarrel.eu\/wp-content\/uploads\/2015\/07\/unimalej-2.jpg","contentUrl":"https:\/\/hockey.praguesbarrel.eu\/wp-content\/uploads\/2015\/07\/unimalej-2.jpg","width":200,"height":200,"caption":"Prague's Barrel"},"image":{"@id":"https:\/\/hockey.praguesbarrel.eu\/#\/schema\/logo\/image\/"},"sameAs":["https:\/\/www.facebook.com\/PraguesBarrelTournaments"]}]}},"_links":{"self":[{"href":"https:\/\/hockey.praguesbarrel.eu\/cs\/wp-json\/wp\/v2\/pages\/12","targetHints":{"allow":["GET"]}}],"collection":[{"href":"https:\/\/hockey.praguesbarrel.eu\/cs\/wp-json\/wp\/v2\/pages"}],"about":[{"href":"https:\/\/hockey.praguesbarrel.eu\/cs\/wp-json\/wp\/v2\/types\/page"}],"author":[{"embeddable":true,"href":"https:\/\/hockey.praguesbarrel.eu\/cs\/wp-json\/wp\/v2\/users\/10"}],"replies":[{"embeddable":true,"href":"https:\/\/hockey.praguesbarrel.eu\/cs\/wp-json\/wp\/v2\/comments?post=12"}],"version-history":[{"count":54,"href":"https:\/\/hockey.praguesbarrel.eu\/cs\/wp-json\/wp\/v2\/pages\/12\/revisions"}],"predecessor-version":[{"id":100060,"href":"https:\/\/hockey.praguesbarrel.eu\/cs\/wp-json\/wp\/v2\/pages\/12\/revisions\/100060"}],"wp:featuredmedia":[{"embeddable":true,"href":"https:\/\/hockey.praguesbarrel.eu\/cs\/wp-json\/wp\/v2\/media\/98805"}],"wp:attachment":[{"href":"https:\/\/hockey.praguesbarrel.eu\/cs\/wp-json\/wp\/v2\/media?parent=12"}],"curies":[{"name":"wp","href":"https:\/\/api.w.org\/{rel}","templated":true}]}}