{"id":133,"date":"2014-10-12T21:27:14","date_gmt":"2014-10-12T20:27:14","guid":{"rendered":"http:\/\/pbh.delab.cz\/?page_id=133"},"modified":"2023-11-15T11:24:50","modified_gmt":"2023-11-15T10:24:50","slug":"registrace","status":"publish","type":"page","link":"https:\/\/hockey.praguesbarrel.eu\/cs\/registrace\/","title":{"rendered":"Registrace"},"content":{"rendered":"<p>Registrujte se na amat\u00e9rsk\u00fd mezin\u00e1rodn\u00ed turnaj Pra\u017esk\u00fd soudek. M\u016f\u017eete vyb\u00edrat z n\u011bkolika term\u00edn\u016f. Po vypln\u011bn\u00ed registrace se v\u00e1m ozveme.<script type=\"text\/javascript\" src=\"https:\/\/form.jotformeu.com\/jsform\/60735988502363\"><\/script><\/p>\n<p>Pokud nevid\u00edte registra\u010dn\u00ed formul\u00e1\u0159, zkuste pros\u00edm jin\u00fd webov\u00fd prohl\u00ed\u017ee\u010d. D\u011bkujeme.<\/p>\n","protected":false},"excerpt":{"rendered":"<p>Registrujte se na amat\u00e9rsk\u00fd mezin\u00e1rodn\u00ed turnaj Pra\u017esk\u00fd soudek. M\u016f\u017eete vyb\u00edrat z n\u011bkolika term\u00edn\u016f. Po vypln\u011bn\u00ed registrace se v\u00e1m ozveme. Pokud nevid\u00edte registra\u010dn\u00ed formul\u00e1\u0159, zkuste pros\u00edm jin\u00fd webov\u00fd prohl\u00ed\u017ee\u010d. D\u011bkujeme.<\/p>\n","protected":false},"author":3,"featured_media":98001,"parent":0,"menu_order":0,"comment_status":"closed","ping_status":"closed","template":"","meta":{"footnotes":""},"class_list":["post-133","page","type-page","status-publish","has-post-thumbnail","hentry"],"yoast_head":"<!-- This site is optimized with the Yoast SEO plugin v26.9 - https:\/\/yoast.com\/product\/yoast-seo-wordpress\/ -->\n<title>Registrace - Prague&#039;s Barrel Hockey Tournament<\/title>\n<meta name=\"description\" content=\"Registrujte sv\u016fj t\u00fdm na amat\u00e9rsk\u00fd mezin\u00e1rodn\u00ed hokejov\u00fd turnaj Pra\u017esk\u00fd soudek. M\u016f\u017eete vyb\u00edrat z n\u011bkolika term\u00edn\u016f.\" \/>\n<meta name=\"robots\" content=\"index, follow, max-snippet:-1, max-image-preview:large, max-video-preview:-1\" \/>\n<link rel=\"canonical\" href=\"https:\/\/hockey.praguesbarrel.eu\/cs\/registrace\/\" \/>\n<meta property=\"og:locale\" content=\"cs_CZ\" \/>\n<meta property=\"og:type\" content=\"article\" \/>\n<meta property=\"og:title\" content=\"Registrace - Prague&#039;s Barrel Hockey Tournament\" \/>\n<meta property=\"og:description\" content=\"Registrujte sv\u016fj t\u00fdm na amat\u00e9rsk\u00fd mezin\u00e1rodn\u00ed hokejov\u00fd turnaj Pra\u017esk\u00fd soudek. M\u016f\u017eete vyb\u00edrat z n\u011bkolika term\u00edn\u016f.\" \/>\n<meta property=\"og:url\" content=\"https:\/\/hockey.praguesbarrel.eu\/cs\/registrace\/\" \/>\n<meta property=\"og:site_name\" content=\"Prague&#039;s Barrel Hockey Tournament\" \/>\n<meta property=\"article:publisher\" content=\"https:\/\/www.facebook.com\/PraguesBarrelTournaments\" \/>\n<meta property=\"article:modified_time\" content=\"2023-11-15T10:24:50+00:00\" \/>\n<meta property=\"og:image\" content=\"https:\/\/hockey.praguesbarrel.eu\/wp-content\/uploads\/2023\/11\/cena.jpeg\" \/>\n\t<meta property=\"og:image:width\" content=\"1832\" \/>\n\t<meta property=\"og:image:height\" content=\"1224\" \/>\n\t<meta property=\"og:image:type\" content=\"image\/jpeg\" \/>\n<meta name=\"twitter:label1\" content=\"Odhadovan\u00e1 doba \u010dten\u00ed\" \/>\n\t<meta name=\"twitter:data1\" content=\"1 minuta\" \/>\n<script type=\"application\/ld+json\" class=\"yoast-schema-graph\">{\"@context\":\"https:\/\/schema.org\",\"@graph\":[{\"@type\":\"WebPage\",\"@id\":\"https:\/\/hockey.praguesbarrel.eu\/cs\/registrace\/\",\"url\":\"https:\/\/hockey.praguesbarrel.eu\/cs\/registrace\/\",\"name\":\"Registrace - Prague&#039;s Barrel Hockey Tournament\",\"isPartOf\":{\"@id\":\"https:\/\/hockey.praguesbarrel.eu\/#website\"},\"primaryImageOfPage\":{\"@id\":\"https:\/\/hockey.praguesbarrel.eu\/cs\/registrace\/#primaryimage\"},\"image\":{\"@id\":\"https:\/\/hockey.praguesbarrel.eu\/cs\/registrace\/#primaryimage\"},\"thumbnailUrl\":\"https:\/\/hockey.praguesbarrel.eu\/wp-content\/uploads\/2023\/11\/cena.jpeg\",\"datePublished\":\"2014-10-12T20:27:14+00:00\",\"dateModified\":\"2023-11-15T10:24:50+00:00\",\"description\":\"Registrujte sv\u016fj t\u00fdm na amat\u00e9rsk\u00fd mezin\u00e1rodn\u00ed hokejov\u00fd turnaj Pra\u017esk\u00fd soudek. M\u016f\u017eete vyb\u00edrat z n\u011bkolika term\u00edn\u016f.\",\"breadcrumb\":{\"@id\":\"https:\/\/hockey.praguesbarrel.eu\/cs\/registrace\/#breadcrumb\"},\"inLanguage\":\"cs\",\"potentialAction\":[{\"@type\":\"ReadAction\",\"target\":[\"https:\/\/hockey.praguesbarrel.eu\/cs\/registrace\/\"]}]},{\"@type\":\"ImageObject\",\"inLanguage\":\"cs\",\"@id\":\"https:\/\/hockey.praguesbarrel.eu\/cs\/registrace\/#primaryimage\",\"url\":\"https:\/\/hockey.praguesbarrel.eu\/wp-content\/uploads\/2023\/11\/cena.jpeg\",\"contentUrl\":\"https:\/\/hockey.praguesbarrel.eu\/wp-content\/uploads\/2023\/11\/cena.jpeg\",\"width\":1832,\"height\":1224},{\"@type\":\"BreadcrumbList\",\"@id\":\"https:\/\/hockey.praguesbarrel.eu\/cs\/registrace\/#breadcrumb\",\"itemListElement\":[{\"@type\":\"ListItem\",\"position\":1,\"name\":\"Home\",\"item\":\"https:\/\/hockey.praguesbarrel.eu\/cs\/\"},{\"@type\":\"ListItem\",\"position\":2,\"name\":\"Registrace\"}]},{\"@type\":\"WebSite\",\"@id\":\"https:\/\/hockey.praguesbarrel.eu\/#website\",\"url\":\"https:\/\/hockey.praguesbarrel.eu\/\",\"name\":\"Prague&#039;s Barrel Hockey Tournament\",\"description\":\"Ice Hockey Tournament for amateur athletes\",\"publisher\":{\"@id\":\"https:\/\/hockey.praguesbarrel.eu\/#organization\"},\"potentialAction\":[{\"@type\":\"SearchAction\",\"target\":{\"@type\":\"EntryPoint\",\"urlTemplate\":\"https:\/\/hockey.praguesbarrel.eu\/?s={search_term_string}\"},\"query-input\":{\"@type\":\"PropertyValueSpecification\",\"valueRequired\":true,\"valueName\":\"search_term_string\"}}],\"inLanguage\":\"cs\"},{\"@type\":\"Organization\",\"@id\":\"https:\/\/hockey.praguesbarrel.eu\/#organization\",\"name\":\"Prague's Barrel\",\"url\":\"https:\/\/hockey.praguesbarrel.eu\/\",\"logo\":{\"@type\":\"ImageObject\",\"inLanguage\":\"cs\",\"@id\":\"https:\/\/hockey.praguesbarrel.eu\/#\/schema\/logo\/image\/\",\"url\":\"https:\/\/hockey.praguesbarrel.eu\/wp-content\/uploads\/2015\/07\/unimalej-2.jpg\",\"contentUrl\":\"https:\/\/hockey.praguesbarrel.eu\/wp-content\/uploads\/2015\/07\/unimalej-2.jpg\",\"width\":200,\"height\":200,\"caption\":\"Prague's Barrel\"},\"image\":{\"@id\":\"https:\/\/hockey.praguesbarrel.eu\/#\/schema\/logo\/image\/\"},\"sameAs\":[\"https:\/\/www.facebook.com\/PraguesBarrelTournaments\"]}]}<\/script>\n<!-- \/ Yoast SEO plugin. -->","yoast_head_json":{"title":"Registrace - Prague&#039;s Barrel Hockey Tournament","description":"Registrujte sv\u016fj t\u00fdm na amat\u00e9rsk\u00fd mezin\u00e1rodn\u00ed hokejov\u00fd turnaj Pra\u017esk\u00fd soudek. M\u016f\u017eete vyb\u00edrat z n\u011bkolika term\u00edn\u016f.","robots":{"index":"index","follow":"follow","max-snippet":"max-snippet:-1","max-image-preview":"max-image-preview:large","max-video-preview":"max-video-preview:-1"},"canonical":"https:\/\/hockey.praguesbarrel.eu\/cs\/registrace\/","og_locale":"cs_CZ","og_type":"article","og_title":"Registrace - Prague&#039;s Barrel Hockey Tournament","og_description":"Registrujte sv\u016fj t\u00fdm na amat\u00e9rsk\u00fd mezin\u00e1rodn\u00ed hokejov\u00fd turnaj Pra\u017esk\u00fd soudek. M\u016f\u017eete vyb\u00edrat z n\u011bkolika term\u00edn\u016f.","og_url":"https:\/\/hockey.praguesbarrel.eu\/cs\/registrace\/","og_site_name":"Prague&#039;s Barrel Hockey Tournament","article_publisher":"https:\/\/www.facebook.com\/PraguesBarrelTournaments","article_modified_time":"2023-11-15T10:24:50+00:00","og_image":[{"width":1832,"height":1224,"url":"https:\/\/hockey.praguesbarrel.eu\/wp-content\/uploads\/2023\/11\/cena.jpeg","type":"image\/jpeg"}],"twitter_misc":{"Odhadovan\u00e1 doba \u010dten\u00ed":"1 minuta"},"schema":{"@context":"https:\/\/schema.org","@graph":[{"@type":"WebPage","@id":"https:\/\/hockey.praguesbarrel.eu\/cs\/registrace\/","url":"https:\/\/hockey.praguesbarrel.eu\/cs\/registrace\/","name":"Registrace - Prague&#039;s Barrel Hockey Tournament","isPartOf":{"@id":"https:\/\/hockey.praguesbarrel.eu\/#website"},"primaryImageOfPage":{"@id":"https:\/\/hockey.praguesbarrel.eu\/cs\/registrace\/#primaryimage"},"image":{"@id":"https:\/\/hockey.praguesbarrel.eu\/cs\/registrace\/#primaryimage"},"thumbnailUrl":"https:\/\/hockey.praguesbarrel.eu\/wp-content\/uploads\/2023\/11\/cena.jpeg","datePublished":"2014-10-12T20:27:14+00:00","dateModified":"2023-11-15T10:24:50+00:00","description":"Registrujte sv\u016fj t\u00fdm na amat\u00e9rsk\u00fd mezin\u00e1rodn\u00ed hokejov\u00fd turnaj Pra\u017esk\u00fd soudek. M\u016f\u017eete vyb\u00edrat z n\u011bkolika term\u00edn\u016f.","breadcrumb":{"@id":"https:\/\/hockey.praguesbarrel.eu\/cs\/registrace\/#breadcrumb"},"inLanguage":"cs","potentialAction":[{"@type":"ReadAction","target":["https:\/\/hockey.praguesbarrel.eu\/cs\/registrace\/"]}]},{"@type":"ImageObject","inLanguage":"cs","@id":"https:\/\/hockey.praguesbarrel.eu\/cs\/registrace\/#primaryimage","url":"https:\/\/hockey.praguesbarrel.eu\/wp-content\/uploads\/2023\/11\/cena.jpeg","contentUrl":"https:\/\/hockey.praguesbarrel.eu\/wp-content\/uploads\/2023\/11\/cena.jpeg","width":1832,"height":1224},{"@type":"BreadcrumbList","@id":"https:\/\/hockey.praguesbarrel.eu\/cs\/registrace\/#breadcrumb","itemListElement":[{"@type":"ListItem","position":1,"name":"Home","item":"https:\/\/hockey.praguesbarrel.eu\/cs\/"},{"@type":"ListItem","position":2,"name":"Registrace"}]},{"@type":"WebSite","@id":"https:\/\/hockey.praguesbarrel.eu\/#website","url":"https:\/\/hockey.praguesbarrel.eu\/","name":"Prague&#039;s Barrel Hockey Tournament","description":"Ice Hockey Tournament for amateur athletes","publisher":{"@id":"https:\/\/hockey.praguesbarrel.eu\/#organization"},"potentialAction":[{"@type":"SearchAction","target":{"@type":"EntryPoint","urlTemplate":"https:\/\/hockey.praguesbarrel.eu\/?s={search_term_string}"},"query-input":{"@type":"PropertyValueSpecification","valueRequired":true,"valueName":"search_term_string"}}],"inLanguage":"cs"},{"@type":"Organization","@id":"https:\/\/hockey.praguesbarrel.eu\/#organization","name":"Prague's Barrel","url":"https:\/\/hockey.praguesbarrel.eu\/","logo":{"@type":"ImageObject","inLanguage":"cs","@id":"https:\/\/hockey.praguesbarrel.eu\/#\/schema\/logo\/image\/","url":"https:\/\/hockey.praguesbarrel.eu\/wp-content\/uploads\/2015\/07\/unimalej-2.jpg","contentUrl":"https:\/\/hockey.praguesbarrel.eu\/wp-content\/uploads\/2015\/07\/unimalej-2.jpg","width":200,"height":200,"caption":"Prague's Barrel"},"image":{"@id":"https:\/\/hockey.praguesbarrel.eu\/#\/schema\/logo\/image\/"},"sameAs":["https:\/\/www.facebook.com\/PraguesBarrelTournaments"]}]}},"_links":{"self":[{"href":"https:\/\/hockey.praguesbarrel.eu\/cs\/wp-json\/wp\/v2\/pages\/133","targetHints":{"allow":["GET"]}}],"collection":[{"href":"https:\/\/hockey.praguesbarrel.eu\/cs\/wp-json\/wp\/v2\/pages"}],"about":[{"href":"https:\/\/hockey.praguesbarrel.eu\/cs\/wp-json\/wp\/v2\/types\/page"}],"author":[{"embeddable":true,"href":"https:\/\/hockey.praguesbarrel.eu\/cs\/wp-json\/wp\/v2\/users\/3"}],"replies":[{"embeddable":true,"href":"https:\/\/hockey.praguesbarrel.eu\/cs\/wp-json\/wp\/v2\/comments?post=133"}],"version-history":[{"count":8,"href":"https:\/\/hockey.praguesbarrel.eu\/cs\/wp-json\/wp\/v2\/pages\/133\/revisions"}],"predecessor-version":[{"id":97465,"href":"https:\/\/hockey.praguesbarrel.eu\/cs\/wp-json\/wp\/v2\/pages\/133\/revisions\/97465"}],"wp:featuredmedia":[{"embeddable":true,"href":"https:\/\/hockey.praguesbarrel.eu\/cs\/wp-json\/wp\/v2\/media\/98001"}],"wp:attachment":[{"href":"https:\/\/hockey.praguesbarrel.eu\/cs\/wp-json\/wp\/v2\/media?parent=133"}],"curies":[{"name":"wp","href":"https:\/\/api.w.org\/{rel}","templated":true}]}}