{"id":6,"date":"2014-09-30T19:29:04","date_gmt":"2014-09-30T18:29:04","guid":{"rendered":"http:\/\/pbh.delab.cz\/?page_id=6"},"modified":"2026-04-08T21:28:55","modified_gmt":"2026-04-08T20:28:55","slug":"prazsky-soudek","status":"publish","type":"page","link":"https:\/\/hockey.praguesbarrel.eu\/cs\/","title":{"rendered":"Hokejov\u00e9 turnaje \u201eO pra\u017esk\u00fd soudek\u201d 2026"},"content":{"rendered":"<p><strong>Pra\u017esk\u00fd soudek na led\u011b<\/strong> \u2013 kde se potk\u00e1v\u00e1 hokej, pivo a p\u0159\u00e1telstv\u00ed v sam\u00e9m srdci Evropy. Jde o p\u0159\u00e1telsk\u00fd mezin\u00e1rodn\u00ed turnaj pro amat\u00e9rsk\u00e9 hr\u00e1\u010de v\u0161ech \u00farovn\u00ed \u2013 v\u00edkendov\u00e9 bojovn\u00edky ale i letit\u00e9 matadory. P\u0159ipojte se k n\u00e1m a za\u017eijte \u010dty\u0159i nezapomenuteln\u00e9 dny v Praze pln\u00e9 nap\u00ednav\u00fdch her, <strong>neomezen\u00e9ho piva<\/strong> a atmosf\u00e9ry, kterou mohou d\u00e1t dohromady jen t\u00fdmy z cel\u00e9ho sv\u011bta. Hrajte tvrd\u011b, fand\u011bte hlasit\u011b a my se postar\u00e1me o v\u0161echno ostatn\u00ed.<\/p>\n<p><a href=\"https:\/\/hockey.praguesbarrel.eu\/ppt\/\"><strong>Pod\u00edvejte se, co v\u00e1s tu \u010dek\u00e1 \u2013 4denn\u00ed p\u0159ehled toho nejd\u016fle\u017eit\u011bj\u0161\u00edho!<\/strong><\/a><\/p>\n<p data-start=\"1019\" data-end=\"1256\"><strong>23.\u201326. dubna 2026 | 21.\u201324. kv\u011btna 2026 | 3.\u20136. z\u00e1\u0159\u00ed 2026 | 5.\u20138. listopadu 2026 | 19.\u201322. listopadu 2026 | 18.\u201321. b\u0159ezna 2027 | 1.\u20134. dubna 2027 | 15.\u201318. dubna 2027 | 13.\u201316. kv\u011btna 2027<\/strong><\/p>\n<div class=\"button-row\"><a class=\"btn\" href=\"https:\/\/hockey.praguesbarrel.eu\/cs\/registrace\/\">Registrujte sv\u016fj t\u00fdm<br \/>\n<\/a><br \/>\n<a class=\"btn btn-inverted\" href=\"https:\/\/youtu.be\/D_8bueRdVTQ\">Video<\/a><br \/>\n<a class=\"btn btn-inverted\" href=\"https:\/\/hockey.praguesbarrel.eu\/cs\/prihlasene-tymy\/\">P\u0159ihl\u00e1\u0161en\u00e9 t\u00fdmy<\/a><\/div>\n","protected":false},"excerpt":{"rendered":"<p>Pra\u017esk\u00fd soudek na led\u011b \u2013 kde se potk\u00e1v\u00e1 hokej, pivo a p\u0159\u00e1telstv\u00ed v sam\u00e9m srdci Evropy. Jde o p\u0159\u00e1telsk\u00fd mezin\u00e1rodn\u00ed turnaj pro amat\u00e9rsk\u00e9 hr\u00e1\u010de v\u0161ech \u00farovn\u00ed \u2013 v\u00edkendov\u00e9 bojovn\u00edky ale i letit\u00e9 matadory. P\u0159ipojte se k n\u00e1m a za\u017eijte \u010dty\u0159i nezapomenuteln\u00e9 dny v Praze pln\u00e9 nap\u00ednav\u00fdch her, neomezen\u00e9ho piva a atmosf\u00e9ry, kterou mohou d\u00e1t dohromady&#8230;<\/p>\n","protected":false},"author":10,"featured_media":97995,"parent":0,"menu_order":0,"comment_status":"closed","ping_status":"closed","template":"templates\/homepage.php","meta":{"footnotes":""},"class_list":["post-6","page","type-page","status-publish","has-post-thumbnail","hentry"],"yoast_head":"<!-- This site is optimized with the Yoast SEO plugin v26.9 - https:\/\/yoast.com\/product\/yoast-seo-wordpress\/ -->\n<title>Hokejov\u00fd turnaj - O pra\u017esk\u00fd soudek<\/title>\n<meta name=\"description\" content=\"Mezin\u00e1rodn\u00ed amat\u00e9rsk\u00fd hokejov\u00fd turnaj O pra\u017esk\u00fd soudek je turnaj pln\u00fd nov\u00fdch p\u0159\u00e1telstv\u00ed, sportu, z\u00e1bavy a neomezen\u00e9ho piva. U\u017eijte si 4 dny s n\u00e1mi.\" \/>\n<meta name=\"robots\" content=\"index, follow, max-snippet:-1, max-image-preview:large, max-video-preview:-1\" \/>\n<link rel=\"canonical\" href=\"https:\/\/hockey.praguesbarrel.eu\/cs\/\" \/>\n<meta property=\"og:locale\" content=\"cs_CZ\" \/>\n<meta property=\"og:type\" content=\"article\" \/>\n<meta property=\"og:title\" content=\"Hokejov\u00fd turnaj - O pra\u017esk\u00fd soudek\" \/>\n<meta property=\"og:description\" content=\"Mezin\u00e1rodn\u00ed amat\u00e9rsk\u00fd hokejov\u00fd turnaj O pra\u017esk\u00fd soudek je turnaj pln\u00fd nov\u00fdch p\u0159\u00e1telstv\u00ed, sportu, z\u00e1bavy a neomezen\u00e9ho piva. U\u017eijte si 4 dny s n\u00e1mi.\" \/>\n<meta property=\"og:url\" content=\"https:\/\/hockey.praguesbarrel.eu\/cs\/\" \/>\n<meta property=\"og:site_name\" content=\"Prague&#039;s Barrel Hockey Tournament\" \/>\n<meta property=\"article:publisher\" content=\"https:\/\/www.facebook.com\/PraguesBarrelTournaments\" \/>\n<meta property=\"article:modified_time\" content=\"2026-04-08T20:28:55+00:00\" \/>\n<meta property=\"og:image\" content=\"https:\/\/hockey.praguesbarrel.eu\/wp-content\/uploads\/2023\/11\/turnaj.jpeg\" \/>\n\t<meta property=\"og:image:width\" content=\"1832\" \/>\n\t<meta property=\"og:image:height\" content=\"1224\" \/>\n\t<meta property=\"og:image:type\" content=\"image\/jpeg\" \/>\n<meta name=\"twitter:label1\" content=\"Odhadovan\u00e1 doba \u010dten\u00ed\" \/>\n\t<meta name=\"twitter:data1\" content=\"1 minuta\" \/>\n<script type=\"application\/ld+json\" class=\"yoast-schema-graph\">{\"@context\":\"https:\/\/schema.org\",\"@graph\":[{\"@type\":\"WebPage\",\"@id\":\"https:\/\/hockey.praguesbarrel.eu\/cs\/\",\"url\":\"https:\/\/hockey.praguesbarrel.eu\/cs\/\",\"name\":\"Hokejov\u00fd turnaj - O pra\u017esk\u00fd soudek\",\"isPartOf\":{\"@id\":\"https:\/\/hockey.praguesbarrel.eu\/#website\"},\"primaryImageOfPage\":{\"@id\":\"https:\/\/hockey.praguesbarrel.eu\/cs\/#primaryimage\"},\"image\":{\"@id\":\"https:\/\/hockey.praguesbarrel.eu\/cs\/#primaryimage\"},\"thumbnailUrl\":\"https:\/\/hockey.praguesbarrel.eu\/wp-content\/uploads\/2023\/11\/turnaj.jpeg\",\"datePublished\":\"2014-09-30T18:29:04+00:00\",\"dateModified\":\"2026-04-08T20:28:55+00:00\",\"description\":\"Mezin\u00e1rodn\u00ed amat\u00e9rsk\u00fd hokejov\u00fd turnaj O pra\u017esk\u00fd soudek je turnaj pln\u00fd nov\u00fdch p\u0159\u00e1telstv\u00ed, sportu, z\u00e1bavy a neomezen\u00e9ho piva. U\u017eijte si 4 dny s n\u00e1mi.\",\"breadcrumb\":{\"@id\":\"https:\/\/hockey.praguesbarrel.eu\/cs\/#breadcrumb\"},\"inLanguage\":\"cs\",\"potentialAction\":[{\"@type\":\"ReadAction\",\"target\":[\"https:\/\/hockey.praguesbarrel.eu\/cs\/\"]}]},{\"@type\":\"ImageObject\",\"inLanguage\":\"cs\",\"@id\":\"https:\/\/hockey.praguesbarrel.eu\/cs\/#primaryimage\",\"url\":\"https:\/\/hockey.praguesbarrel.eu\/wp-content\/uploads\/2023\/11\/turnaj.jpeg\",\"contentUrl\":\"https:\/\/hockey.praguesbarrel.eu\/wp-content\/uploads\/2023\/11\/turnaj.jpeg\",\"width\":1832,\"height\":1224},{\"@type\":\"BreadcrumbList\",\"@id\":\"https:\/\/hockey.praguesbarrel.eu\/cs\/#breadcrumb\",\"itemListElement\":[{\"@type\":\"ListItem\",\"position\":1,\"name\":\"Home\",\"item\":\"https:\/\/hockey.praguesbarrel.eu\/cs\/\"},{\"@type\":\"ListItem\",\"position\":2,\"name\":\"Hokejov\u00e9 turnaje \u201eO pra\u017esk\u00fd soudek\u201d 2026\"}]},{\"@type\":\"WebSite\",\"@id\":\"https:\/\/hockey.praguesbarrel.eu\/#website\",\"url\":\"https:\/\/hockey.praguesbarrel.eu\/\",\"name\":\"Prague&#039;s Barrel Hockey Tournament\",\"description\":\"Ice Hockey Tournament for amateur athletes\",\"publisher\":{\"@id\":\"https:\/\/hockey.praguesbarrel.eu\/#organization\"},\"potentialAction\":[{\"@type\":\"SearchAction\",\"target\":{\"@type\":\"EntryPoint\",\"urlTemplate\":\"https:\/\/hockey.praguesbarrel.eu\/?s={search_term_string}\"},\"query-input\":{\"@type\":\"PropertyValueSpecification\",\"valueRequired\":true,\"valueName\":\"search_term_string\"}}],\"inLanguage\":\"cs\"},{\"@type\":\"Organization\",\"@id\":\"https:\/\/hockey.praguesbarrel.eu\/#organization\",\"name\":\"Prague's Barrel\",\"url\":\"https:\/\/hockey.praguesbarrel.eu\/\",\"logo\":{\"@type\":\"ImageObject\",\"inLanguage\":\"cs\",\"@id\":\"https:\/\/hockey.praguesbarrel.eu\/#\/schema\/logo\/image\/\",\"url\":\"https:\/\/hockey.praguesbarrel.eu\/wp-content\/uploads\/2015\/07\/unimalej-2.jpg\",\"contentUrl\":\"https:\/\/hockey.praguesbarrel.eu\/wp-content\/uploads\/2015\/07\/unimalej-2.jpg\",\"width\":200,\"height\":200,\"caption\":\"Prague's Barrel\"},\"image\":{\"@id\":\"https:\/\/hockey.praguesbarrel.eu\/#\/schema\/logo\/image\/\"},\"sameAs\":[\"https:\/\/www.facebook.com\/PraguesBarrelTournaments\"]}]}<\/script>\n<!-- \/ Yoast SEO plugin. -->","yoast_head_json":{"title":"Hokejov\u00fd turnaj - O pra\u017esk\u00fd soudek","description":"Mezin\u00e1rodn\u00ed amat\u00e9rsk\u00fd hokejov\u00fd turnaj O pra\u017esk\u00fd soudek je turnaj pln\u00fd nov\u00fdch p\u0159\u00e1telstv\u00ed, sportu, z\u00e1bavy a neomezen\u00e9ho piva. U\u017eijte si 4 dny s n\u00e1mi.","robots":{"index":"index","follow":"follow","max-snippet":"max-snippet:-1","max-image-preview":"max-image-preview:large","max-video-preview":"max-video-preview:-1"},"canonical":"https:\/\/hockey.praguesbarrel.eu\/cs\/","og_locale":"cs_CZ","og_type":"article","og_title":"Hokejov\u00fd turnaj - O pra\u017esk\u00fd soudek","og_description":"Mezin\u00e1rodn\u00ed amat\u00e9rsk\u00fd hokejov\u00fd turnaj O pra\u017esk\u00fd soudek je turnaj pln\u00fd nov\u00fdch p\u0159\u00e1telstv\u00ed, sportu, z\u00e1bavy a neomezen\u00e9ho piva. U\u017eijte si 4 dny s n\u00e1mi.","og_url":"https:\/\/hockey.praguesbarrel.eu\/cs\/","og_site_name":"Prague&#039;s Barrel Hockey Tournament","article_publisher":"https:\/\/www.facebook.com\/PraguesBarrelTournaments","article_modified_time":"2026-04-08T20:28:55+00:00","og_image":[{"width":1832,"height":1224,"url":"https:\/\/hockey.praguesbarrel.eu\/wp-content\/uploads\/2023\/11\/turnaj.jpeg","type":"image\/jpeg"}],"twitter_misc":{"Odhadovan\u00e1 doba \u010dten\u00ed":"1 minuta"},"schema":{"@context":"https:\/\/schema.org","@graph":[{"@type":"WebPage","@id":"https:\/\/hockey.praguesbarrel.eu\/cs\/","url":"https:\/\/hockey.praguesbarrel.eu\/cs\/","name":"Hokejov\u00fd turnaj - O pra\u017esk\u00fd soudek","isPartOf":{"@id":"https:\/\/hockey.praguesbarrel.eu\/#website"},"primaryImageOfPage":{"@id":"https:\/\/hockey.praguesbarrel.eu\/cs\/#primaryimage"},"image":{"@id":"https:\/\/hockey.praguesbarrel.eu\/cs\/#primaryimage"},"thumbnailUrl":"https:\/\/hockey.praguesbarrel.eu\/wp-content\/uploads\/2023\/11\/turnaj.jpeg","datePublished":"2014-09-30T18:29:04+00:00","dateModified":"2026-04-08T20:28:55+00:00","description":"Mezin\u00e1rodn\u00ed amat\u00e9rsk\u00fd hokejov\u00fd turnaj O pra\u017esk\u00fd soudek je turnaj pln\u00fd nov\u00fdch p\u0159\u00e1telstv\u00ed, sportu, z\u00e1bavy a neomezen\u00e9ho piva. U\u017eijte si 4 dny s n\u00e1mi.","breadcrumb":{"@id":"https:\/\/hockey.praguesbarrel.eu\/cs\/#breadcrumb"},"inLanguage":"cs","potentialAction":[{"@type":"ReadAction","target":["https:\/\/hockey.praguesbarrel.eu\/cs\/"]}]},{"@type":"ImageObject","inLanguage":"cs","@id":"https:\/\/hockey.praguesbarrel.eu\/cs\/#primaryimage","url":"https:\/\/hockey.praguesbarrel.eu\/wp-content\/uploads\/2023\/11\/turnaj.jpeg","contentUrl":"https:\/\/hockey.praguesbarrel.eu\/wp-content\/uploads\/2023\/11\/turnaj.jpeg","width":1832,"height":1224},{"@type":"BreadcrumbList","@id":"https:\/\/hockey.praguesbarrel.eu\/cs\/#breadcrumb","itemListElement":[{"@type":"ListItem","position":1,"name":"Home","item":"https:\/\/hockey.praguesbarrel.eu\/cs\/"},{"@type":"ListItem","position":2,"name":"Hokejov\u00e9 turnaje \u201eO pra\u017esk\u00fd soudek\u201d 2026"}]},{"@type":"WebSite","@id":"https:\/\/hockey.praguesbarrel.eu\/#website","url":"https:\/\/hockey.praguesbarrel.eu\/","name":"Prague&#039;s Barrel Hockey Tournament","description":"Ice Hockey Tournament for amateur athletes","publisher":{"@id":"https:\/\/hockey.praguesbarrel.eu\/#organization"},"potentialAction":[{"@type":"SearchAction","target":{"@type":"EntryPoint","urlTemplate":"https:\/\/hockey.praguesbarrel.eu\/?s={search_term_string}"},"query-input":{"@type":"PropertyValueSpecification","valueRequired":true,"valueName":"search_term_string"}}],"inLanguage":"cs"},{"@type":"Organization","@id":"https:\/\/hockey.praguesbarrel.eu\/#organization","name":"Prague's Barrel","url":"https:\/\/hockey.praguesbarrel.eu\/","logo":{"@type":"ImageObject","inLanguage":"cs","@id":"https:\/\/hockey.praguesbarrel.eu\/#\/schema\/logo\/image\/","url":"https:\/\/hockey.praguesbarrel.eu\/wp-content\/uploads\/2015\/07\/unimalej-2.jpg","contentUrl":"https:\/\/hockey.praguesbarrel.eu\/wp-content\/uploads\/2015\/07\/unimalej-2.jpg","width":200,"height":200,"caption":"Prague's Barrel"},"image":{"@id":"https:\/\/hockey.praguesbarrel.eu\/#\/schema\/logo\/image\/"},"sameAs":["https:\/\/www.facebook.com\/PraguesBarrelTournaments"]}]}},"_links":{"self":[{"href":"https:\/\/hockey.praguesbarrel.eu\/cs\/wp-json\/wp\/v2\/pages\/6","targetHints":{"allow":["GET"]}}],"collection":[{"href":"https:\/\/hockey.praguesbarrel.eu\/cs\/wp-json\/wp\/v2\/pages"}],"about":[{"href":"https:\/\/hockey.praguesbarrel.eu\/cs\/wp-json\/wp\/v2\/types\/page"}],"author":[{"embeddable":true,"href":"https:\/\/hockey.praguesbarrel.eu\/cs\/wp-json\/wp\/v2\/users\/10"}],"replies":[{"embeddable":true,"href":"https:\/\/hockey.praguesbarrel.eu\/cs\/wp-json\/wp\/v2\/comments?post=6"}],"version-history":[{"count":113,"href":"https:\/\/hockey.praguesbarrel.eu\/cs\/wp-json\/wp\/v2\/pages\/6\/revisions"}],"predecessor-version":[{"id":100198,"href":"https:\/\/hockey.praguesbarrel.eu\/cs\/wp-json\/wp\/v2\/pages\/6\/revisions\/100198"}],"wp:featuredmedia":[{"embeddable":true,"href":"https:\/\/hockey.praguesbarrel.eu\/cs\/wp-json\/wp\/v2\/media\/97995"}],"wp:attachment":[{"href":"https:\/\/hockey.praguesbarrel.eu\/cs\/wp-json\/wp\/v2\/media?parent=6"}],"curies":[{"name":"wp","href":"https:\/\/api.w.org\/{rel}","templated":true}]}}