{"id":79,"date":"2014-10-01T20:45:29","date_gmt":"2014-10-01T19:45:29","guid":{"rendered":"http:\/\/pbh.delab.cz\/?page_id=79"},"modified":"2025-11-27T19:57:24","modified_gmt":"2025-11-27T18:57:24","slug":"ubytovani","status":"publish","type":"page","link":"https:\/\/hockey.praguesbarrel.eu\/cs\/cena\/ubytovani\/","title":{"rendered":"Ubytov\u00e1n\u00ed"},"content":{"rendered":"<p>Organiz\u00e1to\u0159i hokejov\u00e9ho turnaje pro v\u00e1s p\u0159ipravili v\u00fdb\u011br hotel\u016f v dobr\u00e9 lokalit\u011b, aby byl v\u00e1\u0161 pobyt stejn\u011b p\u0159\u00edjemn\u00fd jako \u010das str\u00e1ven\u00fd na led\u011b. Po dni pln\u00e9m z\u00e1pas\u016f a studen\u00e9ho piva si budete moci pohodln\u011b odpo\u010dinout, na\u010derpat energii se sv\u00fdmi spoluhr\u00e1\u010di a p\u0159ipravit se na dal\u0161\u00ed kolo hokeje a z\u00e1bavy ve stov\u011b\u017eat\u00e9 Praze.<\/p>\n<div class=\"ytvideo-wrapper\"><iframe loading=\"lazy\" src=\"https:\/\/www.google.com\/maps\/d\/u\/1\/embed?mid=1ildyuzys6788hdPLY-C0zE6l8KY\" width=\"640\" height=\"480\"><\/iframe><\/div>\n<h3>Adria ****<\/h3>\n<p>Pokud preferujete ubytov\u00e1n\u00ed v centru, nab\u00edz\u00ed v\u00e1m \u010dty\u0159hv\u011bzdi\u010dkov\u00fd hotel Adria p\u0159\u00edmo na V\u00e1clavsk\u00e9m n\u00e1m\u011bst\u00ed. Tento hotel m\u00e1 v\u00edce ne\u017e stoletou historii, m\u00e1 elegantn\u011b vybaven\u00e9 interi\u00e9ry a p\u0159\u00e1telskou atmosf\u00e9ru. Jeho nejv\u011bt\u0161\u00ed p\u00fdchou je stalaktitov\u00e1 restaurace ve stylu art-deco Triton, kter\u00e1 je vybavena origin\u00e1ln\u00edm n\u00e1bytkem z roku 1912. V\u0161echny historick\u00e9 poklady Prahy jsou v doch\u00e1zkov\u00e9 vzd\u00e1lenosti od hotelu, stejn\u011b tak jako luxusn\u00ed butiky. Hotel je dr\u017eitelem ekologick\u00e9 zna\u010dky EU. <a href=\"https:\/\/hockey.praguesbarrel.eu\/cs\/adria\/\">Fotogalerie<\/a><\/p>\n<h3>ambassador *****<\/h3>\n<p>Hotel Ambassador se nach\u00e1z\u00ed v doln\u00ed \u010d\u00e1sti V\u00e1clavsk\u00e9ho n\u00e1m\u011bst\u00ed, 5 minut ch\u016fze od Starom\u011bstsk\u00e9ho n\u00e1m\u011bst\u00ed. Pokoje (alespo\u0148 25 m2) jsou vybaveny v secesn\u00edm stylu n\u00e1bytku a dekorac\u00ed. V\u0161echny mramorov\u00e9 koupelny jsou prostorn\u00e9 a vybaven\u00e9 hydromas\u00e1\u017en\u00ed vanou a sprchou. V\u0161echny pokoje jsou vybaveny TV s plochou obrazovkou a s r\u016fzn\u00fdmi satelitn\u00edmi programy, trezorem, minibarem a Wi-Fi. M\u016f\u017eete si tak\u00e9 odpo\u010dinout ve Wellness klubu, kter\u00fd nab\u00edz\u00ed \u0161irokou \u0161k\u00e1lu thajsk\u00fdch a \u00e1jurv\u00e9dsk\u00e9 mas\u00e1\u017e\u00ed, z\u00e1baly a r\u016fzn\u00e9 speci\u00e1ln\u00ed mas\u00e1\u017ee jako medov\u00e9, \u010dokol\u00e1dov\u00e9 nebo \u010dakra kamenn\u00e9 mas\u00e1\u017ee. <a href=\"https:\/\/hockey.praguesbarrel.eu\/cs\/ambassador\/\">Fotogalerie<\/a><\/p>\n<h3>ambiance ****<\/h3>\n<p>V hotelu Ambiance, nov\u011b zrekonstruovan\u00e9 budov\u011b z 19. stolet\u00ed, vyb\u00edrejte z 99 komfortn\u011b za\u0159\u00edzen\u00fdch pokoj\u016f s 1, 2 a 3 l\u016f\u017eky. Ve v\u0161ech je mo\u017enost p\u0159ist\u00fdlky, individu\u00e1ln\u011b nastaviteln\u00e1 klimatizace, trezor, bezplatn\u00e9 Wi-Fi p\u0159ipojen\u00ed, LCD TV se satelitn\u00edm p\u0159\u00edjmem a telefon. Koupelny jsou vybaveny vanou nebo sprchov\u00fdm koutem a vysou\u0161e\u010dem vlas\u016f. Cel\u00e9 za\u0159\u00edzen\u00ed je neku\u0159\u00e1ck\u00e9. Parkov\u00e1n\u00ed je mo\u017en\u00e9 v bl\u00edzk\u00e9m hotelu Superior. <a href=\"https:\/\/hockey.praguesbarrel.eu\/ambiance\/\">Fotogalerie<\/a><\/p>\n<h3>amigo ****<\/h3>\n<p>\u010cty\u0159 hv\u011bzdi\u010dkov\u00fd hotel Amigo je elegantn\u00ed neorenesan\u010dn\u00ed hotel nach\u00e1zej\u00edc\u00ed se na Praze 2 se v\u0161udyp\u0159\u00edtomn\u00fdmi zlat\u00fdmi prvky. Je skv\u011ble um\u00edst\u011bn v p\u0159\u00edm\u00e9 bl\u00edzkosti hospod, restaurac\u00ed a minimarket\u016f. P\u011b\u0161ky se dostanete na V\u00e1clavsk\u00e9 n\u00e1m\u011bst\u00ed zhruba za 20 min, v bl\u00edzkosti jsou tak\u00e9 kluby jako Retro, Radost FX nebo La Mirage (10 min p\u011b\u0161ky). Pokoje jsou prostorn\u00e9 a jsou vybaven\u00e9 televiz\u00ed, klimatizac\u00ed a trezorem. V koupeln\u00e1ch maj\u00ed sprchov\u00fd kout, vana je pouze v pokoj\u00edch Junior Suite. Na vy\u017e\u00e1d\u00e1n\u00ed dostanete zdarma na recepci \u017eupan, kart\u00e1\u010dek, set na holen\u00ed, koupac\u00ed \u010depici a pantofle stejn\u011b tak jako m\u016f\u017eete za\u017e\u00e1dat o \u017eehlen\u00ed sv\u00e9ho oble\u010den\u00ed. Heslo na Wi-fi je k dost\u00e1n\u00ed tak\u00e9 na recepci. Zdarma si na pokoji m\u016f\u017eete tak\u00e9 ud\u011blat k\u00e1vu nebo \u010daj. Odpo\u010dinout si m\u016f\u017eete na zahradn\u00ed terase. <a href=\"https:\/\/hockey.praguesbarrel.eu\/amigo\/\">Fotogalerie<\/a><\/p>\n<h3>juli\u0161 ****<\/h3>\n<p>Hotel Juli\u0161 se nach\u00e1z\u00ed v sam\u00e9m srdci Prahy, na V\u00e1clavsk\u00e9m n\u00e1m\u011bst\u00ed. Pobyt si u\u017eijete nejen d\u00edky kr\u00e1sn\u00e9mu v\u00fdhledu, ale i d\u00edky komfortn\u011b vybaven\u00fdm pokoj\u016fm, kter\u00e9 jsou modern\u00ed, pohodln\u00e9 a v ka\u017ed\u00e9m z nich je k dispozici vlastn\u00ed kuchy\u0148sk\u00fd kout. D\u00edky um\u00edst\u011bn\u00ed pokoj\u016f ve t\u0159et\u00edm a\u017e osm\u00e9m pat\u0159e maj\u00ed host\u00e9 n\u00e1dhern\u00fd v\u00fdhled. K dispozici host\u016fm za p\u0159\u00edplatek je fitness centrum a vnit\u0159n\u00ed baz\u00e9n a sauna. Parkov\u00e1n\u00ed je k dispozici. <a href=\"https:\/\/hockey.praguesbarrel.eu\/julis\/\">Fotogalerie<\/a><\/p>\n<h3>louis leger ***+<\/h3>\n<p>Louis Leger je modern\u00ed hotel po rekonstrukci s barevn\u00fdmi pokoji na Vinohradech. Nach\u00e1z\u00ed se 15 minut p\u011b\u0161ky od V\u00e1clavsk\u00e9ho n\u00e1m\u011bst\u00ed. Praha 2 Vinohrady je jednou s nej\u0161armantn\u011bj\u0161\u00edch \u010dtvrt\u00ed v Praze pln\u00e1 hospod, kav\u00e1ren a klub\u016f. Pokoje jsou vybaveny sprchov\u00fdm koutem a satelitn\u00ed TV, Wi-Fi je zdarma v cel\u00e9m hotelu. Parkovac\u00ed m\u00edsta jsou k dispozici. <a href=\"https:\/\/hockey.praguesbarrel.eu\/louis-leger\/\">Fotogalerie<\/a><\/p>\n<h3>prague centre plaza ***<\/h3>\n<p>P\u011bkn\u00fd hotel v pra\u017esk\u00e9 \u010dtvrti Vinohrady, kter\u00e1 je jednou z nejv\u00edce m\u00f3dn\u00edch \u010dtvrt\u00ed dne\u0161ka v Praze. Za 12 minut p\u011b\u0161ky se dostanete na V\u00e1clavsk\u00e9 n\u00e1m\u011bst\u00ed, kde v\u00e1\u0161 ve\u010dern\u00ed program napln\u00ed spousta bar\u016f a klub\u016f. Po n\u00e1ro\u010dn\u00e9m dni si m\u016f\u017eete odpo\u010dinout v saun\u011b, v\u00ed\u0159ivce nebo unik\u00e1tn\u00ed pivn\u00ed l\u00e1zni Bernard. Pokoje jsou vybaveny sprchov\u00fdm koutem a satelitn\u00ed TV, Wi-Fi je zdarma v cel\u00e9m hotelu. <a href=\"https:\/\/hockey.praguesbarrel.eu\/cs\/prague-centre-plaza\/\">Fotogalerie<\/a><\/p>\n<h3>ramada ****<\/h3>\n<p>Hotel Ramada se nach\u00e1z\u00ed v centru m\u011bsta, p\u0159\u00edmo na V\u00e1clavsk\u00e9m n\u00e1m\u011bst\u00ed, kde m\u016f\u017eete naj\u00edt spoustu restaurac\u00ed, bar\u016f, klub\u016f i obchod\u016f. Hotel je bezbari\u00e9rov\u00fd a neku\u0159\u00e1ck\u00fd, nab\u00edz\u00ed Wi-Fi zdarma. Hotel byl citliv\u011b rekonstruov\u00e1n, nab\u00edz\u00ed prostorn\u00e9 a pohodln\u00e9 pokoje s modern\u00edm designem. Pokoje maj\u00ed ledni\u010dku, LCD televizi, trezor, varnou konvici a sprchov\u00fd kout (v n\u011bkter\u00fdch pokoj\u00edch je vana). Parkov\u00e1n\u00ed je k dispozici p\u0159\u00edmo v hotelu za dodate\u010dn\u00fd poplatek. Fitness centrum, vnit\u0159n\u00ed vyh\u0159\u00edvan\u00fd baz\u00e9n a sauna se nach\u00e1zej\u00ed v bl\u00edzkosti hotelu. <a href=\"https:\/\/hockey.praguesbarrel.eu\/ramada\/\">Fotogalerie<\/a><\/p>\n<h3>rokoko ****<\/h3>\n<p>Hotel Rokoko najdete v pal\u00e1ci Rokoko, kter\u00fd je chr\u00e1n\u011bnou pam\u00e1tkou, p\u0159\u00edmo na V\u00e1clavsk\u00e9m n\u00e1m\u011bst\u00ed. Parkov\u00e1n\u00ed m\u00e1 hotel zaji\u0161t\u011bno na bl\u00edzk\u00e9m parkovi\u0161ti. Hotel nab\u00edz\u00ed luxusn\u00ed ubytov\u00e1n\u00ed ve sv\u011btl\u00fdch a elegantn\u00edch pokoj\u00edch, z pokoj\u016f ve vy\u0161\u0161\u00edch patrech budete m\u00edt kr\u00e1sn\u00fd v\u00fdhled na historick\u00e9 centrum Prahy. Sn\u00eddan\u011b se pod\u00e1v\u00e1 ve vedlej\u0161\u00ed budov\u011b. Pokoje maj\u00ed klimatizaci, bezplatnou Wi-Fi, LCD Tv, set na \u010daj a k\u00e1vu, trezor a vanu nebo sprchov\u00fd kout. <a href=\"https:\/\/hockey.praguesbarrel.eu\/rokoko\/\">Fotogalerie<\/a><\/p>\n<h3>ST. GEORGE ***<\/h3>\n<p>Hotel St. George se nach\u00e1z\u00ed v centru m\u011bsta bl\u00edzko stanice metra I.P.Pavlova a cca 15 minut ch\u016fze od V\u00e1clavsk\u00e9ho n\u00e1m\u011bst\u00ed. V okol\u00ed jsou dob\u0159e dostupn\u00e9 restaurace, hospody a bary. Pokoje jsou vybaveny sejfem, minibarem, Tv a klimatizac\u00ed. Pokoje nab\u00edz\u00ed vanu nebo sprchu. V hotelu je k dispozici lobby bar s terasou, kule\u010dn\u00edk a l\u00e1zn\u011b se saunou a jacuzzi. Wi-Fi je k dispozici v cel\u00e9m hotelu. <a href=\"https:\/\/hockey.praguesbarrel.eu\/st-george\/\">Fotogalerie<\/a><\/p>\n<h3>SUPERIOR ****<\/h3>\n<p>Hotel Superior se nach\u00e1z\u00ed v centru m\u011bsta, jen 5 minut ch\u016fze od V\u00e1clavsk\u00e9ho n\u00e1m\u011bst\u00ed. V l\u00e9t\u011b m\u016f\u017eete vyu\u017e\u00edt kr\u00e1sn\u00e9 venkovn\u00ed zahrady, cel\u00fd rok se pak m\u016f\u017eete vyh\u0159\u00e1t v saun\u011b, v\u00ed\u0159ivce nebo zaj\u00edt na klasickou mas\u00e1\u017e nebo mas\u00e1\u017e hork\u00fdmi kameny. V\u0161echny pokoje nab\u00edz\u00ed TV, telefon, konvici, f\u00e9n, minibar, vlastn\u00ed koupelnu a dal\u0161\u00ed. Klienti hotelu tak\u00e9 mohou vyu\u017e\u00edt podzemn\u00edho parkov\u00e1n\u00ed. <a href=\"https:\/\/hockey.praguesbarrel.eu\/prague-centre-superior\/\">Fotogalerie<\/a><\/p>\n","protected":false},"excerpt":{"rendered":"<p>Organiz\u00e1to\u0159i hokejov\u00e9ho turnaje pro v\u00e1s p\u0159ipravili v\u00fdb\u011br hotel\u016f v dobr\u00e9 lokalit\u011b, aby byl v\u00e1\u0161 pobyt stejn\u011b p\u0159\u00edjemn\u00fd jako \u010das str\u00e1ven\u00fd na led\u011b. Po dni pln\u00e9m z\u00e1pas\u016f a studen\u00e9ho piva si budete moci pohodln\u011b odpo\u010dinout, na\u010derpat energii se sv\u00fdmi spoluhr\u00e1\u010di a p\u0159ipravit se na dal\u0161\u00ed kolo hokeje a z\u00e1bavy ve stov\u011b\u017eat\u00e9 Praze. Adria **** Pokud preferujete&#8230;<\/p>\n","protected":false},"author":10,"featured_media":53384,"parent":8,"menu_order":0,"comment_status":"closed","ping_status":"closed","template":"","meta":{"footnotes":""},"class_list":["post-79","page","type-page","status-publish","has-post-thumbnail","hentry"],"yoast_head":"<!-- This site is optimized with the Yoast SEO plugin v26.9 - https:\/\/yoast.com\/product\/yoast-seo-wordpress\/ -->\n<title>Ubytov\u00e1n\u00ed - Prague&#039;s Barrel Hockey Tournament<\/title>\n<meta name=\"description\" content=\"Organiz\u00e1to\u0159i hokejov\u00e9ho turnaje pro v\u00e1s p\u0159ipravili n\u011bkolik druh\u016f ubytov\u00e1n\u00ed \u2013 od ekonomick\u00fdch variant po dra\u017e\u0161\u00ed hotely p\u0159\u00edmo v centru Prahy.\" \/>\n<meta name=\"robots\" content=\"index, follow, max-snippet:-1, max-image-preview:large, max-video-preview:-1\" \/>\n<link rel=\"canonical\" href=\"https:\/\/hockey.praguesbarrel.eu\/cs\/cena\/ubytovani\/\" \/>\n<meta property=\"og:locale\" content=\"cs_CZ\" \/>\n<meta property=\"og:type\" content=\"article\" \/>\n<meta property=\"og:title\" content=\"Ubytov\u00e1n\u00ed - Prague&#039;s Barrel Hockey Tournament\" \/>\n<meta property=\"og:description\" content=\"Organiz\u00e1to\u0159i hokejov\u00e9ho turnaje pro v\u00e1s p\u0159ipravili n\u011bkolik druh\u016f ubytov\u00e1n\u00ed \u2013 od ekonomick\u00fdch variant po dra\u017e\u0161\u00ed hotely p\u0159\u00edmo v centru Prahy.\" \/>\n<meta property=\"og:url\" content=\"https:\/\/hockey.praguesbarrel.eu\/cs\/cena\/ubytovani\/\" \/>\n<meta property=\"og:site_name\" content=\"Prague&#039;s Barrel Hockey Tournament\" \/>\n<meta property=\"article:publisher\" content=\"https:\/\/www.facebook.com\/PraguesBarrelTournaments\" \/>\n<meta property=\"article:modified_time\" content=\"2025-11-27T18:57:24+00:00\" \/>\n<meta property=\"og:image\" content=\"https:\/\/hockey.praguesbarrel.eu\/wp-content\/uploads\/2014\/10\/adria.jpeg\" \/>\n\t<meta property=\"og:image:width\" content=\"640\" \/>\n\t<meta property=\"og:image:height\" content=\"440\" \/>\n\t<meta property=\"og:image:type\" content=\"image\/jpeg\" \/>\n<meta name=\"twitter:label1\" content=\"Odhadovan\u00e1 doba \u010dten\u00ed\" \/>\n\t<meta name=\"twitter:data1\" content=\"5 minut\" \/>\n<script type=\"application\/ld+json\" class=\"yoast-schema-graph\">{\"@context\":\"https:\/\/schema.org\",\"@graph\":[{\"@type\":\"WebPage\",\"@id\":\"https:\/\/hockey.praguesbarrel.eu\/cs\/cena\/ubytovani\/\",\"url\":\"https:\/\/hockey.praguesbarrel.eu\/cs\/cena\/ubytovani\/\",\"name\":\"Ubytov\u00e1n\u00ed - Prague&#039;s Barrel Hockey Tournament\",\"isPartOf\":{\"@id\":\"https:\/\/hockey.praguesbarrel.eu\/#website\"},\"primaryImageOfPage\":{\"@id\":\"https:\/\/hockey.praguesbarrel.eu\/cs\/cena\/ubytovani\/#primaryimage\"},\"image\":{\"@id\":\"https:\/\/hockey.praguesbarrel.eu\/cs\/cena\/ubytovani\/#primaryimage\"},\"thumbnailUrl\":\"https:\/\/hockey.praguesbarrel.eu\/wp-content\/uploads\/2014\/10\/adria.jpeg\",\"datePublished\":\"2014-10-01T19:45:29+00:00\",\"dateModified\":\"2025-11-27T18:57:24+00:00\",\"description\":\"Organiz\u00e1to\u0159i hokejov\u00e9ho turnaje pro v\u00e1s p\u0159ipravili n\u011bkolik druh\u016f ubytov\u00e1n\u00ed \u2013 od ekonomick\u00fdch variant po dra\u017e\u0161\u00ed hotely p\u0159\u00edmo v centru Prahy.\",\"breadcrumb\":{\"@id\":\"https:\/\/hockey.praguesbarrel.eu\/cs\/cena\/ubytovani\/#breadcrumb\"},\"inLanguage\":\"cs\",\"potentialAction\":[{\"@type\":\"ReadAction\",\"target\":[\"https:\/\/hockey.praguesbarrel.eu\/cs\/cena\/ubytovani\/\"]}]},{\"@type\":\"ImageObject\",\"inLanguage\":\"cs\",\"@id\":\"https:\/\/hockey.praguesbarrel.eu\/cs\/cena\/ubytovani\/#primaryimage\",\"url\":\"https:\/\/hockey.praguesbarrel.eu\/wp-content\/uploads\/2014\/10\/adria.jpeg\",\"contentUrl\":\"https:\/\/hockey.praguesbarrel.eu\/wp-content\/uploads\/2014\/10\/adria.jpeg\",\"width\":640,\"height\":440},{\"@type\":\"BreadcrumbList\",\"@id\":\"https:\/\/hockey.praguesbarrel.eu\/cs\/cena\/ubytovani\/#breadcrumb\",\"itemListElement\":[{\"@type\":\"ListItem\",\"position\":1,\"name\":\"Home\",\"item\":\"https:\/\/hockey.praguesbarrel.eu\/cs\/\"},{\"@type\":\"ListItem\",\"position\":2,\"name\":\"Cena\",\"item\":\"https:\/\/hockey.praguesbarrel.eu\/cs\/cena\/\"},{\"@type\":\"ListItem\",\"position\":3,\"name\":\"Ubytov\u00e1n\u00ed\"}]},{\"@type\":\"WebSite\",\"@id\":\"https:\/\/hockey.praguesbarrel.eu\/#website\",\"url\":\"https:\/\/hockey.praguesbarrel.eu\/\",\"name\":\"Prague&#039;s Barrel Hockey Tournament\",\"description\":\"Ice Hockey Tournament for amateur athletes\",\"publisher\":{\"@id\":\"https:\/\/hockey.praguesbarrel.eu\/#organization\"},\"potentialAction\":[{\"@type\":\"SearchAction\",\"target\":{\"@type\":\"EntryPoint\",\"urlTemplate\":\"https:\/\/hockey.praguesbarrel.eu\/?s={search_term_string}\"},\"query-input\":{\"@type\":\"PropertyValueSpecification\",\"valueRequired\":true,\"valueName\":\"search_term_string\"}}],\"inLanguage\":\"cs\"},{\"@type\":\"Organization\",\"@id\":\"https:\/\/hockey.praguesbarrel.eu\/#organization\",\"name\":\"Prague's Barrel\",\"url\":\"https:\/\/hockey.praguesbarrel.eu\/\",\"logo\":{\"@type\":\"ImageObject\",\"inLanguage\":\"cs\",\"@id\":\"https:\/\/hockey.praguesbarrel.eu\/#\/schema\/logo\/image\/\",\"url\":\"https:\/\/hockey.praguesbarrel.eu\/wp-content\/uploads\/2015\/07\/unimalej-2.jpg\",\"contentUrl\":\"https:\/\/hockey.praguesbarrel.eu\/wp-content\/uploads\/2015\/07\/unimalej-2.jpg\",\"width\":200,\"height\":200,\"caption\":\"Prague's Barrel\"},\"image\":{\"@id\":\"https:\/\/hockey.praguesbarrel.eu\/#\/schema\/logo\/image\/\"},\"sameAs\":[\"https:\/\/www.facebook.com\/PraguesBarrelTournaments\"]}]}<\/script>\n<!-- \/ Yoast SEO plugin. -->","yoast_head_json":{"title":"Ubytov\u00e1n\u00ed - Prague&#039;s Barrel Hockey Tournament","description":"Organiz\u00e1to\u0159i hokejov\u00e9ho turnaje pro v\u00e1s p\u0159ipravili n\u011bkolik druh\u016f ubytov\u00e1n\u00ed \u2013 od ekonomick\u00fdch variant po dra\u017e\u0161\u00ed hotely p\u0159\u00edmo v centru Prahy.","robots":{"index":"index","follow":"follow","max-snippet":"max-snippet:-1","max-image-preview":"max-image-preview:large","max-video-preview":"max-video-preview:-1"},"canonical":"https:\/\/hockey.praguesbarrel.eu\/cs\/cena\/ubytovani\/","og_locale":"cs_CZ","og_type":"article","og_title":"Ubytov\u00e1n\u00ed - Prague&#039;s Barrel Hockey Tournament","og_description":"Organiz\u00e1to\u0159i hokejov\u00e9ho turnaje pro v\u00e1s p\u0159ipravili n\u011bkolik druh\u016f ubytov\u00e1n\u00ed \u2013 od ekonomick\u00fdch variant po dra\u017e\u0161\u00ed hotely p\u0159\u00edmo v centru Prahy.","og_url":"https:\/\/hockey.praguesbarrel.eu\/cs\/cena\/ubytovani\/","og_site_name":"Prague&#039;s Barrel Hockey Tournament","article_publisher":"https:\/\/www.facebook.com\/PraguesBarrelTournaments","article_modified_time":"2025-11-27T18:57:24+00:00","og_image":[{"width":640,"height":440,"url":"https:\/\/hockey.praguesbarrel.eu\/wp-content\/uploads\/2014\/10\/adria.jpeg","type":"image\/jpeg"}],"twitter_misc":{"Odhadovan\u00e1 doba \u010dten\u00ed":"5 minut"},"schema":{"@context":"https:\/\/schema.org","@graph":[{"@type":"WebPage","@id":"https:\/\/hockey.praguesbarrel.eu\/cs\/cena\/ubytovani\/","url":"https:\/\/hockey.praguesbarrel.eu\/cs\/cena\/ubytovani\/","name":"Ubytov\u00e1n\u00ed - Prague&#039;s Barrel Hockey Tournament","isPartOf":{"@id":"https:\/\/hockey.praguesbarrel.eu\/#website"},"primaryImageOfPage":{"@id":"https:\/\/hockey.praguesbarrel.eu\/cs\/cena\/ubytovani\/#primaryimage"},"image":{"@id":"https:\/\/hockey.praguesbarrel.eu\/cs\/cena\/ubytovani\/#primaryimage"},"thumbnailUrl":"https:\/\/hockey.praguesbarrel.eu\/wp-content\/uploads\/2014\/10\/adria.jpeg","datePublished":"2014-10-01T19:45:29+00:00","dateModified":"2025-11-27T18:57:24+00:00","description":"Organiz\u00e1to\u0159i hokejov\u00e9ho turnaje pro v\u00e1s p\u0159ipravili n\u011bkolik druh\u016f ubytov\u00e1n\u00ed \u2013 od ekonomick\u00fdch variant po dra\u017e\u0161\u00ed hotely p\u0159\u00edmo v centru Prahy.","breadcrumb":{"@id":"https:\/\/hockey.praguesbarrel.eu\/cs\/cena\/ubytovani\/#breadcrumb"},"inLanguage":"cs","potentialAction":[{"@type":"ReadAction","target":["https:\/\/hockey.praguesbarrel.eu\/cs\/cena\/ubytovani\/"]}]},{"@type":"ImageObject","inLanguage":"cs","@id":"https:\/\/hockey.praguesbarrel.eu\/cs\/cena\/ubytovani\/#primaryimage","url":"https:\/\/hockey.praguesbarrel.eu\/wp-content\/uploads\/2014\/10\/adria.jpeg","contentUrl":"https:\/\/hockey.praguesbarrel.eu\/wp-content\/uploads\/2014\/10\/adria.jpeg","width":640,"height":440},{"@type":"BreadcrumbList","@id":"https:\/\/hockey.praguesbarrel.eu\/cs\/cena\/ubytovani\/#breadcrumb","itemListElement":[{"@type":"ListItem","position":1,"name":"Home","item":"https:\/\/hockey.praguesbarrel.eu\/cs\/"},{"@type":"ListItem","position":2,"name":"Cena","item":"https:\/\/hockey.praguesbarrel.eu\/cs\/cena\/"},{"@type":"ListItem","position":3,"name":"Ubytov\u00e1n\u00ed"}]},{"@type":"WebSite","@id":"https:\/\/hockey.praguesbarrel.eu\/#website","url":"https:\/\/hockey.praguesbarrel.eu\/","name":"Prague&#039;s Barrel Hockey Tournament","description":"Ice Hockey Tournament for amateur athletes","publisher":{"@id":"https:\/\/hockey.praguesbarrel.eu\/#organization"},"potentialAction":[{"@type":"SearchAction","target":{"@type":"EntryPoint","urlTemplate":"https:\/\/hockey.praguesbarrel.eu\/?s={search_term_string}"},"query-input":{"@type":"PropertyValueSpecification","valueRequired":true,"valueName":"search_term_string"}}],"inLanguage":"cs"},{"@type":"Organization","@id":"https:\/\/hockey.praguesbarrel.eu\/#organization","name":"Prague's Barrel","url":"https:\/\/hockey.praguesbarrel.eu\/","logo":{"@type":"ImageObject","inLanguage":"cs","@id":"https:\/\/hockey.praguesbarrel.eu\/#\/schema\/logo\/image\/","url":"https:\/\/hockey.praguesbarrel.eu\/wp-content\/uploads\/2015\/07\/unimalej-2.jpg","contentUrl":"https:\/\/hockey.praguesbarrel.eu\/wp-content\/uploads\/2015\/07\/unimalej-2.jpg","width":200,"height":200,"caption":"Prague's Barrel"},"image":{"@id":"https:\/\/hockey.praguesbarrel.eu\/#\/schema\/logo\/image\/"},"sameAs":["https:\/\/www.facebook.com\/PraguesBarrelTournaments"]}]}},"_links":{"self":[{"href":"https:\/\/hockey.praguesbarrel.eu\/cs\/wp-json\/wp\/v2\/pages\/79","targetHints":{"allow":["GET"]}}],"collection":[{"href":"https:\/\/hockey.praguesbarrel.eu\/cs\/wp-json\/wp\/v2\/pages"}],"about":[{"href":"https:\/\/hockey.praguesbarrel.eu\/cs\/wp-json\/wp\/v2\/types\/page"}],"author":[{"embeddable":true,"href":"https:\/\/hockey.praguesbarrel.eu\/cs\/wp-json\/wp\/v2\/users\/10"}],"replies":[{"embeddable":true,"href":"https:\/\/hockey.praguesbarrel.eu\/cs\/wp-json\/wp\/v2\/comments?post=79"}],"version-history":[{"count":52,"href":"https:\/\/hockey.praguesbarrel.eu\/cs\/wp-json\/wp\/v2\/pages\/79\/revisions"}],"predecessor-version":[{"id":99978,"href":"https:\/\/hockey.praguesbarrel.eu\/cs\/wp-json\/wp\/v2\/pages\/79\/revisions\/99978"}],"up":[{"embeddable":true,"href":"https:\/\/hockey.praguesbarrel.eu\/cs\/wp-json\/wp\/v2\/pages\/8"}],"wp:featuredmedia":[{"embeddable":true,"href":"https:\/\/hockey.praguesbarrel.eu\/cs\/wp-json\/wp\/v2\/media\/53384"}],"wp:attachment":[{"href":"https:\/\/hockey.praguesbarrel.eu\/cs\/wp-json\/wp\/v2\/media?parent=79"}],"curies":[{"name":"wp","href":"https:\/\/api.w.org\/{rel}","templated":true}]}}