{"id":99,"date":"2014-10-12T20:50:54","date_gmt":"2014-10-12T19:50:54","guid":{"rendered":"http:\/\/pbh.delab.cz\/?page_id=99"},"modified":"2025-12-01T20:16:55","modified_gmt":"2025-12-01T19:16:55","slug":"turnaj","status":"publish","type":"page","link":"https:\/\/hockey.praguesbarrel.eu\/cs\/turnaj\/","title":{"rendered":"Turnaj"},"content":{"rendered":"<p><strong>Prague\u2019s Barrel je mezin\u00e1rodn\u00ed hokejov\u00fd turnaj pro amat\u00e9rsk\u00e9 a rekrea\u010dn\u00ed t\u00fdmy<\/strong>, kter\u00e9 si cht\u011bj\u00ed u\u017e\u00edt \u010dty\u0159i nezapomenuteln\u00e9 dny pln\u00e9 hokeje, p\u0159\u00e1telstv\u00ed a z\u00e1bavy v Praze. A\u0165 u\u017e je v\u00e1\u0161 t\u00fdm pln\u00fd v\u00edkendov\u00fdch p\u0159e\u017eiv\u0161\u00edch nebo p\u0159\u00e1tel, kte\u0159\u00ed se na led vyd\u00e1vaj\u00ed poprv\u00e9, jste u n\u00e1s v\u00edt\u00e1ni. N\u00e1\u0161 bal\u00ed\u010dek zahrnuje ubytov\u00e1n\u00ed v hotelu, dopravu, plnou penzi, z\u00e1pasy, kvalitn\u00ed stadion a <strong>neomezenou konzumaci to\u010den\u00e9ho piva na v\u0161ech ofici\u00e1ln\u00edch akc\u00edch<\/strong>. S v\u00edce ne\u017e 30 lety zku\u0161enost\u00ed (<a href=\"https:\/\/hockey.praguesbarrel.eu\/cs\/results\/\">viz v\u0161echny v\u00fdsledky<\/a>) se postar\u00e1me o ka\u017ed\u00fd detail \u2013 vy se tak m\u016f\u017eete soust\u0159edit na skv\u011bl\u00e9 z\u00e1pasy, studen\u00e9 pivo a nezapomenuteln\u00e9 vzpom\u00ednky.<\/p>\n<h2>PRO\u010c T\u00ddMY VOL\u00cd PRAGUE\u2019S BARREL<\/h2>\n<ul>\n<li><strong>Ide\u00e1ln\u00ed pro amat\u00e9rsk\u00e9 a hobby t\u00fdmy<\/strong> \u2013 inkluzivn\u00ed form\u00e1t, p\u0159\u00e1telsk\u00e1 atmosf\u00e9ra, fair play na prvn\u00edm m\u00edst\u011b.<\/li>\n<li><strong>Praha je kr\u00e1sn\u00e1 a snadno dostupn\u00e1<\/strong> \u2013 p\u0159es den hrajte naplno a v noci prozkoumejte m\u011bsto zbl\u00edzka.<\/li>\n<li><strong>Postar\u00e1me se o logistiku<\/strong> \u2013 ubytov\u00e1n\u00ed, stravov\u00e1n\u00ed, transfery a podpora na m\u00edst\u011b jsou zahrnuty v cen\u011b.<\/li>\n<li><strong>Neomezen\u00e9 pivo a spole\u010densk\u00fd program<\/strong> \u2013 tradi\u010dn\u00ed \u010desk\u00e1 ve\u010de\u0159e, p\u00e1rty na lodi, ve\u010dern\u00ed party i \u010das na prohl\u00eddku pam\u00e1tek.<\/li>\n<li><strong>Des\u00edtky let zku\u0161enost\u00ed<\/strong> \u2013 d\u016fv\u011bryhodn\u00ed organiz\u00e1to\u0159i staraj\u00edc\u00ed se o hladk\u00fd pr\u016fb\u011bh a t\u00fdmy, kter\u00e9 se vracej\u00ed rok co rok.<\/li>\n<\/ul>\n<p>St\u00e1le v\u00e1h\u00e1te? <a href=\"https:\/\/hockey.praguesbarrel.eu\/cs\/prihlasene-tymy\/\">Pod\u00edvejte se na t\u00fdmy, kter\u00e9 se ji\u017e p\u0159ihl\u00e1sily<\/a>, a p\u0159ipojte se k velk\u00e9 komunit\u011b hr\u00e1\u010d\u016f a fanou\u0161k\u016f hokejov\u00e9ho turnaje Prague&#8217;s Barrel.<\/p>\n<div class=\"ytvideo-wrapper\"><iframe title=\"YouTube video player\" src=\"https:\/\/www.youtube.com\/embed\/D_8bueRdVTQ?si=loiZGqaXits9ecRJ\" frameborder=\"0\" allowfullscreen=\"allowfullscreen\"><span data-mce-type=\"bookmark\" style=\"display: inline-block; width: 0px; overflow: hidden; line-height: 0;\" class=\"mce_SELRES_start\">\ufeff<\/span><\/iframe><\/div>\n<h2>pro koho je turnaj ur\u010den?<\/h2>\n<p>Jak\u00fdkoliv amat\u00e9rsk\u00fd nebo rekrea\u010dn\u00ed t\u00fdm, kter\u00fd hled\u00e1 dob\u0159e zorganizovan\u00fd, p\u0159\u00e1telsk\u00fd a z\u00e1bavn\u00fd turnaj pln\u00fd piva v sam\u00e9m srdci Evropy. Doporu\u010dujeme m\u00edt na soupisce<strong> alespo\u0148 15\u201320 hr\u00e1\u010d\u016f<\/strong>, minim\u00e1ln\u00ed velikost t\u00fdmu je 12 hr\u00e1\u010d\u016f.<\/p>\n<h2>na co se m\u016f\u017eete t\u011b\u0161it?<\/h2>\n<p><a href=\"https:\/\/hockey.praguesbarrel.eu\/wp-content\/uploads\/2024\/08\/Experience_hokej_prezentace_compressed.pdf\"><img loading=\"lazy\" decoding=\"async\" class=\"alignnone size-full wp-image-76128\" src=\"https:\/\/hockey.praguesbarrel.eu\/wp-content\/uploads\/2024\/08\/Experience_hokej_prezentace.gif\" alt=\"\" width=\"1152\" height=\"648\" \/><\/a><\/p>\n<h2 style=\"text-align: justify;\">Historie Prague&#8217;s Barrel \u2013 20 let obl\u00edben\u00e9ho turnaje<\/h2>\n<p style=\"text-align: justify;\">Pono\u0159te se do bohat\u00e9 historie uzn\u00e1van\u00e9ho mezin\u00e1rodn\u00edho hokejov\u00e9ho turnaje. Na\u0161e interaktivn\u00ed mapa zobrazuje ka\u017ed\u00fd t\u00fdm, kter\u00fd za posledn\u00edch dvacet let vstoupil na led na\u0161eho pivn\u00edho turnaje. Mezin\u00e1rodn\u00ed rozmanitost, skv\u011bl\u00e9 sportovn\u00ed v\u00fdsledky, p\u0159\u00e1telstv\u00ed a neomezen\u00e9 pivo \u2013 to je Prague&#8217;s Barrel.<\/p>\n<div class=\"ytvideo-wrapper\"><iframe loading=\"lazy\" src=\"https:\/\/www.google.com\/maps\/d\/embed?mid=1T9cXzzW1WHm1kXBBpW1HsBQHZrG2Vyk&amp;hl=cs&amp;ehbc=2E312F\" width=\"640\" height=\"480\"><\/iframe><\/div>\n<style>#sp-ea-99798 .spcollapsing { height: 0; overflow: hidden; transition-property: height;transition-duration: 300ms;}#sp-ea-99798.sp-easy-accordion>.sp-ea-single {margin-bottom: 10px; border: 1px solid #e2e2e2; }#sp-ea-99798.sp-easy-accordion>.sp-ea-single>.ea-header a {color: #444;}#sp-ea-99798.sp-easy-accordion>.sp-ea-single>.sp-collapse>.ea-body {background: #fff; color: #444;}#sp-ea-99798.sp-easy-accordion>.sp-ea-single {background: #eee;}#sp-ea-99798.sp-easy-accordion>.sp-ea-single>.ea-header a .ea-expand-icon { float: left; color: #444;font-size: 16px;}<\/style><div id=\"sp_easy_accordion-1761077027\"><div id=\"sp-ea-99798\" class=\"sp-ea-one sp-easy-accordion\" data-ea-active=\"ea-click\" data-ea-mode=\"vertical\" data-preloader=\"\" data-scroll-active-item=\"\" data-offset-to-scroll=\"0\"><div class=\"ea-card ea-expand sp-ea-single\"><h3 class=\"ea-header\"><a class=\"collapsed\" id=\"ea-header-997980\" role=\"button\" data-sptoggle=\"spcollapse\" data-sptarget=\"#collapse997980\" aria-controls=\"collapse997980\" href=\"#\" aria-expanded=\"true\" tabindex=\"0\"><i aria-hidden=\"true\" role=\"presentation\" class=\"ea-expand-icon eap-icon-ea-expand-minus\"><\/i> Hokejov\u00fd stadion<\/a><\/h3><div class=\"sp-collapse spcollapse collapsed show\" id=\"collapse997980\" data-parent=\"#sp-ea-99798\" role=\"region\" aria-labelledby=\"ea-header-997980\"> <div class=\"ea-body\"><p>ICE Arena Let\u0148any (adresa: Tupolevova 699, Praha 9 - Let\u0148any) je modern\u00ed multifunk\u010dn\u00ed komplex se dv\u011bma kryt\u00fdmi kluzi\u0161ti a spolehliv\u00fdm celoro\u010dn\u00edm ledem \u2013 ide\u00e1ln\u00ed pro hladk\u00fd pr\u016fb\u011bh turnaje Prague's Barrel.<\/p><p><strong>Vybaven\u00ed are\u00e1lu<\/strong><\/p><ul><li>Restaurace a bistro p\u0159\u00edmo u kluzi\u0161t\u011b<\/li><li>Fitness centrum, sauna a sol\u00e1rium<\/li><li>Sportovn\u00ed obchod, p\u016fj\u010dovna a brou\u0161en\u00ed brusl\u00ed<\/li><li>T\u00fdmov\u00e9 z\u00e1zem\u00ed s pohodln\u00fdmi \u0161atnami a su\u0161\u00e1rnami<\/li><\/ul><p><strong>Poloha a dostupnost<\/strong><\/p><p>Ar\u00e9na se nach\u00e1z\u00ed v Praze 9 \u2013 Let\u0148anech, kousek od n\u00e1kupn\u00edho centra Let\u0148any, tak\u017ee mezi z\u00e1pasy m\u00e1te spoustu mo\u017enost\u00ed, jak tr\u00e1vit voln\u00fd \u010das. Je snadno dostupn\u00e1 m\u011bstskou hromadnou dopravou a k dispozici je tak\u00e9 parkovi\u0161t\u011b.<\/p><\/div><\/div><\/div><div class=\"ea-card sp-ea-single\"><h3 class=\"ea-header\"><a class=\"collapsed\" id=\"ea-header-997981\" role=\"button\" data-sptoggle=\"spcollapse\" data-sptarget=\"#collapse997981\" aria-controls=\"collapse997981\" href=\"#\" aria-expanded=\"false\" tabindex=\"0\"><i aria-hidden=\"true\" role=\"presentation\" class=\"ea-expand-icon eap-icon-ea-expand-plus\"><\/i> Pravidla<\/a><\/h3><div class=\"sp-collapse spcollapse \" id=\"collapse997981\" data-parent=\"#sp-ea-99798\" role=\"region\" aria-labelledby=\"ea-header-997981\"> <div class=\"ea-body\"><p>Hokejov\u00fd turnaj Prague's Barrel \u2013 to je p\u0159edev\u0161\u00edm z\u00e1bava, nov\u00e1 p\u0159\u00e1telstv\u00ed, pit\u00ed a zcela jist\u011b i skv\u011bl\u00e9 sportovn\u00ed v\u00fdkony. Aby turnaj prob\u011bhl bez komplikac\u00ed a zbyte\u010dn\u00fdch h\u00e1dek, je nutn\u00e9 se sezn\u00e1mit a respektovat uveden\u00e1 pravidla.<\/p><h3>Z\u00e1kladn\u00ed pravidla<\/h3><ul><li>Hr\u00e1\u010di, kte\u0159\u00ed v aktu\u00e1ln\u00ed hokejov\u00e9 sez\u00f3n\u011b hr\u00e1li v profesion\u00e1ln\u00ed lize nebo m\u011bli v dan\u00e9 sez\u00f3n\u011b profesion\u00e1ln\u00ed smlouvu, nemohou hr\u00e1t. V\u00fdjimka v\u0161ak povoluje, aby v ka\u017ed\u00e9m t\u00fdmu hr\u00e1li maxim\u00e1ln\u011b t\u0159i hr\u00e1\u010di, kte\u0159\u00ed m\u011bli v aktu\u00e1ln\u00ed sez\u00f3n\u011b profesion\u00e1ln\u00ed smlouvu, ale pouze na nejni\u017e\u0161\u00ed profesion\u00e1ln\u00ed \u00farovni. Kapit\u00e1ni t\u00fdm\u016f n\u00e1s mus\u00ed p\u0159edem informovat, zda jejich t\u00fdm obsahuje takov\u00e9 hr\u00e1\u010de, aby v\u00fdjimku mohl posoudit a schv\u00e1lit sportovn\u00ed mana\u017eer turnaje.<\/li><li>\u017d\u00e1dn\u00e9 oddechov\u00e9 \u010dasy b\u011bhem hry.<\/li><li>Z\u00e1pas trv\u00e1 3 x 15 minut hrub\u00e9ho \u010dasu, pokud zb\u00fdvaj\u00ed dv\u011b minuty do konce a rozd\u00edl ve sk\u00f3re je maxim\u00e1ln\u011b o jeden g\u00f3l, tak se \u010das stopuje p\u0159i p\u0159eru\u0161en\u00ed.<\/li><li>Pokud ve skupin\u011b nebo b\u011bhem z\u00e1pas\u016f play-off nastane nerozhodn\u00fd v\u00fdsledek, prob\u011bhne rozst\u0159el (3 st\u0159elci), v p\u0159\u00edpad\u011b nerozhodn\u00e9ho v\u00fdsledku po 3 rozst\u0159elech bude 1 rozst\u0159el nav\u00edc (m\u016f\u017ee b\u00fdt stejn\u00fd p\u0159ehr\u00e1va\u010d) atd.<\/li><li>St\u0159ela p\u0159\u00edklepem nen\u00ed povolena, kontakt je povolen v omezen\u00e9 m\u00ed\u0159e v r\u00e1mci pravidel \u017eensk\u00e9ho hokeje, ob\u011b tato pravidla lze zru\u0161it po dohod\u011b obou kapit\u00e1n\u016f p\u0159ed utk\u00e1n\u00edm.<\/li><li>Tresty: Men\u0161\u00ed \u2013 2 minuty, Velk\u00e9 \u2013 5 minut, Osobn\u00ed trest \u2013 10 minut, Osobn\u00ed trest do konce utk\u00e1n\u00ed \u2013 hr\u00e1\u010d nehraje do konce utk\u00e1n\u00ed.<\/li><li>Body check nen\u00ed povolen \u2013 hr\u00e1\u010di, kter\u00fd se dotkne t\u011bla, bude ulo\u017een minim\u00e1ln\u011b men\u0161\u00ed trest. Body check zezadu je za 5 minut vylou\u010den\u00ed a osobn\u00ed trest do konce utk\u00e1n\u00ed. Osobn\u00ed trest (vylou\u010den\u00ed na 10 minut) bude ud\u011bleno hr\u00e1\u010di\/tren\u00e9rovi, kter\u00fd slovn\u011b napadne rozhod\u010d\u00ed. Pokud v tom hr\u00e1\u010d\/tren\u00e9r pokra\u010duje, bude vylou\u010den do konce utk\u00e1n\u00ed.<\/li><li>Diskutovat o kontroverzn\u00ed situaci s rozhod\u010d\u00edm b\u011bhem hry m\u016f\u017ee pouze kapit\u00e1n. Kapit\u00e1n mus\u00ed b\u00fdt jasn\u011b identifikov\u00e1n.<\/li><li>Ka\u017ed\u00fd \u00fa\u010dastn\u00edk hraje na vlastn\u00ed nebezpe\u010d\u00ed, prvn\u00ed pomoc zaji\u0161\u0165uje po\u0159adatel, NE zdravotn\u00ed poji\u0161t\u011bn\u00ed. M\u011bjte pros\u00edm karti\u010dku poji\u0161t\u011bnce st\u00e1le u sebe.<\/li><li>Pokud se t\u00fdm nedostav\u00ed na led do p\u011bti minut po ofici\u00e1ln\u00edm za\u010d\u00e1tku utk\u00e1n\u00ed, z\u00e1pas je kontumov\u00e1n ve prosp\u011bch druh\u00e9ho t\u00fdmu 3:0.<\/li><li>Po\u0159adatel si vyhrazuje pr\u00e1vo zkr\u00e1tit utk\u00e1n\u00ed z d\u016fvodu \u010dasov\u00e9 prodlevy.<\/li><li>Hr\u00e1\u010d m\u016f\u017ee v turnaji hr\u00e1t pouze za jeden t\u00fdm, v\u0161ichni hr\u00e1\u010di, kte\u0159\u00ed v turnaji hraj\u00ed, mus\u00ed b\u00fdt zaps\u00e1ni na soupisku a soupiska mus\u00ed b\u00fdt p\u0159ed turnajem p\u0159ed\u00e1na po\u0159adateli (pokud hr\u00e1\u010d nen\u00ed zaps\u00e1n na soupisce, mohou po\u0159adatel\u00e9 vylou\u010dit hr\u00e1\u010de nebo cel\u00fd t\u00fdm), nen\u00ed povoleno \u201ep\u016fj\u010dov\u00e1n\u00ed\u201c hr\u00e1\u010d\u016f, pokud to p\u0159ed z\u00e1pasem nepovol\u00ed rozhod\u010d\u00ed a kapit\u00e1n druh\u00e9ho t\u00fdmu.<\/li><li>Nen\u00ed dovoleno jakkoli po\u0161kozovat ledovou plochu a \u0161atny.<\/li><\/ul><\/div><\/div><\/div><div class=\"ea-card sp-ea-single\"><h3 class=\"ea-header\"><a class=\"collapsed\" id=\"ea-header-997982\" role=\"button\" data-sptoggle=\"spcollapse\" data-sptarget=\"#collapse997982\" aria-controls=\"collapse997982\" href=\"#\" aria-expanded=\"false\" tabindex=\"0\"><i aria-hidden=\"true\" role=\"presentation\" class=\"ea-expand-icon eap-icon-ea-expand-plus\"><\/i> Syst\u00e9m<\/a><\/h3><div class=\"sp-collapse spcollapse \" id=\"collapse997982\" data-parent=\"#sp-ea-99798\" role=\"region\" aria-labelledby=\"ea-header-997982\"> <div class=\"ea-body\"><p>Syst\u00e9m bude up\u0159esn\u011bn v programu p\u0159ed turnajem, obecn\u011b hraje ka\u017ed\u00fd den mu\u017estvo 2 z\u00e1pasy \u2013 prvn\u00ed den ve skupin\u011b a druh\u00fd den v play-off o um\u00edst\u011bn\u00ed.<\/p><p>Ofici\u00e1ln\u00ed pravidla turnaje jsou v anglick\u00e9m jazyce.<\/p><\/div><\/div><\/div><div class=\"ea-card sp-ea-single\"><h3 class=\"ea-header\"><a class=\"collapsed\" id=\"ea-header-997983\" role=\"button\" data-sptoggle=\"spcollapse\" data-sptarget=\"#collapse997983\" aria-controls=\"collapse997983\" href=\"#\" aria-expanded=\"false\" tabindex=\"0\"><i aria-hidden=\"true\" role=\"presentation\" class=\"ea-expand-icon eap-icon-ea-expand-plus\"><\/i> Program<\/a><\/h3><div class=\"sp-collapse spcollapse \" id=\"collapse997983\" data-parent=\"#sp-ea-99798\" role=\"region\" aria-labelledby=\"ea-header-997983\"> <div class=\"ea-body\"><h3>\u010ctvrtek<\/h3><ul><li>16:00\u201318:00 P\u0159\u00edjezd a ubytov\u00e1n\u00ed<\/li><li>19:00\u201321:00 Ve\u010de\u0159e v typicky \u010desk\u00e9 restauraci<\/li><li>21:00\u2013?? Voln\u00fd program<\/li><\/ul><h3>P\u00e1tek<\/h3><ul><li>07:00\u201310:00 Sn\u00eddan\u011b v hotelu<\/li><li>08:00\u201311:00 Odjezd na hokejov\u00e9 stadiony<\/li><li>09:00\u201316:00 Sportovn\u00ed program (ob\u011bd v restauraci na stadionu)<\/li><li>16:00\u201319:30 Voln\u00fd program (n\u00e1kupy, prohl\u00eddka m\u011bsta)<\/li><li>20:00\u201322:00 Ve\u010de\u0159e v typicky \u010desk\u00e9 restauraci nebo na lodi<\/li><li>Voln\u00fd program<\/li><\/ul><h3>Sobota<\/h3><ul><li>07:00\u201310:00 Sn\u00eddan\u011b v hotelu<\/li><li>08:00\u201311:00 Odjezd na hokejov\u00e9 stadiony<\/li><li>09:00\u201316:00 Sportovn\u00ed program (ob\u011bd v restauraci na stadionu)<\/li><li>16:00\u201319:00 Voln\u00fd \u010das (n\u00e1kupy, prohl\u00eddka m\u011bsta)<\/li><li>20:00\u201300:00 Z\u00e1v\u011bre\u010dn\u00fd ceremoni\u00e1l s vyhl\u00e1\u0161en\u00edm v\u00edt\u011bz\u016f, ve\u010de\u0159\u00ed a hudbou<\/li><li>Voln\u00fd program<\/li><\/ul><h3>Ned\u011ble<\/h3><ul><li>07:00\u201310:00 Sn\u00eddan\u011b v hotelu<\/li><li>Voln\u00fd program, odjezd<\/li><\/ul><p>Pozn\u00e1mka: P\u0159esn\u00fd rozpis z\u00e1pas\u016f a m\u00edsta ve\u010dern\u00edho programu budou up\u0159esn\u011bny v newsletteru p\u0159ed jednotliv\u00fdmi turnaji. Hern\u00ed syst\u00e9m m\u016f\u017ee b\u00fdt upraven podle po\u010dtu t\u00fdm\u016f na turnaji a dostupnosti ledu.<\/p><\/div><\/div><\/div><\/div><\/div>\n","protected":false},"excerpt":{"rendered":"<p>Prague\u2019s Barrel je mezin\u00e1rodn\u00ed hokejov\u00fd turnaj pro amat\u00e9rsk\u00e9 a rekrea\u010dn\u00ed t\u00fdmy, kter\u00e9 si cht\u011bj\u00ed u\u017e\u00edt \u010dty\u0159i nezapomenuteln\u00e9 dny pln\u00e9 hokeje, p\u0159\u00e1telstv\u00ed a z\u00e1bavy v Praze. A\u0165 u\u017e je v\u00e1\u0161 t\u00fdm pln\u00fd v\u00edkendov\u00fdch p\u0159e\u017eiv\u0161\u00edch nebo p\u0159\u00e1tel, kte\u0159\u00ed se na led vyd\u00e1vaj\u00ed poprv\u00e9, jste u n\u00e1s v\u00edt\u00e1ni. N\u00e1\u0161 bal\u00ed\u010dek zahrnuje ubytov\u00e1n\u00ed v hotelu, dopravu, plnou penzi, z\u00e1pasy,&#8230;<\/p>\n","protected":false},"author":3,"featured_media":97995,"parent":0,"menu_order":0,"comment_status":"closed","ping_status":"closed","template":"","meta":{"footnotes":""},"class_list":["post-99","page","type-page","status-publish","has-post-thumbnail","hentry"],"yoast_head":"<!-- This site is optimized with the Yoast SEO plugin v26.9 - https:\/\/yoast.com\/product\/yoast-seo-wordpress\/ -->\n<title>Turnaj - Prague&#039;s Barrel Hockey Tournament<\/title>\n<meta name=\"description\" content=\"Hokejov\u00fd turnaj O pra\u017esk\u00fd soudek je mezin\u00e1rodn\u00ed hokejov\u00fd turnaj amat\u00e9rsk\u00fdch t\u00fdm\u016f, kter\u00fd se ka\u017edoro\u010dn\u011b odehr\u00e1v\u00e1 v Praze, potk\u00e1te tu t\u00fdmy z Evropy i sv\u011bta.\" \/>\n<meta name=\"robots\" content=\"index, follow, max-snippet:-1, max-image-preview:large, max-video-preview:-1\" \/>\n<link rel=\"canonical\" href=\"https:\/\/hockey.praguesbarrel.eu\/cs\/turnaj\/\" \/>\n<meta property=\"og:locale\" content=\"cs_CZ\" \/>\n<meta property=\"og:type\" content=\"article\" \/>\n<meta property=\"og:title\" content=\"Turnaj - Prague&#039;s Barrel Hockey Tournament\" \/>\n<meta property=\"og:description\" content=\"Hokejov\u00fd turnaj O pra\u017esk\u00fd soudek je mezin\u00e1rodn\u00ed hokejov\u00fd turnaj amat\u00e9rsk\u00fdch t\u00fdm\u016f, kter\u00fd se ka\u017edoro\u010dn\u011b odehr\u00e1v\u00e1 v Praze, potk\u00e1te tu t\u00fdmy z Evropy i sv\u011bta.\" \/>\n<meta property=\"og:url\" content=\"https:\/\/hockey.praguesbarrel.eu\/cs\/turnaj\/\" \/>\n<meta property=\"og:site_name\" content=\"Prague&#039;s Barrel Hockey Tournament\" \/>\n<meta property=\"article:publisher\" content=\"https:\/\/www.facebook.com\/PraguesBarrelTournaments\" \/>\n<meta property=\"article:modified_time\" content=\"2025-12-01T19:16:55+00:00\" \/>\n<meta property=\"og:image\" content=\"https:\/\/hockey.praguesbarrel.eu\/wp-content\/uploads\/2023\/11\/turnaj.jpeg\" \/>\n\t<meta property=\"og:image:width\" content=\"1832\" \/>\n\t<meta property=\"og:image:height\" content=\"1224\" \/>\n\t<meta property=\"og:image:type\" content=\"image\/jpeg\" \/>\n<meta name=\"twitter:label1\" content=\"Odhadovan\u00e1 doba \u010dten\u00ed\" \/>\n\t<meta name=\"twitter:data1\" content=\"2 minuty\" \/>\n<script type=\"application\/ld+json\" class=\"yoast-schema-graph\">{\"@context\":\"https:\/\/schema.org\",\"@graph\":[{\"@type\":\"WebPage\",\"@id\":\"https:\/\/hockey.praguesbarrel.eu\/cs\/turnaj\/\",\"url\":\"https:\/\/hockey.praguesbarrel.eu\/cs\/turnaj\/\",\"name\":\"Turnaj - Prague&#039;s Barrel Hockey Tournament\",\"isPartOf\":{\"@id\":\"https:\/\/hockey.praguesbarrel.eu\/#website\"},\"primaryImageOfPage\":{\"@id\":\"https:\/\/hockey.praguesbarrel.eu\/cs\/turnaj\/#primaryimage\"},\"image\":{\"@id\":\"https:\/\/hockey.praguesbarrel.eu\/cs\/turnaj\/#primaryimage\"},\"thumbnailUrl\":\"https:\/\/hockey.praguesbarrel.eu\/wp-content\/uploads\/2023\/11\/turnaj.jpeg\",\"datePublished\":\"2014-10-12T19:50:54+00:00\",\"dateModified\":\"2025-12-01T19:16:55+00:00\",\"description\":\"Hokejov\u00fd turnaj O pra\u017esk\u00fd soudek je mezin\u00e1rodn\u00ed hokejov\u00fd turnaj amat\u00e9rsk\u00fdch t\u00fdm\u016f, kter\u00fd se ka\u017edoro\u010dn\u011b odehr\u00e1v\u00e1 v Praze, potk\u00e1te tu t\u00fdmy z Evropy i sv\u011bta.\",\"breadcrumb\":{\"@id\":\"https:\/\/hockey.praguesbarrel.eu\/cs\/turnaj\/#breadcrumb\"},\"inLanguage\":\"cs\",\"potentialAction\":[{\"@type\":\"ReadAction\",\"target\":[\"https:\/\/hockey.praguesbarrel.eu\/cs\/turnaj\/\"]}]},{\"@type\":\"ImageObject\",\"inLanguage\":\"cs\",\"@id\":\"https:\/\/hockey.praguesbarrel.eu\/cs\/turnaj\/#primaryimage\",\"url\":\"https:\/\/hockey.praguesbarrel.eu\/wp-content\/uploads\/2023\/11\/turnaj.jpeg\",\"contentUrl\":\"https:\/\/hockey.praguesbarrel.eu\/wp-content\/uploads\/2023\/11\/turnaj.jpeg\",\"width\":1832,\"height\":1224},{\"@type\":\"BreadcrumbList\",\"@id\":\"https:\/\/hockey.praguesbarrel.eu\/cs\/turnaj\/#breadcrumb\",\"itemListElement\":[{\"@type\":\"ListItem\",\"position\":1,\"name\":\"Home\",\"item\":\"https:\/\/hockey.praguesbarrel.eu\/cs\/\"},{\"@type\":\"ListItem\",\"position\":2,\"name\":\"Turnaj\"}]},{\"@type\":\"WebSite\",\"@id\":\"https:\/\/hockey.praguesbarrel.eu\/#website\",\"url\":\"https:\/\/hockey.praguesbarrel.eu\/\",\"name\":\"Prague&#039;s Barrel Hockey Tournament\",\"description\":\"Ice Hockey Tournament for amateur athletes\",\"publisher\":{\"@id\":\"https:\/\/hockey.praguesbarrel.eu\/#organization\"},\"potentialAction\":[{\"@type\":\"SearchAction\",\"target\":{\"@type\":\"EntryPoint\",\"urlTemplate\":\"https:\/\/hockey.praguesbarrel.eu\/?s={search_term_string}\"},\"query-input\":{\"@type\":\"PropertyValueSpecification\",\"valueRequired\":true,\"valueName\":\"search_term_string\"}}],\"inLanguage\":\"cs\"},{\"@type\":\"Organization\",\"@id\":\"https:\/\/hockey.praguesbarrel.eu\/#organization\",\"name\":\"Prague's Barrel\",\"url\":\"https:\/\/hockey.praguesbarrel.eu\/\",\"logo\":{\"@type\":\"ImageObject\",\"inLanguage\":\"cs\",\"@id\":\"https:\/\/hockey.praguesbarrel.eu\/#\/schema\/logo\/image\/\",\"url\":\"https:\/\/hockey.praguesbarrel.eu\/wp-content\/uploads\/2015\/07\/unimalej-2.jpg\",\"contentUrl\":\"https:\/\/hockey.praguesbarrel.eu\/wp-content\/uploads\/2015\/07\/unimalej-2.jpg\",\"width\":200,\"height\":200,\"caption\":\"Prague's Barrel\"},\"image\":{\"@id\":\"https:\/\/hockey.praguesbarrel.eu\/#\/schema\/logo\/image\/\"},\"sameAs\":[\"https:\/\/www.facebook.com\/PraguesBarrelTournaments\"]}]}<\/script>\n<!-- \/ Yoast SEO plugin. -->","yoast_head_json":{"title":"Turnaj - Prague&#039;s Barrel Hockey Tournament","description":"Hokejov\u00fd turnaj O pra\u017esk\u00fd soudek je mezin\u00e1rodn\u00ed hokejov\u00fd turnaj amat\u00e9rsk\u00fdch t\u00fdm\u016f, kter\u00fd se ka\u017edoro\u010dn\u011b odehr\u00e1v\u00e1 v Praze, potk\u00e1te tu t\u00fdmy z Evropy i sv\u011bta.","robots":{"index":"index","follow":"follow","max-snippet":"max-snippet:-1","max-image-preview":"max-image-preview:large","max-video-preview":"max-video-preview:-1"},"canonical":"https:\/\/hockey.praguesbarrel.eu\/cs\/turnaj\/","og_locale":"cs_CZ","og_type":"article","og_title":"Turnaj - Prague&#039;s Barrel Hockey Tournament","og_description":"Hokejov\u00fd turnaj O pra\u017esk\u00fd soudek je mezin\u00e1rodn\u00ed hokejov\u00fd turnaj amat\u00e9rsk\u00fdch t\u00fdm\u016f, kter\u00fd se ka\u017edoro\u010dn\u011b odehr\u00e1v\u00e1 v Praze, potk\u00e1te tu t\u00fdmy z Evropy i sv\u011bta.","og_url":"https:\/\/hockey.praguesbarrel.eu\/cs\/turnaj\/","og_site_name":"Prague&#039;s Barrel Hockey Tournament","article_publisher":"https:\/\/www.facebook.com\/PraguesBarrelTournaments","article_modified_time":"2025-12-01T19:16:55+00:00","og_image":[{"width":1832,"height":1224,"url":"https:\/\/hockey.praguesbarrel.eu\/wp-content\/uploads\/2023\/11\/turnaj.jpeg","type":"image\/jpeg"}],"twitter_misc":{"Odhadovan\u00e1 doba \u010dten\u00ed":"2 minuty"},"schema":{"@context":"https:\/\/schema.org","@graph":[{"@type":"WebPage","@id":"https:\/\/hockey.praguesbarrel.eu\/cs\/turnaj\/","url":"https:\/\/hockey.praguesbarrel.eu\/cs\/turnaj\/","name":"Turnaj - Prague&#039;s Barrel Hockey Tournament","isPartOf":{"@id":"https:\/\/hockey.praguesbarrel.eu\/#website"},"primaryImageOfPage":{"@id":"https:\/\/hockey.praguesbarrel.eu\/cs\/turnaj\/#primaryimage"},"image":{"@id":"https:\/\/hockey.praguesbarrel.eu\/cs\/turnaj\/#primaryimage"},"thumbnailUrl":"https:\/\/hockey.praguesbarrel.eu\/wp-content\/uploads\/2023\/11\/turnaj.jpeg","datePublished":"2014-10-12T19:50:54+00:00","dateModified":"2025-12-01T19:16:55+00:00","description":"Hokejov\u00fd turnaj O pra\u017esk\u00fd soudek je mezin\u00e1rodn\u00ed hokejov\u00fd turnaj amat\u00e9rsk\u00fdch t\u00fdm\u016f, kter\u00fd se ka\u017edoro\u010dn\u011b odehr\u00e1v\u00e1 v Praze, potk\u00e1te tu t\u00fdmy z Evropy i sv\u011bta.","breadcrumb":{"@id":"https:\/\/hockey.praguesbarrel.eu\/cs\/turnaj\/#breadcrumb"},"inLanguage":"cs","potentialAction":[{"@type":"ReadAction","target":["https:\/\/hockey.praguesbarrel.eu\/cs\/turnaj\/"]}]},{"@type":"ImageObject","inLanguage":"cs","@id":"https:\/\/hockey.praguesbarrel.eu\/cs\/turnaj\/#primaryimage","url":"https:\/\/hockey.praguesbarrel.eu\/wp-content\/uploads\/2023\/11\/turnaj.jpeg","contentUrl":"https:\/\/hockey.praguesbarrel.eu\/wp-content\/uploads\/2023\/11\/turnaj.jpeg","width":1832,"height":1224},{"@type":"BreadcrumbList","@id":"https:\/\/hockey.praguesbarrel.eu\/cs\/turnaj\/#breadcrumb","itemListElement":[{"@type":"ListItem","position":1,"name":"Home","item":"https:\/\/hockey.praguesbarrel.eu\/cs\/"},{"@type":"ListItem","position":2,"name":"Turnaj"}]},{"@type":"WebSite","@id":"https:\/\/hockey.praguesbarrel.eu\/#website","url":"https:\/\/hockey.praguesbarrel.eu\/","name":"Prague&#039;s Barrel Hockey Tournament","description":"Ice Hockey Tournament for amateur athletes","publisher":{"@id":"https:\/\/hockey.praguesbarrel.eu\/#organization"},"potentialAction":[{"@type":"SearchAction","target":{"@type":"EntryPoint","urlTemplate":"https:\/\/hockey.praguesbarrel.eu\/?s={search_term_string}"},"query-input":{"@type":"PropertyValueSpecification","valueRequired":true,"valueName":"search_term_string"}}],"inLanguage":"cs"},{"@type":"Organization","@id":"https:\/\/hockey.praguesbarrel.eu\/#organization","name":"Prague's Barrel","url":"https:\/\/hockey.praguesbarrel.eu\/","logo":{"@type":"ImageObject","inLanguage":"cs","@id":"https:\/\/hockey.praguesbarrel.eu\/#\/schema\/logo\/image\/","url":"https:\/\/hockey.praguesbarrel.eu\/wp-content\/uploads\/2015\/07\/unimalej-2.jpg","contentUrl":"https:\/\/hockey.praguesbarrel.eu\/wp-content\/uploads\/2015\/07\/unimalej-2.jpg","width":200,"height":200,"caption":"Prague's Barrel"},"image":{"@id":"https:\/\/hockey.praguesbarrel.eu\/#\/schema\/logo\/image\/"},"sameAs":["https:\/\/www.facebook.com\/PraguesBarrelTournaments"]}]}},"_links":{"self":[{"href":"https:\/\/hockey.praguesbarrel.eu\/cs\/wp-json\/wp\/v2\/pages\/99","targetHints":{"allow":["GET"]}}],"collection":[{"href":"https:\/\/hockey.praguesbarrel.eu\/cs\/wp-json\/wp\/v2\/pages"}],"about":[{"href":"https:\/\/hockey.praguesbarrel.eu\/cs\/wp-json\/wp\/v2\/types\/page"}],"author":[{"embeddable":true,"href":"https:\/\/hockey.praguesbarrel.eu\/cs\/wp-json\/wp\/v2\/users\/3"}],"replies":[{"embeddable":true,"href":"https:\/\/hockey.praguesbarrel.eu\/cs\/wp-json\/wp\/v2\/comments?post=99"}],"version-history":[{"count":57,"href":"https:\/\/hockey.praguesbarrel.eu\/cs\/wp-json\/wp\/v2\/pages\/99\/revisions"}],"predecessor-version":[{"id":100006,"href":"https:\/\/hockey.praguesbarrel.eu\/cs\/wp-json\/wp\/v2\/pages\/99\/revisions\/100006"}],"wp:featuredmedia":[{"embeddable":true,"href":"https:\/\/hockey.praguesbarrel.eu\/cs\/wp-json\/wp\/v2\/media\/97995"}],"wp:attachment":[{"href":"https:\/\/hockey.praguesbarrel.eu\/cs\/wp-json\/wp\/v2\/media?parent=99"}],"curies":[{"name":"wp","href":"https:\/\/api.w.org\/{rel}","templated":true}]}}