{"id":243,"date":"2014-10-14T19:07:22","date_gmt":"2014-10-14T18:07:22","guid":{"rendered":"http:\/\/pbh.delab.cz\/?page_id=243"},"modified":"2025-12-12T20:24:15","modified_gmt":"2025-12-12T19:24:15","slug":"unterkunft","status":"publish","type":"page","link":"https:\/\/hockey.praguesbarrel.eu\/de\/preis\/unterkunft\/","title":{"rendered":"Unterkunft"},"content":{"rendered":"<p>Die Organisatoren des Eishockeyturniers haben f\u00fcr Sie einige Unterkunftsm\u00f6glichkeiten vorbereitet. W\u00e4hlen Sie zwischen einem Hotel der mittleren Kategorie oder einem Hotel direkt im Stadtzentrum.<\/p>\n<div class=\"ytvideo-wrapper\"><iframe loading=\"lazy\" src=\"https:\/\/www.google.com\/maps\/d\/u\/1\/embed?mid=1ildyuzys6788hdPLY-C0zE6l8KY\" width=\"640\" height=\"480\"><\/iframe><\/div>\n<h3>Adria ****<\/h3>\n<p>Falls Sie die Unterkunft in der Innenstadt bevorzugen, bieten wir Ihnen das 4 Sterne Hotel Adria am Wenzelsplatz an. Dieses Hotel hat mehr als ein Jahrhundert Geschichte und bietet elegante Interieurs und freundliche Atmosph\u00e4re. Das Stalaktiten-Restaurant im Art-D\u00e9co-Stil Triton mit der Originaleinrichtung aus dem Jahr 1912 l\u00e4dt zum Verweilen ein. Alle wichtigen Monumente der Altstadt befinden sich in unmittelbarer N\u00e4he sowie die luxuri\u00f6sen Boutiquen. Das Hotel ist Inhaber des Umweltzeichens der EU. <a href=\"https:\/\/hockey.praguesbarrel.eu\/de\/adria\/\">Fotogallerie<\/a><\/p>\n<h3>ambassador *****<\/h3>\n<p>Hotel Ambassador befindet sich im unteren Teil des Wenzelsplatzes, nur 5 Gehminuten vom Altst\u00e4dter Ring. Die Zimmer (mindestens 25 m2) sind mit M\u00f6bel im Jugendstil und mit Dekoration ausgestattet. Alle Marmorbadezimmer sind ger\u00e4umig und sind mit einer ydromassage Badewanne und mit der Dusche ausgestattet. Alle Zimmer sind mit Flachbild-TV mit verschiedenen Satellitenempfang, Tresor, Minibar und Wi-Fi ausgestattet. Sie k\u00f6nnen auch im Welnessclub entspannen, der gro\u00dfe Auswahl an thail\u00e4ndischen und yurveda-Massagen, Packungen und verschiedenen Spezialmassagen wie zum Beispiel Honig-, Schokolade- oder Chakra-Stein Massagen bietet. <a href=\"https:\/\/hockey.praguesbarrel.eu\/de\/ambassador\/\">Fotogallerie<\/a><\/p>\n<h3>ambiance ****<\/h3>\n<p>Ambiance befindet sich in Prag 2, 12 Minuten Fu\u00dfweg entfernt vom Wenceslas Square, 7 Minuten Fu\u00dfweg entfernt von Clubs wie Retro, Radost FX und Le mirage. Das Hotel ist umgeben von Bars, kleinen Superm\u00e4rkten und Restaurants. Die Zimmer dieses Hotels sind etwas kleiner, jedoch sehr gem\u00fctlich und mit Safe, Klimaanlage und geb\u00fchrenfreiem Wifi ausgestattet und es wird es k\u00f6stliches Fr\u00fchst\u00fcck angeboten. Zum Entspannen bietet sich die Hofterrasse an. Parkpl\u00e4tze stehen im nahegelegenen Hotel Superior zur Verf\u00fcgung. <a href=\"https:\/\/hockey.praguesbarrel.eu\/ambiance\/\">Fotogallerie<\/a><\/p>\n<h3>amigo ****<\/h3>\n<p>Hotel Amigo ist ein elegantes, im Stil der Neorenaissance gehaltenes Hotel in Prag 2. The Lage ist hervorragend: Bars, Restaurants und kleine Superm\u00e4rkte befinden sich in unmittelbarer Reichweite des Hotels. Nach 20 Minuten Fu\u00dfweg erreichen Sie Wenceslas square und nach 10 Minuten Fu\u00dfweg erreichen Sie Clubs wie Retro, Radost FX oder Le Mirage. Die Zimmer sind sehr ger\u00e4umig und mit Fernseher (Flachbildschirm) und Safe ausgestattet. Die Badezimmer sind ausgestattet mit Duschen, Badewannen sind nur in den Junior Suites vorhanden. Bademantel, Zahnb\u00fcrste, Rasierset, Schminkset, Duschhaube und Hausschuhe sowie B\u00fcgeleisen und B\u00fcgelbrett sind auf Nachfrage kostenlos erh\u00e4ltlich, dasselbe gilt f\u00fcr Wifi. Auch Kaffee und Tee sind im Zimmer vorhanden und inklusive. Zur Entspannung eignet sich sehr gut die Gartenterrasse. <a href=\"https:\/\/hockey.praguesbarrel.eu\/amigo\/\">Fotogallerie<\/a><\/p>\n<h3>juli\u0161 ****<\/h3>\n<p>Das Hotel Julis liegt im Zentrum von Prag, direkt am Wenzelsplatz. Die gro\u00dfen Zimmer mit integrierter K\u00fcchenzeile sind mit modernen, komfortablen M\u00f6beln und Holzb\u00f6den ausgestattet. Von den Zimmern aus hat man einen herrlichen Blick auf Prag, den Wenzelsplatz und den romantischen Franziskanergarten. Das Fitnesscenter befindet sich direkt im Geb\u00e4ude und ein Innenpool und eine Sauna stehen den Hotelg\u00e4sten gegen Aufpreis zur Verf\u00fcgung. Parkpl\u00e4tze sind vorhanden. <a href=\"https:\/\/hockey.praguesbarrel.eu\/julis\/\">Fotogallerie<\/a><\/p>\n<h3>louis leger ***+<\/h3>\n<p>Louis Leger ist ein modernes Hotel und mit bunten Zimmern in Stadtviertel Vinohrady. Es ist nur 15 Minuten zu Fu\u00df vom Wenzelsplatz entfernt. Stadtviertel Prag 2 Vinohrady ist einer der sch\u00f6nsten Stadtteile von Prag. Hir sind viele Pubs, Caf\u00e9s und Clubs. <a href=\"https:\/\/hockey.praguesbarrel.eu\/louis-leger\/\">Fotogallerie<\/a><\/p>\n<h3>prague centre plaza ***<\/h3>\n<p>Ein sch\u00f6nes Hotel mit 3 Sternen im Prager Stadtteil Vinohrady. Vinohrady sind heute eine von dem modischsten Stadtviertel in ganz Prag. Nur in etwa 12 Minuten zu Fu\u00df sind Sie am Wenzelsplatz, wo Ihr Abendprogramm mit vielen Bars und Clubs gef\u00fcllt werden wird. Nach einem anstrengenden Tag entspannen Sie in der Sauna, im Whirlpool oder in einer von einzigartigen Bierbad Bernard. Die Zimmer sind mit Dusche und Sat-TV ausgestattet, WLAN ist im ganzen Hotel kostenlos. <a href=\"https:\/\/hockey.praguesbarrel.eu\/de\/prague-centre-plaza\/\">Fotogallerie<\/a><\/p>\n<h3>ramada ****<\/h3>\n<p>Das Hotel Ramada befindet sich im Stadtzentrum, direkt am Wenzelsplatz, wo Sie zahlreiche Restaurants, Bars, Clubs und Gesch\u00e4fte finden k\u00f6nnen. Es ist ein barrierefreies Nichtraucherhotel mit kostenlosem Wi-Fi. Sinnvoll rekonstruierte, ger\u00e4umige und komfortable Zimmer bieten ein frisches und modernes Design. Die Zimmer sind mit K\u00fchlschrank, LCD-Fernseher, Safe, Wasserkocher und Duschecke (einige Zimmer haben eine Badewanne) ausgestattet. Parken ist im Hotel gegen Aufpreis m\u00f6glich. Fitnesscenter, beheizter Innenpool und Sauna befinden sich in der N\u00e4he. <a href=\"https:\/\/hockey.praguesbarrel.eu\/ramada\/\">Fotogallerie<\/a><\/p>\n<h3>rokoko ****<\/h3>\n<p>Das Hotel Rokoko befindet sich im Zentrum von Prag im Geb\u00e4ude des denkmalgesch\u00fctzten Rokoko-Palastes am Wenzelsplatz. Parken ist auf einem nahegelegenen Parkplatz m\u00f6glich. Das Hotel bietet luxuri\u00f6se Unterkunft in hellen und eleganten Zimmern, von den oberen Etagen hat man einen Blick auf das historische Zentrum von Prag. Das Fr\u00fchst\u00fcck wird im Nebengeb\u00e4ude serviert. Die Zimmer sind mit Klimaanlage, kostenlosem Wi-Fi, LCD-Fernseher, Kaffee- und Tee Set, Safe und Badewanne oder Duschecke ausgestattet. <a href=\"https:\/\/hockey.praguesbarrel.eu\/rokoko\/\">Fotogallerie<\/a><\/p>\n<h3>ST. GEORGE ***<\/h3>\n<p>Das Hotel St. George befindet sich im Zentrum der Stadt, in der N\u00e4he von der U-Bahn-Station I.P.Pavlova, etwa 15 Minuten vom Wenzelsplatz entfernt. In der N\u00e4he befinden sich mehrere Restaurants und Bars. WLAN und ein Flachbild-TV stehen euch w\u00e4hrend Ihres Aufenthalts in jedem Zimmer kostenfrei zur Verf\u00fcgung. Die hellen Badezimmer sind mit einem Haartrockner, einer Whirlpool-Badewanne oder einer Dusche ausgestattet. Das Hotel bietet einen Safe, einen Parkplatz, einen Fitnessraum und ein Wellnesscenter. Die Lobbybar hat auch eine sch\u00f6ne Terrasse, auf der ihr euren Drink genie\u00dfen k\u00f6nnt. <a href=\"https:\/\/hockey.praguesbarrel.eu\/st-george\/\">Fotogallerie<\/a><\/p>\n<h3>SUPERIOR ****<\/h3>\n<p>Das Hotel Superior liegt nur ein paar Gehminuten vom Stadtzentrum (der Wenzelsplatz ist 5 bis 10 Gehminuten entfernt). Im Sommer k\u00f6nnen Sie im Sommergarten sitzen und ganzj\u00e4hrig in der Hotelsauna, im Whirlpool, bei einer klassischen Massage oder einer Warmsteinmassage entspannen. Alle Zimmer sind mit SAT-TV, Direktwahltelefon, Safe, Haartrockner, Minibar, sanit\u00e4ren Einrichtungen usw. ausgestattet. Hotelg\u00e4ste k\u00f6nnen in der ger\u00e4umigen Tiefgarage parken. <a href=\"https:\/\/hockey.praguesbarrel.eu\/prague-centre-superior\/\">Fotogallerie<\/a><\/p>\n","protected":false},"excerpt":{"rendered":"<p>Die Organisatoren des Eishockeyturniers haben f\u00fcr Sie einige Unterkunftsm\u00f6glichkeiten vorbereitet. W\u00e4hlen Sie zwischen einem Hotel der mittleren Kategorie oder einem Hotel direkt im Stadtzentrum. Adria **** Falls Sie die Unterkunft in der Innenstadt bevorzugen, bieten wir Ihnen das 4 Sterne Hotel Adria am Wenzelsplatz an. Dieses Hotel hat mehr als ein Jahrhundert Geschichte und bietet&#8230;<\/p>\n","protected":false},"author":3,"featured_media":43403,"parent":241,"menu_order":0,"comment_status":"closed","ping_status":"closed","template":"","meta":{"footnotes":""},"class_list":["post-243","page","type-page","status-publish","has-post-thumbnail","hentry"],"yoast_head":"<!-- This site is optimized with the Yoast SEO plugin v26.9 - https:\/\/yoast.com\/product\/yoast-seo-wordpress\/ -->\n<title>Unterkunft - Amateur-Eishockeyturnier Prague&#039;s Barrel<\/title>\n<meta name=\"description\" content=\"Die Organisatoren des Eishockeyturniers haben f\u00fcr Sie einige Unterkunftsm\u00f6glichkeiten vorbereitet. Hotels direkt im Zentrum oder Economy-Optionen.\" \/>\n<meta name=\"robots\" content=\"index, follow, max-snippet:-1, max-image-preview:large, max-video-preview:-1\" \/>\n<link rel=\"canonical\" href=\"https:\/\/hockey.praguesbarrel.eu\/de\/preis\/unterkunft\/\" \/>\n<meta property=\"og:locale\" content=\"de_DE\" \/>\n<meta property=\"og:type\" content=\"article\" \/>\n<meta property=\"og:title\" content=\"Unterkunft - Amateur-Eishockeyturnier Prague&#039;s Barrel\" \/>\n<meta property=\"og:description\" content=\"Die Organisatoren des Eishockeyturniers haben f\u00fcr Sie einige Unterkunftsm\u00f6glichkeiten vorbereitet. Hotels direkt im Zentrum oder Economy-Optionen.\" \/>\n<meta property=\"og:url\" content=\"https:\/\/hockey.praguesbarrel.eu\/de\/preis\/unterkunft\/\" \/>\n<meta property=\"og:site_name\" content=\"Prague&#039;s Barrel Hockey Tournament\" \/>\n<meta property=\"article:publisher\" content=\"https:\/\/www.facebook.com\/PraguesBarrelTournaments\" \/>\n<meta property=\"article:modified_time\" content=\"2025-12-12T19:24:15+00:00\" \/>\n<meta property=\"og:image\" content=\"https:\/\/hockey.praguesbarrel.eu\/wp-content\/uploads\/2014\/10\/adria.jpeg\" \/>\n\t<meta property=\"og:image:width\" content=\"640\" \/>\n\t<meta property=\"og:image:height\" content=\"440\" \/>\n\t<meta property=\"og:image:type\" content=\"image\/jpeg\" \/>\n<meta name=\"twitter:label1\" content=\"Gesch\u00e4tzte Lesezeit\" \/>\n\t<meta name=\"twitter:data1\" content=\"5\u00a0Minuten\" \/>\n<script type=\"application\/ld+json\" class=\"yoast-schema-graph\">{\"@context\":\"https:\/\/schema.org\",\"@graph\":[{\"@type\":\"WebPage\",\"@id\":\"https:\/\/hockey.praguesbarrel.eu\/de\/preis\/unterkunft\/\",\"url\":\"https:\/\/hockey.praguesbarrel.eu\/de\/preis\/unterkunft\/\",\"name\":\"Unterkunft - Amateur-Eishockeyturnier Prague's Barrel\",\"isPartOf\":{\"@id\":\"https:\/\/hockey.praguesbarrel.eu\/#website\"},\"primaryImageOfPage\":{\"@id\":\"https:\/\/hockey.praguesbarrel.eu\/de\/preis\/unterkunft\/#primaryimage\"},\"image\":{\"@id\":\"https:\/\/hockey.praguesbarrel.eu\/de\/preis\/unterkunft\/#primaryimage\"},\"thumbnailUrl\":\"https:\/\/hockey.praguesbarrel.eu\/wp-content\/uploads\/2014\/10\/adria.jpeg\",\"datePublished\":\"2014-10-14T18:07:22+00:00\",\"dateModified\":\"2025-12-12T19:24:15+00:00\",\"description\":\"Die Organisatoren des Eishockeyturniers haben f\u00fcr Sie einige Unterkunftsm\u00f6glichkeiten vorbereitet. Hotels direkt im Zentrum oder Economy-Optionen.\",\"breadcrumb\":{\"@id\":\"https:\/\/hockey.praguesbarrel.eu\/de\/preis\/unterkunft\/#breadcrumb\"},\"inLanguage\":\"de\",\"potentialAction\":[{\"@type\":\"ReadAction\",\"target\":[\"https:\/\/hockey.praguesbarrel.eu\/de\/preis\/unterkunft\/\"]}]},{\"@type\":\"ImageObject\",\"inLanguage\":\"de\",\"@id\":\"https:\/\/hockey.praguesbarrel.eu\/de\/preis\/unterkunft\/#primaryimage\",\"url\":\"https:\/\/hockey.praguesbarrel.eu\/wp-content\/uploads\/2014\/10\/adria.jpeg\",\"contentUrl\":\"https:\/\/hockey.praguesbarrel.eu\/wp-content\/uploads\/2014\/10\/adria.jpeg\",\"width\":640,\"height\":440},{\"@type\":\"BreadcrumbList\",\"@id\":\"https:\/\/hockey.praguesbarrel.eu\/de\/preis\/unterkunft\/#breadcrumb\",\"itemListElement\":[{\"@type\":\"ListItem\",\"position\":1,\"name\":\"Home\",\"item\":\"https:\/\/hockey.praguesbarrel.eu\/de\/\"},{\"@type\":\"ListItem\",\"position\":2,\"name\":\"Preis\",\"item\":\"https:\/\/hockey.praguesbarrel.eu\/de\/preis\/\"},{\"@type\":\"ListItem\",\"position\":3,\"name\":\"Unterkunft\"}]},{\"@type\":\"WebSite\",\"@id\":\"https:\/\/hockey.praguesbarrel.eu\/#website\",\"url\":\"https:\/\/hockey.praguesbarrel.eu\/\",\"name\":\"Prague&#039;s Barrel Hockey Tournament\",\"description\":\"Ice Hockey Tournament for amateur athletes\",\"publisher\":{\"@id\":\"https:\/\/hockey.praguesbarrel.eu\/#organization\"},\"potentialAction\":[{\"@type\":\"SearchAction\",\"target\":{\"@type\":\"EntryPoint\",\"urlTemplate\":\"https:\/\/hockey.praguesbarrel.eu\/?s={search_term_string}\"},\"query-input\":{\"@type\":\"PropertyValueSpecification\",\"valueRequired\":true,\"valueName\":\"search_term_string\"}}],\"inLanguage\":\"de\"},{\"@type\":\"Organization\",\"@id\":\"https:\/\/hockey.praguesbarrel.eu\/#organization\",\"name\":\"Prague's Barrel\",\"url\":\"https:\/\/hockey.praguesbarrel.eu\/\",\"logo\":{\"@type\":\"ImageObject\",\"inLanguage\":\"de\",\"@id\":\"https:\/\/hockey.praguesbarrel.eu\/#\/schema\/logo\/image\/\",\"url\":\"https:\/\/hockey.praguesbarrel.eu\/wp-content\/uploads\/2015\/07\/unimalej-2.jpg\",\"contentUrl\":\"https:\/\/hockey.praguesbarrel.eu\/wp-content\/uploads\/2015\/07\/unimalej-2.jpg\",\"width\":200,\"height\":200,\"caption\":\"Prague's Barrel\"},\"image\":{\"@id\":\"https:\/\/hockey.praguesbarrel.eu\/#\/schema\/logo\/image\/\"},\"sameAs\":[\"https:\/\/www.facebook.com\/PraguesBarrelTournaments\"]}]}<\/script>\n<!-- \/ Yoast SEO plugin. -->","yoast_head_json":{"title":"Unterkunft - Amateur-Eishockeyturnier Prague's Barrel","description":"Die Organisatoren des Eishockeyturniers haben f\u00fcr Sie einige Unterkunftsm\u00f6glichkeiten vorbereitet. Hotels direkt im Zentrum oder Economy-Optionen.","robots":{"index":"index","follow":"follow","max-snippet":"max-snippet:-1","max-image-preview":"max-image-preview:large","max-video-preview":"max-video-preview:-1"},"canonical":"https:\/\/hockey.praguesbarrel.eu\/de\/preis\/unterkunft\/","og_locale":"de_DE","og_type":"article","og_title":"Unterkunft - Amateur-Eishockeyturnier Prague's Barrel","og_description":"Die Organisatoren des Eishockeyturniers haben f\u00fcr Sie einige Unterkunftsm\u00f6glichkeiten vorbereitet. Hotels direkt im Zentrum oder Economy-Optionen.","og_url":"https:\/\/hockey.praguesbarrel.eu\/de\/preis\/unterkunft\/","og_site_name":"Prague&#039;s Barrel Hockey Tournament","article_publisher":"https:\/\/www.facebook.com\/PraguesBarrelTournaments","article_modified_time":"2025-12-12T19:24:15+00:00","og_image":[{"width":640,"height":440,"url":"https:\/\/hockey.praguesbarrel.eu\/wp-content\/uploads\/2014\/10\/adria.jpeg","type":"image\/jpeg"}],"twitter_misc":{"Gesch\u00e4tzte Lesezeit":"5\u00a0Minuten"},"schema":{"@context":"https:\/\/schema.org","@graph":[{"@type":"WebPage","@id":"https:\/\/hockey.praguesbarrel.eu\/de\/preis\/unterkunft\/","url":"https:\/\/hockey.praguesbarrel.eu\/de\/preis\/unterkunft\/","name":"Unterkunft - Amateur-Eishockeyturnier Prague's Barrel","isPartOf":{"@id":"https:\/\/hockey.praguesbarrel.eu\/#website"},"primaryImageOfPage":{"@id":"https:\/\/hockey.praguesbarrel.eu\/de\/preis\/unterkunft\/#primaryimage"},"image":{"@id":"https:\/\/hockey.praguesbarrel.eu\/de\/preis\/unterkunft\/#primaryimage"},"thumbnailUrl":"https:\/\/hockey.praguesbarrel.eu\/wp-content\/uploads\/2014\/10\/adria.jpeg","datePublished":"2014-10-14T18:07:22+00:00","dateModified":"2025-12-12T19:24:15+00:00","description":"Die Organisatoren des Eishockeyturniers haben f\u00fcr Sie einige Unterkunftsm\u00f6glichkeiten vorbereitet. Hotels direkt im Zentrum oder Economy-Optionen.","breadcrumb":{"@id":"https:\/\/hockey.praguesbarrel.eu\/de\/preis\/unterkunft\/#breadcrumb"},"inLanguage":"de","potentialAction":[{"@type":"ReadAction","target":["https:\/\/hockey.praguesbarrel.eu\/de\/preis\/unterkunft\/"]}]},{"@type":"ImageObject","inLanguage":"de","@id":"https:\/\/hockey.praguesbarrel.eu\/de\/preis\/unterkunft\/#primaryimage","url":"https:\/\/hockey.praguesbarrel.eu\/wp-content\/uploads\/2014\/10\/adria.jpeg","contentUrl":"https:\/\/hockey.praguesbarrel.eu\/wp-content\/uploads\/2014\/10\/adria.jpeg","width":640,"height":440},{"@type":"BreadcrumbList","@id":"https:\/\/hockey.praguesbarrel.eu\/de\/preis\/unterkunft\/#breadcrumb","itemListElement":[{"@type":"ListItem","position":1,"name":"Home","item":"https:\/\/hockey.praguesbarrel.eu\/de\/"},{"@type":"ListItem","position":2,"name":"Preis","item":"https:\/\/hockey.praguesbarrel.eu\/de\/preis\/"},{"@type":"ListItem","position":3,"name":"Unterkunft"}]},{"@type":"WebSite","@id":"https:\/\/hockey.praguesbarrel.eu\/#website","url":"https:\/\/hockey.praguesbarrel.eu\/","name":"Prague&#039;s Barrel Hockey Tournament","description":"Ice Hockey Tournament for amateur athletes","publisher":{"@id":"https:\/\/hockey.praguesbarrel.eu\/#organization"},"potentialAction":[{"@type":"SearchAction","target":{"@type":"EntryPoint","urlTemplate":"https:\/\/hockey.praguesbarrel.eu\/?s={search_term_string}"},"query-input":{"@type":"PropertyValueSpecification","valueRequired":true,"valueName":"search_term_string"}}],"inLanguage":"de"},{"@type":"Organization","@id":"https:\/\/hockey.praguesbarrel.eu\/#organization","name":"Prague's Barrel","url":"https:\/\/hockey.praguesbarrel.eu\/","logo":{"@type":"ImageObject","inLanguage":"de","@id":"https:\/\/hockey.praguesbarrel.eu\/#\/schema\/logo\/image\/","url":"https:\/\/hockey.praguesbarrel.eu\/wp-content\/uploads\/2015\/07\/unimalej-2.jpg","contentUrl":"https:\/\/hockey.praguesbarrel.eu\/wp-content\/uploads\/2015\/07\/unimalej-2.jpg","width":200,"height":200,"caption":"Prague's Barrel"},"image":{"@id":"https:\/\/hockey.praguesbarrel.eu\/#\/schema\/logo\/image\/"},"sameAs":["https:\/\/www.facebook.com\/PraguesBarrelTournaments"]}]}},"_links":{"self":[{"href":"https:\/\/hockey.praguesbarrel.eu\/de\/wp-json\/wp\/v2\/pages\/243","targetHints":{"allow":["GET"]}}],"collection":[{"href":"https:\/\/hockey.praguesbarrel.eu\/de\/wp-json\/wp\/v2\/pages"}],"about":[{"href":"https:\/\/hockey.praguesbarrel.eu\/de\/wp-json\/wp\/v2\/types\/page"}],"author":[{"embeddable":true,"href":"https:\/\/hockey.praguesbarrel.eu\/de\/wp-json\/wp\/v2\/users\/3"}],"replies":[{"embeddable":true,"href":"https:\/\/hockey.praguesbarrel.eu\/de\/wp-json\/wp\/v2\/comments?post=243"}],"version-history":[{"count":47,"href":"https:\/\/hockey.praguesbarrel.eu\/de\/wp-json\/wp\/v2\/pages\/243\/revisions"}],"predecessor-version":[{"id":99980,"href":"https:\/\/hockey.praguesbarrel.eu\/de\/wp-json\/wp\/v2\/pages\/243\/revisions\/99980"}],"up":[{"embeddable":true,"href":"https:\/\/hockey.praguesbarrel.eu\/de\/wp-json\/wp\/v2\/pages\/241"}],"wp:featuredmedia":[{"embeddable":true,"href":"https:\/\/hockey.praguesbarrel.eu\/de\/wp-json\/wp\/v2\/media\/43403"}],"wp:attachment":[{"href":"https:\/\/hockey.praguesbarrel.eu\/de\/wp-json\/wp\/v2\/media?parent=243"}],"curies":[{"name":"wp","href":"https:\/\/api.w.org\/{rel}","templated":true}]}}