{"id":248,"date":"2014-10-14T19:09:31","date_gmt":"2014-10-14T18:09:31","guid":{"rendered":"http:\/\/pbh.delab.cz\/?page_id=248"},"modified":"2026-04-08T21:29:36","modified_gmt":"2026-04-08T20:29:36","slug":"hokejovy-turnaj-o-prazsky-soudek","status":"publish","type":"page","link":"https:\/\/hockey.praguesbarrel.eu\/de\/","title":{"rendered":"EISHOCKEY-TURNIERE 2026"},"content":{"rendered":"<p>Bei <strong>Prague\u2019s Barrel<\/strong> kommen Eishockey, Bier und Freundschaft im Herzen Europas zusammen. Unser internationales Turnier hei\u00dft Amateurspieler aller Spielst\u00e4rken willkommen \u2013 vom Wochenend-Hobby-Spieler bis zum lebenslangen Eishockey-Fan. Verbringen Sie mit uns vier unvergessliche Tage in Prag mit spannenden Spielen, <strong>unbegrenztem Bier<\/strong> und einer Atmosph\u00e4re, wie sie nur entsteht, wenn Teams aus aller Welt gemeinsam auf dem Eis stehen. Spielen Sie mit vollem Einsatz, feuern Sie lautstark an und \u00fcberlassen Sie uns den Rest.<\/p>\n<p><a href=\"https:\/\/hockey.praguesbarrel.eu\/ppt\/\"><strong>Entdecken Sie, was Sie beim Turnier erwartet \u2013 sehen Sie sich die vollst\u00e4ndige \u00dcbersicht \u00fcber die vier Tage an!<\/strong><\/a><\/p>\n<p data-start=\"781\" data-end=\"1009\"><strong>23 \u2013 26 April 2026 | 21 \u2013 24 Mai 2026 | 3-6 September 2026 | 5 \u2013 8 November 2026 | 19 \u2013 22 November 2026 | 18 \u2013 21 M\u00e4rz 2027 | 1 \u2013 4 April 2027 | 15 \u2013 18 April 2027 | 13 \u2013 16 Mai 2027<\/strong><\/p>\n<div class=\"button-row\"><a class=\"btn\" href=\"https:\/\/hockey.praguesbarrel.eu\/de\/registrierung\/\">Registrieren Sie Ihr Team<\/a><br \/>\n<a class=\"btn btn-inverted\" href=\"https:\/\/youtu.be\/D_8bueRdVTQ\">Video<\/a><br \/>\n<a class=\"btn btn-inverted\" href=\"https:\/\/hockey.praguesbarrel.eu\/de\/angemeldete-mannschaften\/\">Angemeldete Mannschaftens<\/a><\/div>\n","protected":false},"excerpt":{"rendered":"<p>Bei Prague\u2019s Barrel kommen Eishockey, Bier und Freundschaft im Herzen Europas zusammen. Unser internationales Turnier hei\u00dft Amateurspieler aller Spielst\u00e4rken willkommen \u2013 vom Wochenend-Hobby-Spieler bis zum lebenslangen Eishockey-Fan. Verbringen Sie mit uns vier unvergessliche Tage in Prag mit spannenden Spielen, unbegrenztem Bier und einer Atmosph\u00e4re, wie sie nur entsteht, wenn Teams aus aller Welt gemeinsam auf&#8230;<\/p>\n","protected":false},"author":3,"featured_media":97997,"parent":0,"menu_order":0,"comment_status":"closed","ping_status":"closed","template":"templates\/homepage.php","meta":{"footnotes":""},"class_list":["post-248","page","type-page","status-publish","has-post-thumbnail","hentry"],"yoast_head":"<!-- This site is optimized with the Yoast SEO plugin v26.9 - https:\/\/yoast.com\/product\/yoast-seo-wordpress\/ -->\n<title>EISHOCKEY-TURNIERE 2026<\/title>\n<meta name=\"description\" content=\"Prag\u00a0F\u00e4sschen\u00a0ist ein freundliches internationales Turnier f\u00fcr Amateure auf allen Ebenen.\u00a0Gerne begr\u00fc\u00dfen alle Freizeit-Hockeyspieler.\" \/>\n<meta name=\"robots\" content=\"index, follow, max-snippet:-1, max-image-preview:large, max-video-preview:-1\" \/>\n<link rel=\"canonical\" href=\"https:\/\/hockey.praguesbarrel.eu\/de\/\" \/>\n<meta property=\"og:locale\" content=\"de_DE\" \/>\n<meta property=\"og:type\" content=\"article\" \/>\n<meta property=\"og:title\" content=\"EISHOCKEY-TURNIERE 2026\" \/>\n<meta property=\"og:description\" content=\"Prag\u00a0F\u00e4sschen\u00a0ist ein freundliches internationales Turnier f\u00fcr Amateure auf allen Ebenen.\u00a0Gerne begr\u00fc\u00dfen alle Freizeit-Hockeyspieler.\" \/>\n<meta property=\"og:url\" content=\"https:\/\/hockey.praguesbarrel.eu\/de\/\" \/>\n<meta property=\"og:site_name\" content=\"Prague&#039;s Barrel Hockey Tournament\" \/>\n<meta property=\"article:publisher\" content=\"https:\/\/www.facebook.com\/PraguesBarrelTournaments\" \/>\n<meta property=\"article:modified_time\" content=\"2026-04-08T20:29:36+00:00\" \/>\n<meta property=\"og:image\" content=\"https:\/\/hockey.praguesbarrel.eu\/wp-content\/uploads\/2023\/11\/turnaj.jpeg\" \/>\n\t<meta property=\"og:image:width\" content=\"1832\" \/>\n\t<meta property=\"og:image:height\" content=\"1224\" \/>\n\t<meta property=\"og:image:type\" content=\"image\/jpeg\" \/>\n<meta name=\"twitter:label1\" content=\"Gesch\u00e4tzte Lesezeit\" \/>\n\t<meta name=\"twitter:data1\" content=\"1\u00a0Minute\" \/>\n<script type=\"application\/ld+json\" class=\"yoast-schema-graph\">{\"@context\":\"https:\/\/schema.org\",\"@graph\":[{\"@type\":\"WebPage\",\"@id\":\"https:\/\/hockey.praguesbarrel.eu\/de\/\",\"url\":\"https:\/\/hockey.praguesbarrel.eu\/de\/\",\"name\":\"EISHOCKEY-TURNIERE 2026\",\"isPartOf\":{\"@id\":\"https:\/\/hockey.praguesbarrel.eu\/#website\"},\"primaryImageOfPage\":{\"@id\":\"https:\/\/hockey.praguesbarrel.eu\/de\/#primaryimage\"},\"image\":{\"@id\":\"https:\/\/hockey.praguesbarrel.eu\/de\/#primaryimage\"},\"thumbnailUrl\":\"https:\/\/hockey.praguesbarrel.eu\/wp-content\/uploads\/2023\/11\/turnaj.jpeg\",\"datePublished\":\"2014-10-14T18:09:31+00:00\",\"dateModified\":\"2026-04-08T20:29:36+00:00\",\"description\":\"Prag\u00a0F\u00e4sschen\u00a0ist ein freundliches internationales Turnier f\u00fcr Amateure auf allen Ebenen.\u00a0Gerne begr\u00fc\u00dfen alle Freizeit-Hockeyspieler.\",\"breadcrumb\":{\"@id\":\"https:\/\/hockey.praguesbarrel.eu\/de\/#breadcrumb\"},\"inLanguage\":\"de\",\"potentialAction\":[{\"@type\":\"ReadAction\",\"target\":[\"https:\/\/hockey.praguesbarrel.eu\/de\/\"]}]},{\"@type\":\"ImageObject\",\"inLanguage\":\"de\",\"@id\":\"https:\/\/hockey.praguesbarrel.eu\/de\/#primaryimage\",\"url\":\"https:\/\/hockey.praguesbarrel.eu\/wp-content\/uploads\/2023\/11\/turnaj.jpeg\",\"contentUrl\":\"https:\/\/hockey.praguesbarrel.eu\/wp-content\/uploads\/2023\/11\/turnaj.jpeg\",\"width\":1832,\"height\":1224},{\"@type\":\"BreadcrumbList\",\"@id\":\"https:\/\/hockey.praguesbarrel.eu\/de\/#breadcrumb\",\"itemListElement\":[{\"@type\":\"ListItem\",\"position\":1,\"name\":\"Home\",\"item\":\"https:\/\/hockey.praguesbarrel.eu\/de\/\"},{\"@type\":\"ListItem\",\"position\":2,\"name\":\"EISHOCKEY-TURNIERE 2026\"}]},{\"@type\":\"WebSite\",\"@id\":\"https:\/\/hockey.praguesbarrel.eu\/#website\",\"url\":\"https:\/\/hockey.praguesbarrel.eu\/\",\"name\":\"Prague&#039;s Barrel Hockey Tournament\",\"description\":\"Ice Hockey Tournament for amateur athletes\",\"publisher\":{\"@id\":\"https:\/\/hockey.praguesbarrel.eu\/#organization\"},\"potentialAction\":[{\"@type\":\"SearchAction\",\"target\":{\"@type\":\"EntryPoint\",\"urlTemplate\":\"https:\/\/hockey.praguesbarrel.eu\/?s={search_term_string}\"},\"query-input\":{\"@type\":\"PropertyValueSpecification\",\"valueRequired\":true,\"valueName\":\"search_term_string\"}}],\"inLanguage\":\"de\"},{\"@type\":\"Organization\",\"@id\":\"https:\/\/hockey.praguesbarrel.eu\/#organization\",\"name\":\"Prague's Barrel\",\"url\":\"https:\/\/hockey.praguesbarrel.eu\/\",\"logo\":{\"@type\":\"ImageObject\",\"inLanguage\":\"de\",\"@id\":\"https:\/\/hockey.praguesbarrel.eu\/#\/schema\/logo\/image\/\",\"url\":\"https:\/\/hockey.praguesbarrel.eu\/wp-content\/uploads\/2015\/07\/unimalej-2.jpg\",\"contentUrl\":\"https:\/\/hockey.praguesbarrel.eu\/wp-content\/uploads\/2015\/07\/unimalej-2.jpg\",\"width\":200,\"height\":200,\"caption\":\"Prague's Barrel\"},\"image\":{\"@id\":\"https:\/\/hockey.praguesbarrel.eu\/#\/schema\/logo\/image\/\"},\"sameAs\":[\"https:\/\/www.facebook.com\/PraguesBarrelTournaments\"]}]}<\/script>\n<!-- \/ Yoast SEO plugin. -->","yoast_head_json":{"title":"EISHOCKEY-TURNIERE 2026","description":"Prag\u00a0F\u00e4sschen\u00a0ist ein freundliches internationales Turnier f\u00fcr Amateure auf allen Ebenen.\u00a0Gerne begr\u00fc\u00dfen alle Freizeit-Hockeyspieler.","robots":{"index":"index","follow":"follow","max-snippet":"max-snippet:-1","max-image-preview":"max-image-preview:large","max-video-preview":"max-video-preview:-1"},"canonical":"https:\/\/hockey.praguesbarrel.eu\/de\/","og_locale":"de_DE","og_type":"article","og_title":"EISHOCKEY-TURNIERE 2026","og_description":"Prag\u00a0F\u00e4sschen\u00a0ist ein freundliches internationales Turnier f\u00fcr Amateure auf allen Ebenen.\u00a0Gerne begr\u00fc\u00dfen alle Freizeit-Hockeyspieler.","og_url":"https:\/\/hockey.praguesbarrel.eu\/de\/","og_site_name":"Prague&#039;s Barrel Hockey Tournament","article_publisher":"https:\/\/www.facebook.com\/PraguesBarrelTournaments","article_modified_time":"2026-04-08T20:29:36+00:00","og_image":[{"width":1832,"height":1224,"url":"https:\/\/hockey.praguesbarrel.eu\/wp-content\/uploads\/2023\/11\/turnaj.jpeg","type":"image\/jpeg"}],"twitter_misc":{"Gesch\u00e4tzte Lesezeit":"1\u00a0Minute"},"schema":{"@context":"https:\/\/schema.org","@graph":[{"@type":"WebPage","@id":"https:\/\/hockey.praguesbarrel.eu\/de\/","url":"https:\/\/hockey.praguesbarrel.eu\/de\/","name":"EISHOCKEY-TURNIERE 2026","isPartOf":{"@id":"https:\/\/hockey.praguesbarrel.eu\/#website"},"primaryImageOfPage":{"@id":"https:\/\/hockey.praguesbarrel.eu\/de\/#primaryimage"},"image":{"@id":"https:\/\/hockey.praguesbarrel.eu\/de\/#primaryimage"},"thumbnailUrl":"https:\/\/hockey.praguesbarrel.eu\/wp-content\/uploads\/2023\/11\/turnaj.jpeg","datePublished":"2014-10-14T18:09:31+00:00","dateModified":"2026-04-08T20:29:36+00:00","description":"Prag\u00a0F\u00e4sschen\u00a0ist ein freundliches internationales Turnier f\u00fcr Amateure auf allen Ebenen.\u00a0Gerne begr\u00fc\u00dfen alle Freizeit-Hockeyspieler.","breadcrumb":{"@id":"https:\/\/hockey.praguesbarrel.eu\/de\/#breadcrumb"},"inLanguage":"de","potentialAction":[{"@type":"ReadAction","target":["https:\/\/hockey.praguesbarrel.eu\/de\/"]}]},{"@type":"ImageObject","inLanguage":"de","@id":"https:\/\/hockey.praguesbarrel.eu\/de\/#primaryimage","url":"https:\/\/hockey.praguesbarrel.eu\/wp-content\/uploads\/2023\/11\/turnaj.jpeg","contentUrl":"https:\/\/hockey.praguesbarrel.eu\/wp-content\/uploads\/2023\/11\/turnaj.jpeg","width":1832,"height":1224},{"@type":"BreadcrumbList","@id":"https:\/\/hockey.praguesbarrel.eu\/de\/#breadcrumb","itemListElement":[{"@type":"ListItem","position":1,"name":"Home","item":"https:\/\/hockey.praguesbarrel.eu\/de\/"},{"@type":"ListItem","position":2,"name":"EISHOCKEY-TURNIERE 2026"}]},{"@type":"WebSite","@id":"https:\/\/hockey.praguesbarrel.eu\/#website","url":"https:\/\/hockey.praguesbarrel.eu\/","name":"Prague&#039;s Barrel Hockey Tournament","description":"Ice Hockey Tournament for amateur athletes","publisher":{"@id":"https:\/\/hockey.praguesbarrel.eu\/#organization"},"potentialAction":[{"@type":"SearchAction","target":{"@type":"EntryPoint","urlTemplate":"https:\/\/hockey.praguesbarrel.eu\/?s={search_term_string}"},"query-input":{"@type":"PropertyValueSpecification","valueRequired":true,"valueName":"search_term_string"}}],"inLanguage":"de"},{"@type":"Organization","@id":"https:\/\/hockey.praguesbarrel.eu\/#organization","name":"Prague's Barrel","url":"https:\/\/hockey.praguesbarrel.eu\/","logo":{"@type":"ImageObject","inLanguage":"de","@id":"https:\/\/hockey.praguesbarrel.eu\/#\/schema\/logo\/image\/","url":"https:\/\/hockey.praguesbarrel.eu\/wp-content\/uploads\/2015\/07\/unimalej-2.jpg","contentUrl":"https:\/\/hockey.praguesbarrel.eu\/wp-content\/uploads\/2015\/07\/unimalej-2.jpg","width":200,"height":200,"caption":"Prague's Barrel"},"image":{"@id":"https:\/\/hockey.praguesbarrel.eu\/#\/schema\/logo\/image\/"},"sameAs":["https:\/\/www.facebook.com\/PraguesBarrelTournaments"]}]}},"_links":{"self":[{"href":"https:\/\/hockey.praguesbarrel.eu\/de\/wp-json\/wp\/v2\/pages\/248","targetHints":{"allow":["GET"]}}],"collection":[{"href":"https:\/\/hockey.praguesbarrel.eu\/de\/wp-json\/wp\/v2\/pages"}],"about":[{"href":"https:\/\/hockey.praguesbarrel.eu\/de\/wp-json\/wp\/v2\/types\/page"}],"author":[{"embeddable":true,"href":"https:\/\/hockey.praguesbarrel.eu\/de\/wp-json\/wp\/v2\/users\/3"}],"replies":[{"embeddable":true,"href":"https:\/\/hockey.praguesbarrel.eu\/de\/wp-json\/wp\/v2\/comments?post=248"}],"version-history":[{"count":107,"href":"https:\/\/hockey.praguesbarrel.eu\/de\/wp-json\/wp\/v2\/pages\/248\/revisions"}],"predecessor-version":[{"id":100200,"href":"https:\/\/hockey.praguesbarrel.eu\/de\/wp-json\/wp\/v2\/pages\/248\/revisions\/100200"}],"wp:featuredmedia":[{"embeddable":true,"href":"https:\/\/hockey.praguesbarrel.eu\/de\/wp-json\/wp\/v2\/media\/97997"}],"wp:attachment":[{"href":"https:\/\/hockey.praguesbarrel.eu\/de\/wp-json\/wp\/v2\/media?parent=248"}],"curies":[{"name":"wp","href":"https:\/\/api.w.org\/{rel}","templated":true}]}}