{"id":262,"date":"2014-10-14T19:21:50","date_gmt":"2014-10-14T18:21:50","guid":{"rendered":"http:\/\/pbh.delab.cz\/?page_id=262"},"modified":"2023-11-15T11:26:06","modified_gmt":"2023-11-15T10:26:06","slug":"registrierung","status":"publish","type":"page","link":"https:\/\/hockey.praguesbarrel.eu\/de\/registrierung\/","title":{"rendered":"Registrierung"},"content":{"rendered":"<p>Melden Sie sich f\u00fcr das internationale Turnier f\u00fcr Amateure Ums Prager F\u00e4sschen an. Sie k\u00f6nnen zwischen mehreren Terminen w\u00e4hlen. Wenn Sie das Anmeldeformular ausgef\u00fcllt und abgeschickt haben, melden wir uns bei Ihnen. <script type=\"text\/javascript\" src=\"https:\/\/form.jotformeu.com\/jsform\/60735988502363\"><\/script><\/p>\n<p>Wenn Sie das Registrierungsformular nicht sehen, versuchen Sie es einfach mit einem anderen Website-Browser. Danke.<\/p>\n","protected":false},"excerpt":{"rendered":"<p>Melden Sie sich f\u00fcr das internationale Turnier f\u00fcr Amateure Ums Prager F\u00e4sschen an. Sie k\u00f6nnen zwischen mehreren Terminen w\u00e4hlen. Wenn Sie das Anmeldeformular ausgef\u00fcllt und abgeschickt haben, melden wir uns bei Ihnen. Wenn Sie das Registrierungsformular nicht sehen, versuchen Sie es einfach mit einem anderen Website-Browser. Danke.<\/p>\n","protected":false},"author":3,"featured_media":98003,"parent":0,"menu_order":0,"comment_status":"closed","ping_status":"closed","template":"","meta":{"footnotes":""},"class_list":["post-262","page","type-page","status-publish","has-post-thumbnail","hentry"],"yoast_head":"<!-- This site is optimized with the Yoast SEO plugin v26.9 - https:\/\/yoast.com\/product\/yoast-seo-wordpress\/ -->\n<title>Registrierung - Amateur-Eishockeyturnier Prague&#039;s Barrel<\/title>\n<meta name=\"description\" content=\"Melden Sie Ihr Team auf das n\u00e4chste Jahr. Erleben Sie 4 Tage voller Eishockey, Spa\u00df, Bier und freundliche Atmosph\u00e4re.\" \/>\n<meta name=\"robots\" content=\"index, follow, max-snippet:-1, max-image-preview:large, max-video-preview:-1\" \/>\n<link rel=\"canonical\" href=\"https:\/\/hockey.praguesbarrel.eu\/de\/registrierung\/\" \/>\n<meta property=\"og:locale\" content=\"de_DE\" \/>\n<meta property=\"og:type\" content=\"article\" \/>\n<meta property=\"og:title\" content=\"Registrierung - Amateur-Eishockeyturnier Prague&#039;s Barrel\" \/>\n<meta property=\"og:description\" content=\"Melden Sie Ihr Team auf das n\u00e4chste Jahr. Erleben Sie 4 Tage voller Eishockey, Spa\u00df, Bier und freundliche Atmosph\u00e4re.\" \/>\n<meta property=\"og:url\" content=\"https:\/\/hockey.praguesbarrel.eu\/de\/registrierung\/\" \/>\n<meta property=\"og:site_name\" content=\"Prague&#039;s Barrel Hockey Tournament\" \/>\n<meta property=\"article:publisher\" content=\"https:\/\/www.facebook.com\/PraguesBarrelTournaments\" \/>\n<meta property=\"article:modified_time\" content=\"2023-11-15T10:26:06+00:00\" \/>\n<meta property=\"og:image\" content=\"https:\/\/hockey.praguesbarrel.eu\/wp-content\/uploads\/2023\/11\/cena.jpeg\" \/>\n\t<meta property=\"og:image:width\" content=\"1832\" \/>\n\t<meta property=\"og:image:height\" content=\"1224\" \/>\n\t<meta property=\"og:image:type\" content=\"image\/jpeg\" \/>\n<meta name=\"twitter:label1\" content=\"Gesch\u00e4tzte Lesezeit\" \/>\n\t<meta name=\"twitter:data1\" content=\"1\u00a0Minute\" \/>\n<script type=\"application\/ld+json\" class=\"yoast-schema-graph\">{\"@context\":\"https:\/\/schema.org\",\"@graph\":[{\"@type\":\"WebPage\",\"@id\":\"https:\/\/hockey.praguesbarrel.eu\/de\/registrierung\/\",\"url\":\"https:\/\/hockey.praguesbarrel.eu\/de\/registrierung\/\",\"name\":\"Registrierung - Amateur-Eishockeyturnier Prague's Barrel\",\"isPartOf\":{\"@id\":\"https:\/\/hockey.praguesbarrel.eu\/#website\"},\"primaryImageOfPage\":{\"@id\":\"https:\/\/hockey.praguesbarrel.eu\/de\/registrierung\/#primaryimage\"},\"image\":{\"@id\":\"https:\/\/hockey.praguesbarrel.eu\/de\/registrierung\/#primaryimage\"},\"thumbnailUrl\":\"https:\/\/hockey.praguesbarrel.eu\/wp-content\/uploads\/2023\/11\/cena.jpeg\",\"datePublished\":\"2014-10-14T18:21:50+00:00\",\"dateModified\":\"2023-11-15T10:26:06+00:00\",\"description\":\"Melden Sie Ihr Team auf das n\u00e4chste Jahr. Erleben Sie 4 Tage voller Eishockey, Spa\u00df, Bier und freundliche Atmosph\u00e4re.\",\"breadcrumb\":{\"@id\":\"https:\/\/hockey.praguesbarrel.eu\/de\/registrierung\/#breadcrumb\"},\"inLanguage\":\"de\",\"potentialAction\":[{\"@type\":\"ReadAction\",\"target\":[\"https:\/\/hockey.praguesbarrel.eu\/de\/registrierung\/\"]}]},{\"@type\":\"ImageObject\",\"inLanguage\":\"de\",\"@id\":\"https:\/\/hockey.praguesbarrel.eu\/de\/registrierung\/#primaryimage\",\"url\":\"https:\/\/hockey.praguesbarrel.eu\/wp-content\/uploads\/2023\/11\/cena.jpeg\",\"contentUrl\":\"https:\/\/hockey.praguesbarrel.eu\/wp-content\/uploads\/2023\/11\/cena.jpeg\",\"width\":1832,\"height\":1224},{\"@type\":\"BreadcrumbList\",\"@id\":\"https:\/\/hockey.praguesbarrel.eu\/de\/registrierung\/#breadcrumb\",\"itemListElement\":[{\"@type\":\"ListItem\",\"position\":1,\"name\":\"Home\",\"item\":\"https:\/\/hockey.praguesbarrel.eu\/de\/\"},{\"@type\":\"ListItem\",\"position\":2,\"name\":\"Registrierung\"}]},{\"@type\":\"WebSite\",\"@id\":\"https:\/\/hockey.praguesbarrel.eu\/#website\",\"url\":\"https:\/\/hockey.praguesbarrel.eu\/\",\"name\":\"Prague&#039;s Barrel Hockey Tournament\",\"description\":\"Ice Hockey Tournament for amateur athletes\",\"publisher\":{\"@id\":\"https:\/\/hockey.praguesbarrel.eu\/#organization\"},\"potentialAction\":[{\"@type\":\"SearchAction\",\"target\":{\"@type\":\"EntryPoint\",\"urlTemplate\":\"https:\/\/hockey.praguesbarrel.eu\/?s={search_term_string}\"},\"query-input\":{\"@type\":\"PropertyValueSpecification\",\"valueRequired\":true,\"valueName\":\"search_term_string\"}}],\"inLanguage\":\"de\"},{\"@type\":\"Organization\",\"@id\":\"https:\/\/hockey.praguesbarrel.eu\/#organization\",\"name\":\"Prague's Barrel\",\"url\":\"https:\/\/hockey.praguesbarrel.eu\/\",\"logo\":{\"@type\":\"ImageObject\",\"inLanguage\":\"de\",\"@id\":\"https:\/\/hockey.praguesbarrel.eu\/#\/schema\/logo\/image\/\",\"url\":\"https:\/\/hockey.praguesbarrel.eu\/wp-content\/uploads\/2015\/07\/unimalej-2.jpg\",\"contentUrl\":\"https:\/\/hockey.praguesbarrel.eu\/wp-content\/uploads\/2015\/07\/unimalej-2.jpg\",\"width\":200,\"height\":200,\"caption\":\"Prague's Barrel\"},\"image\":{\"@id\":\"https:\/\/hockey.praguesbarrel.eu\/#\/schema\/logo\/image\/\"},\"sameAs\":[\"https:\/\/www.facebook.com\/PraguesBarrelTournaments\"]}]}<\/script>\n<!-- \/ Yoast SEO plugin. -->","yoast_head_json":{"title":"Registrierung - Amateur-Eishockeyturnier Prague's Barrel","description":"Melden Sie Ihr Team auf das n\u00e4chste Jahr. Erleben Sie 4 Tage voller Eishockey, Spa\u00df, Bier und freundliche Atmosph\u00e4re.","robots":{"index":"index","follow":"follow","max-snippet":"max-snippet:-1","max-image-preview":"max-image-preview:large","max-video-preview":"max-video-preview:-1"},"canonical":"https:\/\/hockey.praguesbarrel.eu\/de\/registrierung\/","og_locale":"de_DE","og_type":"article","og_title":"Registrierung - Amateur-Eishockeyturnier Prague's Barrel","og_description":"Melden Sie Ihr Team auf das n\u00e4chste Jahr. Erleben Sie 4 Tage voller Eishockey, Spa\u00df, Bier und freundliche Atmosph\u00e4re.","og_url":"https:\/\/hockey.praguesbarrel.eu\/de\/registrierung\/","og_site_name":"Prague&#039;s Barrel Hockey Tournament","article_publisher":"https:\/\/www.facebook.com\/PraguesBarrelTournaments","article_modified_time":"2023-11-15T10:26:06+00:00","og_image":[{"width":1832,"height":1224,"url":"https:\/\/hockey.praguesbarrel.eu\/wp-content\/uploads\/2023\/11\/cena.jpeg","type":"image\/jpeg"}],"twitter_misc":{"Gesch\u00e4tzte Lesezeit":"1\u00a0Minute"},"schema":{"@context":"https:\/\/schema.org","@graph":[{"@type":"WebPage","@id":"https:\/\/hockey.praguesbarrel.eu\/de\/registrierung\/","url":"https:\/\/hockey.praguesbarrel.eu\/de\/registrierung\/","name":"Registrierung - Amateur-Eishockeyturnier Prague's Barrel","isPartOf":{"@id":"https:\/\/hockey.praguesbarrel.eu\/#website"},"primaryImageOfPage":{"@id":"https:\/\/hockey.praguesbarrel.eu\/de\/registrierung\/#primaryimage"},"image":{"@id":"https:\/\/hockey.praguesbarrel.eu\/de\/registrierung\/#primaryimage"},"thumbnailUrl":"https:\/\/hockey.praguesbarrel.eu\/wp-content\/uploads\/2023\/11\/cena.jpeg","datePublished":"2014-10-14T18:21:50+00:00","dateModified":"2023-11-15T10:26:06+00:00","description":"Melden Sie Ihr Team auf das n\u00e4chste Jahr. Erleben Sie 4 Tage voller Eishockey, Spa\u00df, Bier und freundliche Atmosph\u00e4re.","breadcrumb":{"@id":"https:\/\/hockey.praguesbarrel.eu\/de\/registrierung\/#breadcrumb"},"inLanguage":"de","potentialAction":[{"@type":"ReadAction","target":["https:\/\/hockey.praguesbarrel.eu\/de\/registrierung\/"]}]},{"@type":"ImageObject","inLanguage":"de","@id":"https:\/\/hockey.praguesbarrel.eu\/de\/registrierung\/#primaryimage","url":"https:\/\/hockey.praguesbarrel.eu\/wp-content\/uploads\/2023\/11\/cena.jpeg","contentUrl":"https:\/\/hockey.praguesbarrel.eu\/wp-content\/uploads\/2023\/11\/cena.jpeg","width":1832,"height":1224},{"@type":"BreadcrumbList","@id":"https:\/\/hockey.praguesbarrel.eu\/de\/registrierung\/#breadcrumb","itemListElement":[{"@type":"ListItem","position":1,"name":"Home","item":"https:\/\/hockey.praguesbarrel.eu\/de\/"},{"@type":"ListItem","position":2,"name":"Registrierung"}]},{"@type":"WebSite","@id":"https:\/\/hockey.praguesbarrel.eu\/#website","url":"https:\/\/hockey.praguesbarrel.eu\/","name":"Prague&#039;s Barrel Hockey Tournament","description":"Ice Hockey Tournament for amateur athletes","publisher":{"@id":"https:\/\/hockey.praguesbarrel.eu\/#organization"},"potentialAction":[{"@type":"SearchAction","target":{"@type":"EntryPoint","urlTemplate":"https:\/\/hockey.praguesbarrel.eu\/?s={search_term_string}"},"query-input":{"@type":"PropertyValueSpecification","valueRequired":true,"valueName":"search_term_string"}}],"inLanguage":"de"},{"@type":"Organization","@id":"https:\/\/hockey.praguesbarrel.eu\/#organization","name":"Prague's Barrel","url":"https:\/\/hockey.praguesbarrel.eu\/","logo":{"@type":"ImageObject","inLanguage":"de","@id":"https:\/\/hockey.praguesbarrel.eu\/#\/schema\/logo\/image\/","url":"https:\/\/hockey.praguesbarrel.eu\/wp-content\/uploads\/2015\/07\/unimalej-2.jpg","contentUrl":"https:\/\/hockey.praguesbarrel.eu\/wp-content\/uploads\/2015\/07\/unimalej-2.jpg","width":200,"height":200,"caption":"Prague's Barrel"},"image":{"@id":"https:\/\/hockey.praguesbarrel.eu\/#\/schema\/logo\/image\/"},"sameAs":["https:\/\/www.facebook.com\/PraguesBarrelTournaments"]}]}},"_links":{"self":[{"href":"https:\/\/hockey.praguesbarrel.eu\/de\/wp-json\/wp\/v2\/pages\/262","targetHints":{"allow":["GET"]}}],"collection":[{"href":"https:\/\/hockey.praguesbarrel.eu\/de\/wp-json\/wp\/v2\/pages"}],"about":[{"href":"https:\/\/hockey.praguesbarrel.eu\/de\/wp-json\/wp\/v2\/types\/page"}],"author":[{"embeddable":true,"href":"https:\/\/hockey.praguesbarrel.eu\/de\/wp-json\/wp\/v2\/users\/3"}],"replies":[{"embeddable":true,"href":"https:\/\/hockey.praguesbarrel.eu\/de\/wp-json\/wp\/v2\/comments?post=262"}],"version-history":[{"count":6,"href":"https:\/\/hockey.praguesbarrel.eu\/de\/wp-json\/wp\/v2\/pages\/262\/revisions"}],"predecessor-version":[{"id":97514,"href":"https:\/\/hockey.praguesbarrel.eu\/de\/wp-json\/wp\/v2\/pages\/262\/revisions\/97514"}],"wp:featuredmedia":[{"embeddable":true,"href":"https:\/\/hockey.praguesbarrel.eu\/de\/wp-json\/wp\/v2\/media\/98003"}],"wp:attachment":[{"href":"https:\/\/hockey.praguesbarrel.eu\/de\/wp-json\/wp\/v2\/media?parent=262"}],"curies":[{"name":"wp","href":"https:\/\/api.w.org\/{rel}","templated":true}]}}