{"id":100074,"date":"2026-01-07T22:47:02","date_gmt":"2026-01-07T21:47:02","guid":{"rendered":"https:\/\/hockey.praguesbarrel.eu\/?page_id=100074"},"modified":"2026-01-07T22:47:02","modified_gmt":"2026-01-07T21:47:02","slug":"tournoi","status":"publish","type":"page","link":"https:\/\/hockey.praguesbarrel.eu\/fr\/tournoi\/","title":{"rendered":"Tournoi"},"content":{"rendered":"<p><strong>Le Prague&rsquo;s Barrel est un tournoi international de hockey sur glace destin\u00e9 aux \u00e9quipes amateurs et de loisirs<\/strong> qui souhaitent passer quatre jours inoubliables \u00e0 Prague sous le signe du hockey, de l&rsquo;amiti\u00e9 et du plaisir. Que votre \u00e9quipe soit compos\u00e9e de guerriers du week-end ou d&rsquo;amis qui s&rsquo;aventurent sur la glace pour la premi\u00e8re fois, vous \u00eates les bienvenus. Notre forfait comprend l&rsquo;h\u00e9bergement \u00e0 l&rsquo;h\u00f4tel, les transferts locaux, la pension compl\u00e8te, l&rsquo;inscription au tournoi et<strong> la bi\u00e8re \u00e0 volont\u00e9 \u00absans fond\u00bb<\/strong> lors de tout le programme officiel. Avec plus de 30 ans d&rsquo;exp\u00e9rience (<a href=\"https:\/\/hockey.praguesbarrel.eu\/fr\/results\/\">voir tous les r\u00e9sultats<\/a>), nous nous occupons de chaque d\u00e9tail afin que vous puissiez vous concentrer sur les matchs, la bi\u00e8re fra\u00eeche et les souvenirs inoubliables.<\/p>\n<h2>Pourquoi les \u00e9quipes choisissent Prague&rsquo;s Barrel<\/h2>\n<ul>\n<li><strong>Parfait pour les \u00e9quipes amateurs et de loisirs :<\/strong> format inclusif, ambiance conviviale, fair-play avant tout.<\/li>\n<li><strong>Prague est une ville magnifique et facile d&rsquo;acc\u00e8s :<\/strong> donnez tout sur la glace, explorez la ville la nuit.<\/li>\n<li><strong>Nous nous occupons de la logistique :<\/strong> h\u00e9bergement, repas, transferts et assistance sur place sont inclus.<\/li>\n<li><strong>Bi\u00e8re \u00e0 volont\u00e9 et programme social :<\/strong> d\u00eener tch\u00e8que, f\u00eate sur un bateau, \u00e9v\u00e9nements en soir\u00e9e et visites touristiques.<\/li>\n<li><strong>Des d\u00e9cennies d&rsquo;exp\u00e9rience :<\/strong> organisateurs de confiance, programmes fluides et \u00e9quipes qui reviennent ann\u00e9e apr\u00e8s ann\u00e9e.<\/li>\n<\/ul>\n<p><strong>Vous h\u00e9sitez encore ?<\/strong> D\u00e9couvrez <a href=\"https:\/\/hockey.praguesbarrel.eu\/fr\/equipes-inscrites\/\">les \u00e9quipes d\u00e9j\u00e0 inscrites<\/a> et rejoignez la grande communaut\u00e9 de joueurs et de fans du tournoi de hockey sur glace Prague&rsquo;s Barrel.<\/p>\n<div class=\"ytvideo-wrapper\"><iframe title=\"YouTube video player\" src=\"https:\/\/www.youtube.com\/embed\/D_8bueRdVTQ?si=loiZGqaXits9ecRJ\" frameborder=\"0\" allowfullscreen=\"allowfullscreen\"><span data-mce-type=\"bookmark\" style=\"display: inline-block; width: 0px; overflow: hidden; line-height: 0;\" class=\"mce_SELRES_start\">\ufeff<\/span><\/iframe><\/div>\n<h2>QUI PEUT PARTICIPER ?<\/h2>\n<p>Toute \u00e9quipe amateur de hockey \u00e0 la recherche d&rsquo;un tournoi bien organis\u00e9, convivial et o\u00f9 la bi\u00e8re coule \u00e0 flots, au c\u0153ur de l&rsquo;Europe. Nous recommandons des effectifs <strong>d&rsquo;environ 15 \u00e0 20 joueurs<\/strong> ; la taille minimale d&rsquo;une \u00e9quipe est de 12 joueurs.<\/p>\n<h2>comment LE TOURNOI se d\u00e9roule<\/h2>\n<p><a href=\"https:\/\/hockey.praguesbarrel.eu\/wp-content\/uploads\/2024\/08\/Experience_hokej_prezentace_compressed.pdf\"><img loading=\"lazy\" decoding=\"async\" class=\"alignnone size-full wp-image-76128\" src=\"https:\/\/hockey.praguesbarrel.eu\/wp-content\/uploads\/2024\/08\/Experience_hokej_prezentace.gif\" alt=\"\" width=\"1152\" height=\"648\" \/><\/a><\/p>\n<h4 style=\"text-align: justify;\">D\u00e9couvrez l&rsquo;Histoire DE 20 ANS de Prague&rsquo;s Barrel<\/h4>\n<p style=\"text-align: justify;\">Regardez l&rsquo;histoire riche de Prague&rsquo;s Barrel, un tournoi de hockey sur glace pr\u00e9f\u00e9r\u00e9. Notre carte interactive pr\u00e9sente chaque \u00e9quipe qui a mis les pieds \u00e0 la patinoire de ce tournoi iconique au cours des vingt derni\u00e8res ann\u00e9es. Diversit\u00e9 internationale, belles performances sportives, amiti\u00e9 et bi\u00e8re illimit\u00e9e &#8211; cela Prague&rsquo;s Barrel.<\/p>\n<div class=\"ytvideo-wrapper\"><iframe loading=\"lazy\" src=\"https:\/\/www.google.com\/maps\/d\/embed?mid=1T9cXzzW1WHm1kXBBpW1HsBQHZrG2Vyk&amp;hl=cs&amp;ehbc=2E312F\" width=\"640\" height=\"480\"><\/iframe><\/div>\n<style>#sp-ea-99716 .spcollapsing { height: 0; overflow: hidden; transition-property: height;transition-duration: 300ms;}#sp-ea-99716.sp-easy-accordion>.sp-ea-single {margin-bottom: 10px; border: 1px solid #e2e2e2; }#sp-ea-99716.sp-easy-accordion>.sp-ea-single>.ea-header a {color: #444;}#sp-ea-99716.sp-easy-accordion>.sp-ea-single>.sp-collapse>.ea-body {background: #fff; color: #444;}#sp-ea-99716.sp-easy-accordion>.sp-ea-single {background: #eee;}#sp-ea-99716.sp-easy-accordion>.sp-ea-single>.ea-header a .ea-expand-icon { float: left; color: #444;font-size: 16px;}<\/style><div id=\"sp_easy_accordion-1760950791\"><div id=\"sp-ea-99716\" class=\"sp-ea-one sp-easy-accordion\" data-ea-active=\"ea-click\" data-ea-mode=\"vertical\" data-preloader=\"\" data-scroll-active-item=\"\" data-offset-to-scroll=\"0\"><div class=\"ea-card ea-expand sp-ea-single\"><h3 class=\"ea-header\"><a class=\"collapsed\" id=\"ea-header-997160\" role=\"button\" data-sptoggle=\"spcollapse\" data-sptarget=\"#collapse997160\" aria-controls=\"collapse997160\" href=\"#\" aria-expanded=\"true\" tabindex=\"0\"><i aria-hidden=\"true\" role=\"presentation\" class=\"ea-expand-icon eap-icon-ea-expand-minus\"><\/i> Programme<\/a><\/h3><div class=\"sp-collapse spcollapse collapsed show\" id=\"collapse997160\" data-parent=\"#sp-ea-99716\" role=\"region\" aria-labelledby=\"ea-header-997160\"> <div class=\"ea-body\"><h3><strong>JEUDI<\/strong><\/h3><ul><li>16:00 \u2013 18:00 Arriv\u00e9e et h\u00e9bergement<\/li><li>19:30 \u2013 22:00 D\u00eener au restaurant traditionnel tch\u00e8que<\/li><li>22:00 \u2013 ? Temps libre<\/li><\/ul><h3><strong>VENDREDI<\/strong><\/h3><ul><li>7:00 \u2013 10:00 Petit d\u00e9jeuner \u00e0 l'h\u00f4tel<\/li><li>8:00 \u2013 11:00 D\u00e9part pour le stade<\/li><li>9:00 \u2013 16:00 Programme sportif (d\u00e9jeuner au restaurant du stade)<\/li><li>16:00 \u2013 19:30 Temps libre (achats, visite de la ville)<\/li><li>20:00 \u2013 22:00 D\u00eener au restaurant traditionnel tch\u00e8que \/ Croisi\u00e8re en bateau mouche sur le fleuve avec d\u00eener<\/li><li>22:00 \u2013\u00a0? Temps libre<\/li><\/ul><h3><strong>SAMEDI<\/strong><\/h3><ul><li>7:00 \u2013 10:00 Petit d\u00e9jeuner \u00e0 l'h\u00f4tel<\/li><li>8:00 \u2013 11:00 D\u00e9part pour le stade<\/li><li>9:00 \u2013 16:00 Programme sportif (d\u00e9jeuner au restaurant du stade)<\/li><li>16:00 \u2013 19:00 Temps libre (achats, visite de la ville)<\/li><li>20:00 \u2013 0:00 C\u00e9r\u00e9monie de cl\u00f4ture avec la remise des prix, le d\u00eener et la musique<\/li><li>Temps libre - Party time<\/li><\/ul><h3><strong>DIMANCHE<\/strong><\/h3><ul><li>7:00 \u2013 10:00 Petit d\u00e9jeuner \u00e0 l'h\u00f4tel<\/li><li>10:00 \u2013 ? Temps libre, d\u00e9part<\/li><\/ul><p>Remarque : les horaires et lieux exacts des matchs seront confirm\u00e9s dans la newsletter pr\u00e9c\u00e9dant l'\u00e9v\u00e9nement. Le programme peut \u00eatre modifi\u00e9 en fonction du nombre d'\u00e9quipes et de la disponibilit\u00e9 des patinoires.<\/p><\/div><\/div><\/div><div class=\"ea-card sp-ea-single\"><h3 class=\"ea-header\"><a class=\"collapsed\" id=\"ea-header-997161\" role=\"button\" data-sptoggle=\"spcollapse\" data-sptarget=\"#collapse997161\" aria-controls=\"collapse997161\" href=\"#\" aria-expanded=\"false\" tabindex=\"0\"><i aria-hidden=\"true\" role=\"presentation\" class=\"ea-expand-icon eap-icon-ea-expand-plus\"><\/i> R\u00e8gles<\/a><\/h3><div class=\"sp-collapse spcollapse \" id=\"collapse997161\" data-parent=\"#sp-ea-99716\" role=\"region\" aria-labelledby=\"ea-header-997161\"> <div class=\"ea-body\"><p style=\"text-align: justify\">Le tournoi de hockey sur glace Prague's Barrel, c\u2019est surtout l\u2019amusement, de nouvelles amiti\u00e9s, de la bi\u00e8re et sans doute aussi d\u2019excellentes performances sportives de tous les participants. Pour que le tournoi se d\u00e9roule sans complications et sans querelles inutiles, il faut conna\u00eetre et respecter les r\u00e8gles cit\u00e9es ci- dessous.<\/p><h3 style=\"text-align: justify\"><strong>R\u00c8GLES DE BASES<\/strong><\/h3><ul style=\"text-align: justify\"><li>Les joueurs qui jouent dans une ligue professionnelle pendant cette saison de hockey ou ont un contrat professionnel pendant cette saison sont in\u00e9ligibles. Cependant, une exception permet un maximum de trois joueurs par \u00e9quipe ayant un contrat professionnel durant la saison en cours, mais uniquement au niveau professionnel le plus bas. Les capitaines d'\u00e9quipe doivent nous informer \u00e0 l'avance si leur \u00e9quipe comprend de tels joueurs, afin que l'exception puisse \u00eatre examin\u00e9e et approuv\u00e9e par le responsable sportif du tournoi.<\/li><li>Les matches se d\u00e9roulent selon les r\u00e8gles en vigueur de la IIHF.<\/li><li>Pas de timeout pendant le match.<\/li><li>Un match dure 3x 15 minutes et on n\u2019applique pas le temps effectif, c.-\u00e0-d. le temps n\u2019est pas arr\u00eat\u00e9 pendant une interruption du jeu, s\u2019il reste 2 minutes jusqu\u2019\u00e0 la fin du match et la diff\u00e9rence du score est au maximum d\u2019un but, on arr\u00eate le temps pendant une interruption du jeu.<\/li><li>En phase de groupe, il peut y avoir \u00e9galit\u00e9, lors des matchs de barrage, en cas d'\u00e9galit\u00e9, il y aura une s\u00e9ance de tirs au but (3 tireurs), en cas d'\u00e9galit\u00e9 apr\u00e8s 3 s\u00e9ances de tirs au but, il y aura 1 s\u00e9ance de tirs au but suppl\u00e9mentaire (peut \u00eatre le m\u00eame joueur), etc.<\/li><li>Le slap shot n'est pas autoris\u00e9, le contact est autoris\u00e9 dans une mesure limit\u00e9e dans le cadre des r\u00e8gles du hockey f\u00e9minin, ces deux r\u00e8gles peuvent \u00eatre annul\u00e9es avec l'accord des deux capitaines avant le match.<\/li><li>P\u00e9nalit\u00e9s : Mineure - 2 minutes, majeure - 5 minutes, mauvaise conduite - 10 minutes, mauvaise conduite pour le match - expulsion du match seulement.<\/li><li>Aucune mise en \u00e9chec n'est permise - un joueur qui entre en contact avec le corps se verra infliger une p\u00e9nalit\u00e9 mineure au minimum. Une p\u00e9nalit\u00e9 pour mise en \u00e9chec par derri\u00e8re est une p\u00e9nalit\u00e9 majeure de 5 minutes, plus une p\u00e9nalit\u00e9 d'inconduite de match et le match suivant. 10 minutes de m\u00e9conduite - seront donn\u00e9es aux joueurs\/entra\u00eeneurs qui abusent verbalement des arbitres. Si un joueur continue, il se verra infliger une m\u00e9conduite de match.<\/li><li>Seul le capitaine peut discuter d'une situation controvers\u00e9e avec l'arbitre pendant le match. Le capitaine doit \u00eatre clairement identifi\u00e9.<\/li><li>Chaque participant joue \u00e0 ses propres risques, l'organisateur fournit les premiers soins, PAS l'assurance maladie. Veuillez avoir votre carte d'assurance en permanence sur vous.<\/li><li>Si une \u00e9quipe ne se pr\u00e9sente pas sur la glace dans les cinq minutes qui suivent le d\u00e9but officiel du match, le match est perdu par d\u00e9faut en faveur de l'autre \u00e9quipe 3-0.<\/li><li>L'organisateur se r\u00e9serve le droit d'\u00e9courter le match pour des raisons de retard.<\/li><li>Un joueur ne peut jouer que pour une seule \u00e9quipe dans le tournoi, tous les joueurs qui jouent dans le tournoi doivent \u00eatre inscrits sur la liste et la liste doit \u00eatre remise aux organisateurs avant le tournoi (si un joueur n'est pas inscrit sur la liste, les organisateurs peuvent exclure le joueur ou toute l'\u00e9quipe), il est interdit d'emprunter des joueurs, sauf avec l'autorisation de l'arbitre et du capitaine de l'\u00e9quipe oppos\u00e9e avant le match.<\/li><li>Il est interdit d'endommager la patinoire et les vestiaires de quelque mani\u00e8re que ce soit.<\/li><\/ul><\/div><\/div><\/div><div class=\"ea-card sp-ea-single\"><h3 class=\"ea-header\"><a class=\"collapsed\" id=\"ea-header-997162\" role=\"button\" data-sptoggle=\"spcollapse\" data-sptarget=\"#collapse997162\" aria-controls=\"collapse997162\" href=\"#\" aria-expanded=\"false\" tabindex=\"0\"><i aria-hidden=\"true\" role=\"presentation\" class=\"ea-expand-icon eap-icon-ea-expand-plus\"><\/i> \u00a0Syst\u00e8me<\/a><\/h3><div class=\"sp-collapse spcollapse \" id=\"collapse997162\" data-parent=\"#sp-ea-99716\" role=\"region\" aria-labelledby=\"ea-header-997162\"> <div class=\"ea-body\"><p>Le syst\u00e8me sera pr\u00e9cis\u00e9 dans la newsletter avant le tournoi, g\u00e9n\u00e9ralement une \u00e9quipe joue 2 matchs chaque jour \u2013 le premier jour en poules et le deuxi\u00e8me en play-off pour le classement.<\/p><p style=\"text-align: justify\">Les r\u00e8gles officielles du tournoi sont celles en langue anglaise.<\/p><\/div><\/div><\/div><div class=\"ea-card sp-ea-single\"><h3 class=\"ea-header\"><a class=\"collapsed\" id=\"ea-header-997163\" role=\"button\" data-sptoggle=\"spcollapse\" data-sptarget=\"#collapse997163\" aria-controls=\"collapse997163\" href=\"#\" aria-expanded=\"false\" tabindex=\"0\"><i aria-hidden=\"true\" role=\"presentation\" class=\"ea-expand-icon eap-icon-ea-expand-plus\"><\/i> Patinoire<\/a><\/h3><div class=\"sp-collapse spcollapse \" id=\"collapse997163\" data-parent=\"#sp-ea-99716\" role=\"region\" aria-labelledby=\"ea-header-997163\"> <div class=\"ea-body\"><p><strong>La patinoire Let\u0148any<\/strong> (addresse: Tupolevova 699, Praha 9 - Let\u0148any) est<strong> un complexe moderne et polyvalent dot\u00e9 de deux patinoires couvertes et d'une glace fiable toute l'ann\u00e9e<\/strong>, id\u00e9al pour une programmation fluide et des matchs cons\u00e9cutifs pendant le Barrel de Prague.<\/p><h3>Commodit\u00e9s sur place<\/h3><ul><li>Restaurant et salon au bord de la patinoire<\/li><li>Centre de remise en forme, sauna et solarium<\/li><li>Magasin de sport, location et aff\u00fbtage de patins<\/li><li>Installations pour les \u00e9quipes avec vestiaires confortables et salles de s\u00e9chage<\/li><\/ul><h3>Emplacement et acc\u00e8s<\/h3><p>La patinoire est situ\u00e9e \u00e0 Prague 9 - Let\u0148any, \u00e0 quelques pas du centre commercial Let\u0148any, ce qui vous offre de nombreuses possibilit\u00e9s pour vous d\u00e9tendre entre les matchs. Elle est facilement accessible par les transports publics et dispose \u00e9galement d'un parking.<\/p><\/div><\/div><\/div><\/div><\/div>\n","protected":false},"excerpt":{"rendered":"<p>Le Prague&rsquo;s Barrel est un tournoi international de hockey sur glace destin\u00e9 aux \u00e9quipes amateurs et de loisirs qui souhaitent passer quatre jours inoubliables \u00e0 Prague sous le signe du hockey, de l&rsquo;amiti\u00e9 et du plaisir. Que votre \u00e9quipe soit compos\u00e9e de guerriers du week-end ou d&rsquo;amis qui s&rsquo;aventurent sur la glace pour la premi\u00e8re&#8230;<\/p>\n","protected":false},"author":3,"featured_media":0,"parent":0,"menu_order":0,"comment_status":"closed","ping_status":"closed","template":"","meta":{"footnotes":""},"class_list":["post-100074","page","type-page","status-publish","hentry"],"yoast_head":"<!-- This site is optimized with the Yoast SEO plugin v26.9 - https:\/\/yoast.com\/product\/yoast-seo-wordpress\/ -->\n<title>Tournoi - Prague&#039;s Barrel Hockey Tournament<\/title>\n<meta name=\"robots\" content=\"index, follow, max-snippet:-1, max-image-preview:large, max-video-preview:-1\" \/>\n<link rel=\"canonical\" href=\"https:\/\/hockey.praguesbarrel.eu\/fr\/tournoi\/\" \/>\n<meta property=\"og:locale\" content=\"fr_FR\" \/>\n<meta property=\"og:type\" content=\"article\" \/>\n<meta property=\"og:title\" content=\"Tournoi - Prague&#039;s Barrel Hockey Tournament\" \/>\n<meta property=\"og:description\" content=\"Le Prague&rsquo;s Barrel est un tournoi international de hockey sur glace destin\u00e9 aux \u00e9quipes amateurs et de loisirs qui souhaitent passer quatre jours inoubliables \u00e0 Prague sous le signe du hockey, de l&rsquo;amiti\u00e9 et du plaisir. Que votre \u00e9quipe soit compos\u00e9e de guerriers du week-end ou d&rsquo;amis qui s&rsquo;aventurent sur la glace pour la premi\u00e8re...\" \/>\n<meta property=\"og:url\" content=\"https:\/\/hockey.praguesbarrel.eu\/fr\/tournoi\/\" \/>\n<meta property=\"og:site_name\" content=\"Prague&#039;s Barrel Hockey Tournament\" \/>\n<meta property=\"article:publisher\" content=\"https:\/\/www.facebook.com\/PraguesBarrelTournaments\" \/>\n<meta property=\"og:image\" content=\"https:\/\/hockey.praguesbarrel.eu\/wp-content\/uploads\/2024\/08\/Experience_hokej_prezentace.gif\" \/>\n<script type=\"application\/ld+json\" class=\"yoast-schema-graph\">{\"@context\":\"https:\/\/schema.org\",\"@graph\":[{\"@type\":\"WebPage\",\"@id\":\"https:\/\/hockey.praguesbarrel.eu\/fr\/tournoi\/\",\"url\":\"https:\/\/hockey.praguesbarrel.eu\/fr\/tournoi\/\",\"name\":\"Tournoi - Prague&#039;s Barrel Hockey Tournament\",\"isPartOf\":{\"@id\":\"https:\/\/hockey.praguesbarrel.eu\/#website\"},\"primaryImageOfPage\":{\"@id\":\"https:\/\/hockey.praguesbarrel.eu\/fr\/tournoi\/#primaryimage\"},\"image\":{\"@id\":\"https:\/\/hockey.praguesbarrel.eu\/fr\/tournoi\/#primaryimage\"},\"thumbnailUrl\":\"https:\/\/hockey.praguesbarrel.eu\/wp-content\/uploads\/2024\/08\/Experience_hokej_prezentace.gif\",\"datePublished\":\"2026-01-07T21:47:02+00:00\",\"breadcrumb\":{\"@id\":\"https:\/\/hockey.praguesbarrel.eu\/fr\/tournoi\/#breadcrumb\"},\"inLanguage\":\"fr-FR\",\"potentialAction\":[{\"@type\":\"ReadAction\",\"target\":[\"https:\/\/hockey.praguesbarrel.eu\/fr\/tournoi\/\"]}]},{\"@type\":\"ImageObject\",\"inLanguage\":\"fr-FR\",\"@id\":\"https:\/\/hockey.praguesbarrel.eu\/fr\/tournoi\/#primaryimage\",\"url\":\"https:\/\/hockey.praguesbarrel.eu\/wp-content\/uploads\/2024\/08\/Experience_hokej_prezentace.gif\",\"contentUrl\":\"https:\/\/hockey.praguesbarrel.eu\/wp-content\/uploads\/2024\/08\/Experience_hokej_prezentace.gif\"},{\"@type\":\"BreadcrumbList\",\"@id\":\"https:\/\/hockey.praguesbarrel.eu\/fr\/tournoi\/#breadcrumb\",\"itemListElement\":[{\"@type\":\"ListItem\",\"position\":1,\"name\":\"Home\",\"item\":\"https:\/\/hockey.praguesbarrel.eu\/fr\/\"},{\"@type\":\"ListItem\",\"position\":2,\"name\":\"Tournoi\"}]},{\"@type\":\"WebSite\",\"@id\":\"https:\/\/hockey.praguesbarrel.eu\/#website\",\"url\":\"https:\/\/hockey.praguesbarrel.eu\/\",\"name\":\"Prague&#039;s Barrel Hockey Tournament\",\"description\":\"Ice Hockey Tournament for amateur athletes\",\"publisher\":{\"@id\":\"https:\/\/hockey.praguesbarrel.eu\/#organization\"},\"potentialAction\":[{\"@type\":\"SearchAction\",\"target\":{\"@type\":\"EntryPoint\",\"urlTemplate\":\"https:\/\/hockey.praguesbarrel.eu\/?s={search_term_string}\"},\"query-input\":{\"@type\":\"PropertyValueSpecification\",\"valueRequired\":true,\"valueName\":\"search_term_string\"}}],\"inLanguage\":\"fr-FR\"},{\"@type\":\"Organization\",\"@id\":\"https:\/\/hockey.praguesbarrel.eu\/#organization\",\"name\":\"Prague's Barrel\",\"url\":\"https:\/\/hockey.praguesbarrel.eu\/\",\"logo\":{\"@type\":\"ImageObject\",\"inLanguage\":\"fr-FR\",\"@id\":\"https:\/\/hockey.praguesbarrel.eu\/#\/schema\/logo\/image\/\",\"url\":\"https:\/\/hockey.praguesbarrel.eu\/wp-content\/uploads\/2015\/07\/unimalej-2.jpg\",\"contentUrl\":\"https:\/\/hockey.praguesbarrel.eu\/wp-content\/uploads\/2015\/07\/unimalej-2.jpg\",\"width\":200,\"height\":200,\"caption\":\"Prague's Barrel\"},\"image\":{\"@id\":\"https:\/\/hockey.praguesbarrel.eu\/#\/schema\/logo\/image\/\"},\"sameAs\":[\"https:\/\/www.facebook.com\/PraguesBarrelTournaments\"]}]}<\/script>\n<!-- \/ Yoast SEO plugin. -->","yoast_head_json":{"title":"Tournoi - Prague&#039;s Barrel Hockey Tournament","robots":{"index":"index","follow":"follow","max-snippet":"max-snippet:-1","max-image-preview":"max-image-preview:large","max-video-preview":"max-video-preview:-1"},"canonical":"https:\/\/hockey.praguesbarrel.eu\/fr\/tournoi\/","og_locale":"fr_FR","og_type":"article","og_title":"Tournoi - Prague&#039;s Barrel Hockey Tournament","og_description":"Le Prague&rsquo;s Barrel est un tournoi international de hockey sur glace destin\u00e9 aux \u00e9quipes amateurs et de loisirs qui souhaitent passer quatre jours inoubliables \u00e0 Prague sous le signe du hockey, de l&rsquo;amiti\u00e9 et du plaisir. Que votre \u00e9quipe soit compos\u00e9e de guerriers du week-end ou d&rsquo;amis qui s&rsquo;aventurent sur la glace pour la premi\u00e8re...","og_url":"https:\/\/hockey.praguesbarrel.eu\/fr\/tournoi\/","og_site_name":"Prague&#039;s Barrel Hockey Tournament","article_publisher":"https:\/\/www.facebook.com\/PraguesBarrelTournaments","og_image":[{"url":"https:\/\/hockey.praguesbarrel.eu\/wp-content\/uploads\/2024\/08\/Experience_hokej_prezentace.gif","type":"","width":"","height":""}],"schema":{"@context":"https:\/\/schema.org","@graph":[{"@type":"WebPage","@id":"https:\/\/hockey.praguesbarrel.eu\/fr\/tournoi\/","url":"https:\/\/hockey.praguesbarrel.eu\/fr\/tournoi\/","name":"Tournoi - Prague&#039;s Barrel Hockey Tournament","isPartOf":{"@id":"https:\/\/hockey.praguesbarrel.eu\/#website"},"primaryImageOfPage":{"@id":"https:\/\/hockey.praguesbarrel.eu\/fr\/tournoi\/#primaryimage"},"image":{"@id":"https:\/\/hockey.praguesbarrel.eu\/fr\/tournoi\/#primaryimage"},"thumbnailUrl":"https:\/\/hockey.praguesbarrel.eu\/wp-content\/uploads\/2024\/08\/Experience_hokej_prezentace.gif","datePublished":"2026-01-07T21:47:02+00:00","breadcrumb":{"@id":"https:\/\/hockey.praguesbarrel.eu\/fr\/tournoi\/#breadcrumb"},"inLanguage":"fr-FR","potentialAction":[{"@type":"ReadAction","target":["https:\/\/hockey.praguesbarrel.eu\/fr\/tournoi\/"]}]},{"@type":"ImageObject","inLanguage":"fr-FR","@id":"https:\/\/hockey.praguesbarrel.eu\/fr\/tournoi\/#primaryimage","url":"https:\/\/hockey.praguesbarrel.eu\/wp-content\/uploads\/2024\/08\/Experience_hokej_prezentace.gif","contentUrl":"https:\/\/hockey.praguesbarrel.eu\/wp-content\/uploads\/2024\/08\/Experience_hokej_prezentace.gif"},{"@type":"BreadcrumbList","@id":"https:\/\/hockey.praguesbarrel.eu\/fr\/tournoi\/#breadcrumb","itemListElement":[{"@type":"ListItem","position":1,"name":"Home","item":"https:\/\/hockey.praguesbarrel.eu\/fr\/"},{"@type":"ListItem","position":2,"name":"Tournoi"}]},{"@type":"WebSite","@id":"https:\/\/hockey.praguesbarrel.eu\/#website","url":"https:\/\/hockey.praguesbarrel.eu\/","name":"Prague&#039;s Barrel Hockey Tournament","description":"Ice Hockey Tournament for amateur athletes","publisher":{"@id":"https:\/\/hockey.praguesbarrel.eu\/#organization"},"potentialAction":[{"@type":"SearchAction","target":{"@type":"EntryPoint","urlTemplate":"https:\/\/hockey.praguesbarrel.eu\/?s={search_term_string}"},"query-input":{"@type":"PropertyValueSpecification","valueRequired":true,"valueName":"search_term_string"}}],"inLanguage":"fr-FR"},{"@type":"Organization","@id":"https:\/\/hockey.praguesbarrel.eu\/#organization","name":"Prague's Barrel","url":"https:\/\/hockey.praguesbarrel.eu\/","logo":{"@type":"ImageObject","inLanguage":"fr-FR","@id":"https:\/\/hockey.praguesbarrel.eu\/#\/schema\/logo\/image\/","url":"https:\/\/hockey.praguesbarrel.eu\/wp-content\/uploads\/2015\/07\/unimalej-2.jpg","contentUrl":"https:\/\/hockey.praguesbarrel.eu\/wp-content\/uploads\/2015\/07\/unimalej-2.jpg","width":200,"height":200,"caption":"Prague's Barrel"},"image":{"@id":"https:\/\/hockey.praguesbarrel.eu\/#\/schema\/logo\/image\/"},"sameAs":["https:\/\/www.facebook.com\/PraguesBarrelTournaments"]}]}},"_links":{"self":[{"href":"https:\/\/hockey.praguesbarrel.eu\/fr\/wp-json\/wp\/v2\/pages\/100074","targetHints":{"allow":["GET"]}}],"collection":[{"href":"https:\/\/hockey.praguesbarrel.eu\/fr\/wp-json\/wp\/v2\/pages"}],"about":[{"href":"https:\/\/hockey.praguesbarrel.eu\/fr\/wp-json\/wp\/v2\/types\/page"}],"author":[{"embeddable":true,"href":"https:\/\/hockey.praguesbarrel.eu\/fr\/wp-json\/wp\/v2\/users\/3"}],"replies":[{"embeddable":true,"href":"https:\/\/hockey.praguesbarrel.eu\/fr\/wp-json\/wp\/v2\/comments?post=100074"}],"version-history":[{"count":1,"href":"https:\/\/hockey.praguesbarrel.eu\/fr\/wp-json\/wp\/v2\/pages\/100074\/revisions"}],"predecessor-version":[{"id":100075,"href":"https:\/\/hockey.praguesbarrel.eu\/fr\/wp-json\/wp\/v2\/pages\/100074\/revisions\/100075"}],"wp:attachment":[{"href":"https:\/\/hockey.praguesbarrel.eu\/fr\/wp-json\/wp\/v2\/media?parent=100074"}],"curies":[{"name":"wp","href":"https:\/\/api.w.org\/{rel}","templated":true}]}}