{"id":100078,"date":"2026-01-07T22:48:59","date_gmt":"2026-01-07T21:48:59","guid":{"rendered":"https:\/\/hockey.praguesbarrel.eu\/?page_id=100078"},"modified":"2026-01-07T22:48:59","modified_gmt":"2026-01-07T21:48:59","slug":"hebergement","status":"publish","type":"page","link":"https:\/\/hockey.praguesbarrel.eu\/fr\/prix\/hebergement\/","title":{"rendered":"H\u00e9bergement"},"content":{"rendered":"<p>Les organisateurs du tournoi amateur international de hockey sur glace Prague&rsquo;s Barrel ont choisi un ensemble d&rsquo;h\u00f4tels confortables pour votre s\u00e9jour pendant le tournoi. Apr\u00e8s une journ\u00e9e de matchs rapides et de bi\u00e8res fra\u00eeches, vous pourrez vous d\u00e9tendre confortablement, recharger vos batteries avec vos co\u00e9quipiers et vous pr\u00e9parer pour une nouvelle partie de hockey et de divertissement dans la ville magique de Prague.<\/p>\n<div class=\"ytvideo-wrapper\"><iframe loading=\"lazy\" src=\"https:\/\/www.google.com\/maps\/d\/u\/1\/embed?mid=1ildyuzys6788hdPLY-C0zE6l8KY\" width=\"640\" height=\"480\"><\/iframe><\/div>\n<h3>Adria ****<\/h3>\n<p>Dans le cas o\u00f9 vous pr\u00e9f\u00e9rez l&rsquo;h\u00e9bergement dans le centre-ville, nous vous proposons l&rsquo;h\u00f4tel 4 \u00e9toiles Adria situ\u00e9 sur la place Wenceslas. Cet h\u00f4tel a plus d&rsquo;un si\u00e8cle d&rsquo;histoire et propose des int\u00e9rieurs \u00e9l\u00e9gants et une atmosph\u00e8re conviviale. Il est le restaurant stalactite dans le style art d\u00e9co Triton avec l&rsquo;ameublement original de 1912. Tous les monuments importants de la vieille ville sont \u00e0 la distance wlaking ainsi que les luxueux boutiqes. L&rsquo;h\u00f4tel est titulaire d&rsquo;\u00e9colabel de l&rsquo;UE. <a href=\"https:\/\/hockey.praguesbarrel.eu\/fr\/adria\/\">Galerie de photos<\/a><\/p>\n<h3>ambassador *****<\/h3>\n<p>H\u00f4tel Ambassador est situ\u00e9 dans la partie inf\u00e9rieure de la place Venceslas, \u00e0 5 minutes \u00e0 pied de la Place de la Vieille Ville. Les chambres offrent au moins 25 m\u00e8tres carr\u00e9s d&rsquo;espace et de meubles de style art-nouveau et la d\u00e9coration. Tous les salles de bains en marble sont spacieuses et \u00e9quip\u00e9es d&rsquo;une baignoire d&rsquo;hydromassage et habituellement aussi avec une douche. Toutes les chambres sont \u00e9quip\u00e9es avec TV \u00e0 \u00e9cran plat avec de nombreuses cha\u00eenes par satellite, coffre-fort, minibar et connexion Wi-fi. Vous pouvez vous aussi d\u00e9tendre dans le club de bien-\u00eatre qui offre une large gamme de massages tha\u00eflandais et ayurv\u00e9diques, des enveloppements et des gommages et divers massages sp\u00e9ciaux comme le miel, le chocolat ou chakra pierre massages. <a href=\"https:\/\/hockey.praguesbarrel.eu\/fr\/ambassador\/\">Galerie de photos<\/a><\/p>\n<h3>ambiance ****<\/h3>\n<p>L&rsquo;h\u00f4tel Ambiance est situ\u00e9 \u00e0 Prague 2, \u00e0 12 minutes \u00e0 pied de la place Venceslas, \u00e0 7 minutes \u00e0 pied des clubs Retro, Radost FX et Le mirage. L&rsquo;h\u00f4tel est encercl\u00e9 de pubs, de sup\u00e9rettes et de restaurants. L&rsquo;h\u00f4tel offre des chambres petites mais confortables, avec coffre-fort, air conditionn\u00e9, Wi-Fi gratuit et excellent petit d\u00e9jeuner. Vous pouvez vous d\u00e9tendre sur la terrasse du jardin. Le parking est possible dans l&rsquo;h\u00f4tel Superior. <a href=\"https:\/\/hockey.praguesbarrel.eu\/ambiance\/\">Galerie de photos<\/a><\/p>\n<h3>amigo ****<\/h3>\n<p>L&rsquo;h\u00f4tel Amigo est un \u00e9l\u00e9gant h\u00f4tel de style n\u00e9o-Renaissance \u00e0 Prague 2 avec une touche d&rsquo;or omnipr\u00e9sente. L&rsquo;situation est super: pubs, restaurants et sup\u00e9rettes \u00e0 proximit\u00e9 de l&rsquo;h\u00f4tel. Il est 20 minutes \u00e0 pied de la place Venceslas, 10 minutes \u00e0 pied des clubs Retro, Radost FX ou Le Mirage.<br \/>\nLes chambres sont spacieuses avec t\u00e9l\u00e9vision \u00e0 \u00e9cran plat et coffre-fort. Les salles de bain sont \u00e9quip\u00e9es de douches et de baignoires disponibles uniquement dans les suites junior. Un peignoir, une brosse \u00e0 dents, un kit de rasage, un ensemble de vanit\u00e9, un bonnet de douche et des pantoufles ainsi que des \u00e9quipement de repassage sont disponibles gratuitement sur demande, de m\u00eame qu&rsquo;une connexion Wi-Fi. Service \u00e0 th\u00e9 et de caf\u00e9 sont disponibles dans la chambre qratuitment. Vous pourrez vous d\u00e9tendre sur la terrasse du jardin. <a href=\"https:\/\/hockey.praguesbarrel.eu\/amigo\/\">Galerie de photos<\/a><\/p>\n<h3>juli\u0161 ****<\/h3>\n<p>L&rsquo;h\u00f4tel Julis est situ\u00e9 en plein centre de Prague, sur la place Venceslas. Les grandes chambres avec la cuisine int\u00e9gr\u00e9e sont \u00e9quip\u00e9es d&rsquo;un mobilier moderne et confortable et de parquet. Les chambres offrent une vue magnifique sur la ville de Prague, la place Venceslas et le romantique jardin franciscain. Le fitness centre se trouve directement dans le b\u00e2timent et une piscine int\u00e9rieure et un sauna sont disponibles pour les clients de l&rsquo;h\u00f4tel moyennant des frais suppl\u00e9mentaires. Parking disponible. <a href=\"https:\/\/hockey.praguesbarrel.eu\/julis\/\">Galerie de photos<\/a><\/p>\n<h3>louis leger ***+<\/h3>\n<p>Louis Leger est un h\u00f4tel moderne avec des chambres color\u00e9es. Il est situ\u00e9 \u00e0 Prague 2 \u2013 Vinohrady, \u00e0 15 minutes \u00e0 pied (avec une vitesse d\u2019escargot :)) de la Place Venceslas. Ce quartier est un des h\u00f4tels des plus charmants de Prague. Vous trouvez ici plein de bars, caf\u00e9s et clubs. Parking est disponible. <a href=\"https:\/\/hockey.praguesbarrel.eu\/louis-leger\/\">Galerie de photos<\/a><\/p>\n<h3>prague centre plaza ***<\/h3>\n<p>Tr\u00e8s joli Hotel Prague Centre Plaza trois \u00e9toiles est situ\u00e9 \u00e0 Prague 2 \u2013 Vinohrady, \u00e0 12 minutes \u00e0 pied. Vous pouvez ici profiter de bars, caf\u00e9s et clubs. De plus, vous pourrez vous d\u00e9tendre dans le sauna, le jacuzzi ou le spa \u00e0 bi\u00e8re. Les chambres sont \u00e9quip\u00e9es d&rsquo;une douche et de la t\u00e9l\u00e9vision par satellite, la connexion Wi-Fi est gratuite dans tout l&rsquo;h\u00f4tel. <a href=\"https:\/\/hockey.praguesbarrel.eu\/fr\/prague-centre-plaza\/\">Galerie de photos<\/a><\/p>\n<h3>ramada ****<\/h3>\n<p>L&rsquo;h\u00f4tel Ramada est situ\u00e9 dans le centre-ville, directement sur la place Venceslas, o\u00f9 vous trouverez de nombreux restaurants, bars, clubs et boutiques. Il s&rsquo;agit d&rsquo;un h\u00f4tel sans barri\u00e8res et non-fumeurs, dot\u00e9 d&rsquo;une connexion Wi-Fi gratuite. Les chambres spacieuses et confortables ont \u00e9t\u00e9 r\u00e9nov\u00e9es avec soin et pr\u00e9sentent un design frais et moderne. Les chambres sont \u00e9quip\u00e9es d&rsquo;un r\u00e9frig\u00e9rateur, d&rsquo;une t\u00e9l\u00e9vision LCD, d&rsquo;un coffre-fort, d&rsquo;une bouilloire \u00e9lectrique et d&rsquo;un coin douche (certaines chambres ont une baignoire). Un parking est disponible dans l&rsquo;h\u00f4tel \u00e0 titre payant. Un centre de remise en forme, une piscine int\u00e9rieure chauff\u00e9e et un sauna se trouvent \u00e0 proximit\u00e9 de l&rsquo;h\u00f4tel. <a href=\"https:\/\/hockey.praguesbarrel.eu\/ramada\/\">Galerie de photos<\/a><\/p>\n<h3>rokoko ****<\/h3>\n<p>L&rsquo;Hotel Rokoko est situ\u00e9 en plein centre de Prague, dans le b\u00e2timent du palais Rokoko (prot\u00e9g\u00e9 par le patrimoine), sur la place Venceslas. Un parking est disponible \u00e0 proximit\u00e9. L&rsquo;h\u00f4tel propose un h\u00e9bergement luxueux dans des chambres lumineuses et \u00e9l\u00e9gantes. Les \u00e9tages sup\u00e9rieurs offrent des vues sur le centre historique de Prague. Le petit d\u00e9jeuner est servi dans le b\u00e2timent voisin. Les chambres disposent de la climatisation, d&rsquo;une connexion Wi-Fi gratuite, d&rsquo;une t\u00e9l\u00e9vision LCD, d&rsquo;un plateau\/bouilloire, d&rsquo;un coffre-fort et d&rsquo;une baignoire ou d&rsquo;un coin douche. <a href=\"https:\/\/hockey.praguesbarrel.eu\/rokoko\/\">Galerie de photos<\/a><\/p>\n<h3>ST. GEORGE ***<\/h3>\n<p>L&rsquo;Hotel St. George est situ\u00e9 dans le centre-ville, pr\u00e8s de la station de m\u00e9tro I.P.Pavlova, \u00e0 environ 15 minutes de la place Wenceslas. A proximit\u00e9 on trouvent plusieurs restaurants et bars. Pendant votre s\u00e9jour, vous pourrez profiter d&rsquo;une connexion Wi-Fi gratuite et d&rsquo;une t\u00e9l\u00e9vision \u00e0 \u00e9cran plat. Les salles de bains sont \u00e9quip\u00e9es d&rsquo;un s\u00e8che-cheveux, d&rsquo;une baignoire spa ou d&rsquo;une douche. L&rsquo;h\u00f4tel propose un coffre-fort, un parking, une salle de sport et un centre de bien-\u00eatre. Le bar du hall dispose \u00e9galement d&rsquo;une belle terrasse pour boire un verre. <a href=\"https:\/\/hockey.praguesbarrel.eu\/st-george\/\">Galerie de photos<\/a><\/p>\n<h3>SUPERIOR ****<\/h3>\n<p>L\u2019h\u00f4tel Superior est tr\u00e8s bien situ\u00e9 \u00e0 distance du centre-ville (la place Venceslas est \u00e0 5-10 minutes \u00e0 pied). En \u00e9t\u00e9, vous pouvez vous asseoir dans le jardin d\u2019\u00e9t\u00e9, et toute l\u2019ann\u00e9e, vous pourrez vous d\u00e9tendre dans le sauna de l\u2019h\u00f4tel, le bain \u00e0 remous, obtenir un massage classique ou un massage aux pierres chaudes. Toutes les chambres sont \u00e9quip\u00e9es de TV satellite, t\u00e9l\u00e9phone direct, coffre-fort, s\u00e8che-cheveux, minibar, installations sanitaires, etc. Les clients de l\u2019h\u00f4tel peuvent se garer dans le grand garage souterrain. <a href=\"https:\/\/hockey.praguesbarrel.eu\/prague-centre-superior\/\">Galerie de photos<\/a><\/p>\n","protected":false},"excerpt":{"rendered":"<p>Les organisateurs du tournoi amateur international de hockey sur glace Prague&rsquo;s Barrel ont choisi un ensemble d&rsquo;h\u00f4tels confortables pour votre s\u00e9jour pendant le tournoi. Apr\u00e8s une journ\u00e9e de matchs rapides et de bi\u00e8res fra\u00eeches, vous pourrez vous d\u00e9tendre confortablement, recharger vos batteries avec vos co\u00e9quipiers et vous pr\u00e9parer pour une nouvelle partie de hockey et&#8230;<\/p>\n","protected":false},"author":3,"featured_media":0,"parent":100070,"menu_order":0,"comment_status":"closed","ping_status":"closed","template":"","meta":{"footnotes":""},"class_list":["post-100078","page","type-page","status-publish","hentry"],"yoast_head":"<!-- This site is optimized with the Yoast SEO plugin v26.9 - https:\/\/yoast.com\/product\/yoast-seo-wordpress\/ -->\n<title>H\u00e9bergement - Prague&#039;s Barrel Hockey Tournament<\/title>\n<meta name=\"robots\" content=\"index, follow, max-snippet:-1, max-image-preview:large, max-video-preview:-1\" \/>\n<link rel=\"canonical\" href=\"https:\/\/hockey.praguesbarrel.eu\/fr\/prix\/hebergement\/\" \/>\n<meta property=\"og:locale\" content=\"fr_FR\" \/>\n<meta property=\"og:type\" content=\"article\" \/>\n<meta property=\"og:title\" content=\"H\u00e9bergement - Prague&#039;s Barrel Hockey Tournament\" \/>\n<meta property=\"og:description\" content=\"Les organisateurs du tournoi amateur international de hockey sur glace Prague&rsquo;s Barrel ont choisi un ensemble d&rsquo;h\u00f4tels confortables pour votre s\u00e9jour pendant le tournoi. Apr\u00e8s une journ\u00e9e de matchs rapides et de bi\u00e8res fra\u00eeches, vous pourrez vous d\u00e9tendre confortablement, recharger vos batteries avec vos co\u00e9quipiers et vous pr\u00e9parer pour une nouvelle partie de hockey et...\" \/>\n<meta property=\"og:url\" content=\"https:\/\/hockey.praguesbarrel.eu\/fr\/prix\/hebergement\/\" \/>\n<meta property=\"og:site_name\" content=\"Prague&#039;s Barrel Hockey Tournament\" \/>\n<meta property=\"article:publisher\" content=\"https:\/\/www.facebook.com\/PraguesBarrelTournaments\" \/>\n<meta property=\"og:image\" content=\"https:\/\/hockey.praguesbarrel.eu\/wp-content\/uploads\/2014\/12\/unimalej.jpg\" \/>\n\t<meta property=\"og:image:width\" content=\"200\" \/>\n\t<meta property=\"og:image:height\" content=\"200\" \/>\n\t<meta property=\"og:image:type\" content=\"image\/jpeg\" \/>\n<script type=\"application\/ld+json\" class=\"yoast-schema-graph\">{\"@context\":\"https:\/\/schema.org\",\"@graph\":[{\"@type\":\"WebPage\",\"@id\":\"https:\/\/hockey.praguesbarrel.eu\/fr\/prix\/hebergement\/\",\"url\":\"https:\/\/hockey.praguesbarrel.eu\/fr\/prix\/hebergement\/\",\"name\":\"H\u00e9bergement - Prague&#039;s Barrel Hockey Tournament\",\"isPartOf\":{\"@id\":\"https:\/\/hockey.praguesbarrel.eu\/#website\"},\"datePublished\":\"2026-01-07T21:48:59+00:00\",\"breadcrumb\":{\"@id\":\"https:\/\/hockey.praguesbarrel.eu\/fr\/prix\/hebergement\/#breadcrumb\"},\"inLanguage\":\"fr-FR\",\"potentialAction\":[{\"@type\":\"ReadAction\",\"target\":[\"https:\/\/hockey.praguesbarrel.eu\/fr\/prix\/hebergement\/\"]}]},{\"@type\":\"BreadcrumbList\",\"@id\":\"https:\/\/hockey.praguesbarrel.eu\/fr\/prix\/hebergement\/#breadcrumb\",\"itemListElement\":[{\"@type\":\"ListItem\",\"position\":1,\"name\":\"Home\",\"item\":\"https:\/\/hockey.praguesbarrel.eu\/fr\/\"},{\"@type\":\"ListItem\",\"position\":2,\"name\":\"Prix\",\"item\":\"https:\/\/hockey.praguesbarrel.eu\/fr\/prix\/\"},{\"@type\":\"ListItem\",\"position\":3,\"name\":\"H\u00e9bergement\"}]},{\"@type\":\"WebSite\",\"@id\":\"https:\/\/hockey.praguesbarrel.eu\/#website\",\"url\":\"https:\/\/hockey.praguesbarrel.eu\/\",\"name\":\"Prague&#039;s Barrel Hockey Tournament\",\"description\":\"Ice Hockey Tournament for amateur athletes\",\"publisher\":{\"@id\":\"https:\/\/hockey.praguesbarrel.eu\/#organization\"},\"potentialAction\":[{\"@type\":\"SearchAction\",\"target\":{\"@type\":\"EntryPoint\",\"urlTemplate\":\"https:\/\/hockey.praguesbarrel.eu\/?s={search_term_string}\"},\"query-input\":{\"@type\":\"PropertyValueSpecification\",\"valueRequired\":true,\"valueName\":\"search_term_string\"}}],\"inLanguage\":\"fr-FR\"},{\"@type\":\"Organization\",\"@id\":\"https:\/\/hockey.praguesbarrel.eu\/#organization\",\"name\":\"Prague's Barrel\",\"url\":\"https:\/\/hockey.praguesbarrel.eu\/\",\"logo\":{\"@type\":\"ImageObject\",\"inLanguage\":\"fr-FR\",\"@id\":\"https:\/\/hockey.praguesbarrel.eu\/#\/schema\/logo\/image\/\",\"url\":\"https:\/\/hockey.praguesbarrel.eu\/wp-content\/uploads\/2015\/07\/unimalej-2.jpg\",\"contentUrl\":\"https:\/\/hockey.praguesbarrel.eu\/wp-content\/uploads\/2015\/07\/unimalej-2.jpg\",\"width\":200,\"height\":200,\"caption\":\"Prague's Barrel\"},\"image\":{\"@id\":\"https:\/\/hockey.praguesbarrel.eu\/#\/schema\/logo\/image\/\"},\"sameAs\":[\"https:\/\/www.facebook.com\/PraguesBarrelTournaments\"]}]}<\/script>\n<!-- \/ Yoast SEO plugin. -->","yoast_head_json":{"title":"H\u00e9bergement - Prague&#039;s Barrel Hockey Tournament","robots":{"index":"index","follow":"follow","max-snippet":"max-snippet:-1","max-image-preview":"max-image-preview:large","max-video-preview":"max-video-preview:-1"},"canonical":"https:\/\/hockey.praguesbarrel.eu\/fr\/prix\/hebergement\/","og_locale":"fr_FR","og_type":"article","og_title":"H\u00e9bergement - Prague&#039;s Barrel Hockey Tournament","og_description":"Les organisateurs du tournoi amateur international de hockey sur glace Prague&rsquo;s Barrel ont choisi un ensemble d&rsquo;h\u00f4tels confortables pour votre s\u00e9jour pendant le tournoi. Apr\u00e8s une journ\u00e9e de matchs rapides et de bi\u00e8res fra\u00eeches, vous pourrez vous d\u00e9tendre confortablement, recharger vos batteries avec vos co\u00e9quipiers et vous pr\u00e9parer pour une nouvelle partie de hockey et...","og_url":"https:\/\/hockey.praguesbarrel.eu\/fr\/prix\/hebergement\/","og_site_name":"Prague&#039;s Barrel Hockey Tournament","article_publisher":"https:\/\/www.facebook.com\/PraguesBarrelTournaments","og_image":[{"width":200,"height":200,"url":"https:\/\/hockey.praguesbarrel.eu\/wp-content\/uploads\/2014\/12\/unimalej.jpg","type":"image\/jpeg"}],"schema":{"@context":"https:\/\/schema.org","@graph":[{"@type":"WebPage","@id":"https:\/\/hockey.praguesbarrel.eu\/fr\/prix\/hebergement\/","url":"https:\/\/hockey.praguesbarrel.eu\/fr\/prix\/hebergement\/","name":"H\u00e9bergement - Prague&#039;s Barrel Hockey Tournament","isPartOf":{"@id":"https:\/\/hockey.praguesbarrel.eu\/#website"},"datePublished":"2026-01-07T21:48:59+00:00","breadcrumb":{"@id":"https:\/\/hockey.praguesbarrel.eu\/fr\/prix\/hebergement\/#breadcrumb"},"inLanguage":"fr-FR","potentialAction":[{"@type":"ReadAction","target":["https:\/\/hockey.praguesbarrel.eu\/fr\/prix\/hebergement\/"]}]},{"@type":"BreadcrumbList","@id":"https:\/\/hockey.praguesbarrel.eu\/fr\/prix\/hebergement\/#breadcrumb","itemListElement":[{"@type":"ListItem","position":1,"name":"Home","item":"https:\/\/hockey.praguesbarrel.eu\/fr\/"},{"@type":"ListItem","position":2,"name":"Prix","item":"https:\/\/hockey.praguesbarrel.eu\/fr\/prix\/"},{"@type":"ListItem","position":3,"name":"H\u00e9bergement"}]},{"@type":"WebSite","@id":"https:\/\/hockey.praguesbarrel.eu\/#website","url":"https:\/\/hockey.praguesbarrel.eu\/","name":"Prague&#039;s Barrel Hockey Tournament","description":"Ice Hockey Tournament for amateur athletes","publisher":{"@id":"https:\/\/hockey.praguesbarrel.eu\/#organization"},"potentialAction":[{"@type":"SearchAction","target":{"@type":"EntryPoint","urlTemplate":"https:\/\/hockey.praguesbarrel.eu\/?s={search_term_string}"},"query-input":{"@type":"PropertyValueSpecification","valueRequired":true,"valueName":"search_term_string"}}],"inLanguage":"fr-FR"},{"@type":"Organization","@id":"https:\/\/hockey.praguesbarrel.eu\/#organization","name":"Prague's Barrel","url":"https:\/\/hockey.praguesbarrel.eu\/","logo":{"@type":"ImageObject","inLanguage":"fr-FR","@id":"https:\/\/hockey.praguesbarrel.eu\/#\/schema\/logo\/image\/","url":"https:\/\/hockey.praguesbarrel.eu\/wp-content\/uploads\/2015\/07\/unimalej-2.jpg","contentUrl":"https:\/\/hockey.praguesbarrel.eu\/wp-content\/uploads\/2015\/07\/unimalej-2.jpg","width":200,"height":200,"caption":"Prague's Barrel"},"image":{"@id":"https:\/\/hockey.praguesbarrel.eu\/#\/schema\/logo\/image\/"},"sameAs":["https:\/\/www.facebook.com\/PraguesBarrelTournaments"]}]}},"_links":{"self":[{"href":"https:\/\/hockey.praguesbarrel.eu\/fr\/wp-json\/wp\/v2\/pages\/100078","targetHints":{"allow":["GET"]}}],"collection":[{"href":"https:\/\/hockey.praguesbarrel.eu\/fr\/wp-json\/wp\/v2\/pages"}],"about":[{"href":"https:\/\/hockey.praguesbarrel.eu\/fr\/wp-json\/wp\/v2\/types\/page"}],"author":[{"embeddable":true,"href":"https:\/\/hockey.praguesbarrel.eu\/fr\/wp-json\/wp\/v2\/users\/3"}],"replies":[{"embeddable":true,"href":"https:\/\/hockey.praguesbarrel.eu\/fr\/wp-json\/wp\/v2\/comments?post=100078"}],"version-history":[{"count":1,"href":"https:\/\/hockey.praguesbarrel.eu\/fr\/wp-json\/wp\/v2\/pages\/100078\/revisions"}],"predecessor-version":[{"id":100079,"href":"https:\/\/hockey.praguesbarrel.eu\/fr\/wp-json\/wp\/v2\/pages\/100078\/revisions\/100079"}],"up":[{"embeddable":true,"href":"https:\/\/hockey.praguesbarrel.eu\/fr\/wp-json\/wp\/v2\/pages\/100070"}],"wp:attachment":[{"href":"https:\/\/hockey.praguesbarrel.eu\/fr\/wp-json\/wp\/v2\/media?parent=100078"}],"curies":[{"name":"wp","href":"https:\/\/api.w.org\/{rel}","templated":true}]}}