{"id":196,"date":"2014-10-13T17:06:34","date_gmt":"2014-10-13T16:06:34","guid":{"rendered":"http:\/\/pbh.delab.cz\/?page_id=196"},"modified":"2026-04-08T21:29:11","modified_gmt":"2026-04-08T20:29:11","slug":"hockey-tournament-pragues-barrel","status":"publish","type":"page","link":"https:\/\/hockey.praguesbarrel.eu\/fr\/","title":{"rendered":"TOURNOIS DE HOCKEY SUR GLACE 2026"},"content":{"rendered":"<p><strong>Le Prague&rsquo;s Barrel<\/strong> est le lieu o\u00f9 le hockey, la bi\u00e8re et l&rsquo;amiti\u00e9 se rencontrent au c\u0153ur de l&rsquo;Europe. Notre tournoi international accueille des joueurs amateurs de tous niveaux, des guerriers du week-end aux passionn\u00e9s de hockey tout au long de la vie. Rejoignez-nous pour quatre jours inoubliables \u00e0 Prague, avec des matchs passionnants, <strong>de la bi\u00e8re \u00e0 volont\u00e9<\/strong> et une ambiance que vous ne trouverez que lorsque des \u00e9quipes du monde entier s&rsquo;affrontent sur la glace. Jouez \u00e0 fond, encouragez bruyamment et laissez-nous nous occuper du reste.<\/p>\n<p><a href=\"https:\/\/hockey.praguesbarrel.eu\/ppt\/\"><strong>D\u00e9couvrez ce qui vous attend lors du tournoi : voyez le programme complet des 4 jours !<\/strong><\/a><\/p>\n<p data-start=\"563\" data-end=\"771\"><strong>23-26 avril 2026 | 21-24 mai 2026 | 3-6 septembre 2026 | 5-8 novembre 2026 | 19-22 novembre 2026 | 18-21 mars 2027 | 1-4 avril 2027 | 15-18 avril 2027 | 13-16 mai 2027<\/strong><\/p>\n<div class=\"button-row\"><a class=\"btn\" href=\"https:\/\/hockey.praguesbarrel.eu\/fr\/inscription\/\">Inscrivez votre \u00e9quipe<\/a><br \/>\n<a class=\"btn btn-inverted\" href=\"https:\/\/youtu.be\/D_8bueRdVTQ\">Vid\u00e9o<\/a><br \/>\n<a class=\"btn btn-inverted\" href=\"https:\/\/hockey.praguesbarrel.eu\/fr\/equipes-inscrites\/\">\u00c9quipes inscrites<\/a><\/div>\n","protected":false},"excerpt":{"rendered":"<p>Le Prague&rsquo;s Barrel est le lieu o\u00f9 le hockey, la bi\u00e8re et l&rsquo;amiti\u00e9 se rencontrent au c\u0153ur de l&rsquo;Europe. Notre tournoi international accueille des joueurs amateurs de tous niveaux, des guerriers du week-end aux passionn\u00e9s de hockey tout au long de la vie. Rejoignez-nous pour quatre jours inoubliables \u00e0 Prague, avec des matchs passionnants, de&#8230;<\/p>\n","protected":false},"author":4,"featured_media":97996,"parent":0,"menu_order":0,"comment_status":"closed","ping_status":"closed","template":"templates\/homepage.php","meta":{"footnotes":""},"class_list":["post-196","page","type-page","status-publish","has-post-thumbnail","hentry"],"yoast_head":"<!-- This site is optimized with the Yoast SEO plugin v26.9 - https:\/\/yoast.com\/product\/yoast-seo-wordpress\/ -->\n<title>TOURNOIS DE HOCKEY SUR GLACE 2026<\/title>\n<meta name=\"description\" content=\"Profitez de 4 jours consacraient au hockey sur glace et \u00e0 l&#039;amusement dans notre ville magique de Prague au notre tournoi amateur Prague&#039;s Barrel.\" \/>\n<meta name=\"robots\" content=\"index, follow, max-snippet:-1, max-image-preview:large, max-video-preview:-1\" \/>\n<link rel=\"canonical\" href=\"https:\/\/hockey.praguesbarrel.eu\/fr\/\" \/>\n<meta property=\"og:locale\" content=\"fr_FR\" \/>\n<meta property=\"og:type\" content=\"article\" \/>\n<meta property=\"og:title\" content=\"TOURNOIS DE HOCKEY SUR GLACE 2026\" \/>\n<meta property=\"og:description\" content=\"Profitez de 4 jours consacraient au hockey sur glace et \u00e0 l&#039;amusement dans notre ville magique de Prague au notre tournoi amateur Prague&#039;s Barrel.\" \/>\n<meta property=\"og:url\" content=\"https:\/\/hockey.praguesbarrel.eu\/fr\/\" \/>\n<meta property=\"og:site_name\" content=\"Prague&#039;s Barrel Hockey Tournament\" \/>\n<meta property=\"article:publisher\" content=\"https:\/\/www.facebook.com\/PraguesBarrelTournaments\" \/>\n<meta property=\"article:modified_time\" content=\"2026-04-08T20:29:11+00:00\" \/>\n<meta property=\"og:image\" content=\"https:\/\/hockey.praguesbarrel.eu\/wp-content\/uploads\/2023\/11\/turnaj.jpeg\" \/>\n\t<meta property=\"og:image:width\" content=\"1832\" \/>\n\t<meta property=\"og:image:height\" content=\"1224\" \/>\n\t<meta property=\"og:image:type\" content=\"image\/jpeg\" \/>\n<meta name=\"twitter:label1\" content=\"Dur\u00e9e de lecture estim\u00e9e\" \/>\n\t<meta name=\"twitter:data1\" content=\"1 minute\" \/>\n<script type=\"application\/ld+json\" class=\"yoast-schema-graph\">{\"@context\":\"https:\/\/schema.org\",\"@graph\":[{\"@type\":\"WebPage\",\"@id\":\"https:\/\/hockey.praguesbarrel.eu\/fr\/\",\"url\":\"https:\/\/hockey.praguesbarrel.eu\/fr\/\",\"name\":\"TOURNOIS DE HOCKEY SUR GLACE 2026\",\"isPartOf\":{\"@id\":\"https:\/\/hockey.praguesbarrel.eu\/#website\"},\"primaryImageOfPage\":{\"@id\":\"https:\/\/hockey.praguesbarrel.eu\/fr\/#primaryimage\"},\"image\":{\"@id\":\"https:\/\/hockey.praguesbarrel.eu\/fr\/#primaryimage\"},\"thumbnailUrl\":\"https:\/\/hockey.praguesbarrel.eu\/wp-content\/uploads\/2023\/11\/turnaj.jpeg\",\"datePublished\":\"2014-10-13T16:06:34+00:00\",\"dateModified\":\"2026-04-08T20:29:11+00:00\",\"description\":\"Profitez de 4 jours consacraient au hockey sur glace et \u00e0 l'amusement dans notre ville magique de Prague au notre tournoi amateur Prague's Barrel.\",\"breadcrumb\":{\"@id\":\"https:\/\/hockey.praguesbarrel.eu\/fr\/#breadcrumb\"},\"inLanguage\":\"fr-FR\",\"potentialAction\":[{\"@type\":\"ReadAction\",\"target\":[\"https:\/\/hockey.praguesbarrel.eu\/fr\/\"]}]},{\"@type\":\"ImageObject\",\"inLanguage\":\"fr-FR\",\"@id\":\"https:\/\/hockey.praguesbarrel.eu\/fr\/#primaryimage\",\"url\":\"https:\/\/hockey.praguesbarrel.eu\/wp-content\/uploads\/2023\/11\/turnaj.jpeg\",\"contentUrl\":\"https:\/\/hockey.praguesbarrel.eu\/wp-content\/uploads\/2023\/11\/turnaj.jpeg\",\"width\":1832,\"height\":1224},{\"@type\":\"BreadcrumbList\",\"@id\":\"https:\/\/hockey.praguesbarrel.eu\/fr\/#breadcrumb\",\"itemListElement\":[{\"@type\":\"ListItem\",\"position\":1,\"name\":\"Home\",\"item\":\"https:\/\/hockey.praguesbarrel.eu\/fr\/\"},{\"@type\":\"ListItem\",\"position\":2,\"name\":\"TOURNOIS DE HOCKEY SUR GLACE 2026\"}]},{\"@type\":\"WebSite\",\"@id\":\"https:\/\/hockey.praguesbarrel.eu\/#website\",\"url\":\"https:\/\/hockey.praguesbarrel.eu\/\",\"name\":\"Prague&#039;s Barrel Hockey Tournament\",\"description\":\"Ice Hockey Tournament for amateur athletes\",\"publisher\":{\"@id\":\"https:\/\/hockey.praguesbarrel.eu\/#organization\"},\"potentialAction\":[{\"@type\":\"SearchAction\",\"target\":{\"@type\":\"EntryPoint\",\"urlTemplate\":\"https:\/\/hockey.praguesbarrel.eu\/?s={search_term_string}\"},\"query-input\":{\"@type\":\"PropertyValueSpecification\",\"valueRequired\":true,\"valueName\":\"search_term_string\"}}],\"inLanguage\":\"fr-FR\"},{\"@type\":\"Organization\",\"@id\":\"https:\/\/hockey.praguesbarrel.eu\/#organization\",\"name\":\"Prague's Barrel\",\"url\":\"https:\/\/hockey.praguesbarrel.eu\/\",\"logo\":{\"@type\":\"ImageObject\",\"inLanguage\":\"fr-FR\",\"@id\":\"https:\/\/hockey.praguesbarrel.eu\/#\/schema\/logo\/image\/\",\"url\":\"https:\/\/hockey.praguesbarrel.eu\/wp-content\/uploads\/2015\/07\/unimalej-2.jpg\",\"contentUrl\":\"https:\/\/hockey.praguesbarrel.eu\/wp-content\/uploads\/2015\/07\/unimalej-2.jpg\",\"width\":200,\"height\":200,\"caption\":\"Prague's Barrel\"},\"image\":{\"@id\":\"https:\/\/hockey.praguesbarrel.eu\/#\/schema\/logo\/image\/\"},\"sameAs\":[\"https:\/\/www.facebook.com\/PraguesBarrelTournaments\"]}]}<\/script>\n<!-- \/ Yoast SEO plugin. -->","yoast_head_json":{"title":"TOURNOIS DE HOCKEY SUR GLACE 2026","description":"Profitez de 4 jours consacraient au hockey sur glace et \u00e0 l'amusement dans notre ville magique de Prague au notre tournoi amateur Prague's Barrel.","robots":{"index":"index","follow":"follow","max-snippet":"max-snippet:-1","max-image-preview":"max-image-preview:large","max-video-preview":"max-video-preview:-1"},"canonical":"https:\/\/hockey.praguesbarrel.eu\/fr\/","og_locale":"fr_FR","og_type":"article","og_title":"TOURNOIS DE HOCKEY SUR GLACE 2026","og_description":"Profitez de 4 jours consacraient au hockey sur glace et \u00e0 l'amusement dans notre ville magique de Prague au notre tournoi amateur Prague's Barrel.","og_url":"https:\/\/hockey.praguesbarrel.eu\/fr\/","og_site_name":"Prague&#039;s Barrel Hockey Tournament","article_publisher":"https:\/\/www.facebook.com\/PraguesBarrelTournaments","article_modified_time":"2026-04-08T20:29:11+00:00","og_image":[{"width":1832,"height":1224,"url":"https:\/\/hockey.praguesbarrel.eu\/wp-content\/uploads\/2023\/11\/turnaj.jpeg","type":"image\/jpeg"}],"twitter_misc":{"Dur\u00e9e de lecture estim\u00e9e":"1 minute"},"schema":{"@context":"https:\/\/schema.org","@graph":[{"@type":"WebPage","@id":"https:\/\/hockey.praguesbarrel.eu\/fr\/","url":"https:\/\/hockey.praguesbarrel.eu\/fr\/","name":"TOURNOIS DE HOCKEY SUR GLACE 2026","isPartOf":{"@id":"https:\/\/hockey.praguesbarrel.eu\/#website"},"primaryImageOfPage":{"@id":"https:\/\/hockey.praguesbarrel.eu\/fr\/#primaryimage"},"image":{"@id":"https:\/\/hockey.praguesbarrel.eu\/fr\/#primaryimage"},"thumbnailUrl":"https:\/\/hockey.praguesbarrel.eu\/wp-content\/uploads\/2023\/11\/turnaj.jpeg","datePublished":"2014-10-13T16:06:34+00:00","dateModified":"2026-04-08T20:29:11+00:00","description":"Profitez de 4 jours consacraient au hockey sur glace et \u00e0 l'amusement dans notre ville magique de Prague au notre tournoi amateur Prague's Barrel.","breadcrumb":{"@id":"https:\/\/hockey.praguesbarrel.eu\/fr\/#breadcrumb"},"inLanguage":"fr-FR","potentialAction":[{"@type":"ReadAction","target":["https:\/\/hockey.praguesbarrel.eu\/fr\/"]}]},{"@type":"ImageObject","inLanguage":"fr-FR","@id":"https:\/\/hockey.praguesbarrel.eu\/fr\/#primaryimage","url":"https:\/\/hockey.praguesbarrel.eu\/wp-content\/uploads\/2023\/11\/turnaj.jpeg","contentUrl":"https:\/\/hockey.praguesbarrel.eu\/wp-content\/uploads\/2023\/11\/turnaj.jpeg","width":1832,"height":1224},{"@type":"BreadcrumbList","@id":"https:\/\/hockey.praguesbarrel.eu\/fr\/#breadcrumb","itemListElement":[{"@type":"ListItem","position":1,"name":"Home","item":"https:\/\/hockey.praguesbarrel.eu\/fr\/"},{"@type":"ListItem","position":2,"name":"TOURNOIS DE HOCKEY SUR GLACE 2026"}]},{"@type":"WebSite","@id":"https:\/\/hockey.praguesbarrel.eu\/#website","url":"https:\/\/hockey.praguesbarrel.eu\/","name":"Prague&#039;s Barrel Hockey Tournament","description":"Ice Hockey Tournament for amateur athletes","publisher":{"@id":"https:\/\/hockey.praguesbarrel.eu\/#organization"},"potentialAction":[{"@type":"SearchAction","target":{"@type":"EntryPoint","urlTemplate":"https:\/\/hockey.praguesbarrel.eu\/?s={search_term_string}"},"query-input":{"@type":"PropertyValueSpecification","valueRequired":true,"valueName":"search_term_string"}}],"inLanguage":"fr-FR"},{"@type":"Organization","@id":"https:\/\/hockey.praguesbarrel.eu\/#organization","name":"Prague's Barrel","url":"https:\/\/hockey.praguesbarrel.eu\/","logo":{"@type":"ImageObject","inLanguage":"fr-FR","@id":"https:\/\/hockey.praguesbarrel.eu\/#\/schema\/logo\/image\/","url":"https:\/\/hockey.praguesbarrel.eu\/wp-content\/uploads\/2015\/07\/unimalej-2.jpg","contentUrl":"https:\/\/hockey.praguesbarrel.eu\/wp-content\/uploads\/2015\/07\/unimalej-2.jpg","width":200,"height":200,"caption":"Prague's Barrel"},"image":{"@id":"https:\/\/hockey.praguesbarrel.eu\/#\/schema\/logo\/image\/"},"sameAs":["https:\/\/www.facebook.com\/PraguesBarrelTournaments"]}]}},"_links":{"self":[{"href":"https:\/\/hockey.praguesbarrel.eu\/fr\/wp-json\/wp\/v2\/pages\/196","targetHints":{"allow":["GET"]}}],"collection":[{"href":"https:\/\/hockey.praguesbarrel.eu\/fr\/wp-json\/wp\/v2\/pages"}],"about":[{"href":"https:\/\/hockey.praguesbarrel.eu\/fr\/wp-json\/wp\/v2\/types\/page"}],"author":[{"embeddable":true,"href":"https:\/\/hockey.praguesbarrel.eu\/fr\/wp-json\/wp\/v2\/users\/4"}],"replies":[{"embeddable":true,"href":"https:\/\/hockey.praguesbarrel.eu\/fr\/wp-json\/wp\/v2\/comments?post=196"}],"version-history":[{"count":110,"href":"https:\/\/hockey.praguesbarrel.eu\/fr\/wp-json\/wp\/v2\/pages\/196\/revisions"}],"predecessor-version":[{"id":100199,"href":"https:\/\/hockey.praguesbarrel.eu\/fr\/wp-json\/wp\/v2\/pages\/196\/revisions\/100199"}],"wp:featuredmedia":[{"embeddable":true,"href":"https:\/\/hockey.praguesbarrel.eu\/fr\/wp-json\/wp\/v2\/media\/97996"}],"wp:attachment":[{"href":"https:\/\/hockey.praguesbarrel.eu\/fr\/wp-json\/wp\/v2\/media?parent=196"}],"curies":[{"name":"wp","href":"https:\/\/api.w.org\/{rel}","templated":true}]}}