{"id":318,"date":"2014-10-14T20:03:21","date_gmt":"2014-10-14T19:03:21","guid":{"rendered":"http:\/\/pbh.delab.cz\/?page_id=318"},"modified":"2025-12-28T19:13:22","modified_gmt":"2025-12-28T18:13:22","slug":"contact","status":"publish","type":"page","link":"https:\/\/hockey.praguesbarrel.eu\/fr\/contact\/","title":{"rendered":"Contact"},"content":{"rendered":"<p>Nous aimons la bi\u00e8re, les gens et l&rsquo;hockey sur glace. \u00c0 partir de cette combinaison, le tournoi de Prague&rsquo;s Barrel a \u00e9t\u00e9 cr\u00e9\u00e9: un week-end plein d&rsquo;hockey sur glace, une bi\u00e8re illimit\u00e9 et des joueurs joyeux de diff\u00e9rentes r\u00e9gions d\u2019Europe et du monde. Notre mission est de vous soulager du stress de la vie quotidienne et que vous pouvez jouer au hockey sur glace et profiter de quatre jours de bien-\u00eatre.<\/p>\n<p>L\u2019\u00e9quipe des organisateurs du tournoi d&rsquo;hockey sur glace amateur est pr\u00eate \u00e0 r\u00e9pondre \u00e0 vos questions.<\/p>\n<h2>NOTRE \u00c9QUIPE<\/h2>\n<div class=\"contact-grid\">\n<div class=\"contact-card\">\n<p><img decoding=\"async\" src=\"https:\/\/hockey.praguesbarrel.eu\/wp-content\/uploads\/2023\/05\/ROBK3476.jpg\" alt=\"Barbara\" \/><\/p>\n<h3>Barbara<\/h3>\n<p>Reine du Nord (Scandinavie et Finlande, \u00c9tats-Unis et Canada) et les \u00e9quipes fran\u00e7aises<br \/>\nemail: <a href=\"mailto:barbara@praguesbarrel.eu\">barbara@praguesbarrel.eu<\/a><br \/>\ngsm: <a href=\"tel:+420604974394\">+420 604 974 394<\/a><\/p>\n<\/div>\n<div class=\"contact-card\">\n<p><img decoding=\"async\" src=\"https:\/\/hockey.praguesbarrel.eu\/wp-content\/uploads\/2023\/05\/ROBK3477.jpg\" alt=\"\" \/><\/p>\n<h3>Sofie<\/h3>\n<p>Coordinateur pour le rest du monde du hockey<br \/>\nemail: <a href=\"mailto:sofie@praguesbarrel.eu\">sofie@praguesbarrel.eu<\/a><br \/>\ngsm: <a href=\"tel:+420732797139\">+420 732 79 71 39\u200b<\/a> <a href=\"tel:+393318472549\">+39 331 847 25 49\u200b<\/a><\/p>\n<\/div>\n<div class=\"contact-card\">\n<p><img decoding=\"async\" src=\"https:\/\/hockey.praguesbarrel.eu\/wp-content\/uploads\/2024\/03\/DSC05023.jpeg\" alt=\"Iva\" \/><\/p>\n<h3>Iva<\/h3>\n<p>Coordinateur pour les \u00e9quipes de langue allemande<br \/>\nemail: <a href=\"mailto:iva@praguesbarrel.eu\">iva@praguesbarrel.eu<\/a><br \/>\ngsm: <a href=\"tel:+420728155598\">+420 728 155 598<\/a><\/p>\n<\/div>\n<div class=\"contact-card\">\n<p><img decoding=\"async\" src=\"https:\/\/hockey.praguesbarrel.eu\/wp-content\/uploads\/2023\/05\/Masha_01.jpg\" alt=\"Masha\" \/><\/p>\n<h3>Masha<\/h3>\n<p>Coordinateur pour les \u00e9quipes de langue russe<br \/>\nemail: <a href=\"mailto:masha@praguesbarrel.eu\">masha@praguesbarrel.eu<\/a><br \/>\ngsm: <a href=\"tel:+420732938233\">+420 732 938 233<\/a><\/p>\n<\/div>\n<\/div>\n<div class=\"contact-grid\">\n<div class=\"contact-card\">\n<p><img decoding=\"async\" src=\"https:\/\/hockey.praguesbarrel.eu\/wp-content\/uploads\/2023\/05\/ROBK3467.jpg\" alt=\"Martin\" \/><\/p>\n<h3>Martin<\/h3>\n<p>Sport manager<br \/>\nemail: <a href=\"mailto:martin@praguesbarrel.eu\">martin@praguesbarrel.eu<\/a><br \/>\ngsm: <a href=\"tel:+420724906168\">+420 724 906 168<\/a><\/p>\n<\/div>\n<div class=\"contact-card\">\n<p><img decoding=\"async\" src=\"https:\/\/hockey.praguesbarrel.eu\/wp-content\/uploads\/2023\/05\/ROBK3473.jpg\" alt=\"Pepa\" \/><\/p>\n<h3>Pepa<\/h3>\n<p>Transport<br \/>\ngsm: <a href=\"tel:+420604118189\">+420 604 118 189\u200b<\/a><\/p>\n<\/div>\n<div class=\"contact-card\">\n<p><img decoding=\"async\" src=\"https:\/\/hockey.praguesbarrel.eu\/wp-content\/uploads\/2023\/05\/ROBK3469.jpg\" alt=\"Petr\" \/><\/p>\n<h3>Petr<\/h3>\n<p>Le Patron<br \/>\nemail:\u00a0<a href=\"mailto:petr@praguesbarrel.eu\">petr@praguesbarrel.eu<\/a><br \/>\ngsm: <a href=\"tel:+420603416931\">+420 603 416 931<\/a><\/p>\n<\/div>\n<\/div>\n<h2>NOTRE ENTREPRISE<\/h2>\n<p><strong>Prague&rsquo;s Barrel s.r.o.<\/strong><br \/>\nT\u00e1borsk\u00e1 829\/4,<br \/>\n140 00 Praha 4<br \/>\nCzech Republic<br \/>\nID: 22103716<br \/>\nVAT ID: CZ22103716<br \/>\n<a href=\"mailto:info@praguesbarrel.eu\">info@praguesbarrel.eu<\/a><\/p>\n<p><strong>Compte:<\/strong><br \/>\nBank: \u010cSOB Praha<br \/>\nSWIFT: CEKOCZPP<br \/>\nRadlick\u00e1 333\/150, 150 00 Prague 5<br \/>\nName: Prague&rsquo;s Barrel s.r.o.<br \/>\nIBAN: CZ7503000000000347929687<\/p>\n<h2>SUIVEZ-NOUS SUR LES R\u00c9SEAUX SOCIAUX<\/h2>\n<p><a href=\"https:\/\/www.facebook.com\/PraguesBarrelTournaments\"><img loading=\"lazy\" decoding=\"async\" class=\"alignnone wp-image-61595\" src=\"https:\/\/praguesbarrel.eu\/y0OH9L\/themes\/praguesbarrel\/img\/fb-ico.png\" alt=\"\" width=\"50\" height=\"50\" \/><\/a> <a href=\"https:\/\/www.instagram.com\/praguesbarrel\/\"><img loading=\"lazy\" decoding=\"async\" class=\"alignnone wp-image-61595\" src=\"http:\/\/praguesbarrel.eu\/y0OH9L\/uploads\/2022\/08\/Instagram-ikona.png\" alt=\"\" width=\"50\" height=\"50\" \/><\/a> <a href=\"https:\/\/www.youtube.com\/user\/PraguesBarrelTV\"><img loading=\"lazy\" decoding=\"async\" class=\"alignnone wp-image-61601\" src=\"http:\/\/praguesbarrel.eu\/y0OH9L\/uploads\/2022\/09\/2018_social_media_popular_app_logo_youtube-1024.webp\" alt=\"\" width=\"50\" height=\"50\" \/><\/a> <a href=\"https:\/\/whatsapp.com\/channel\/0029VaTXl94FXUui3S9que2U\"> <img loading=\"lazy\" decoding=\"async\" class=\"alignnone wp-image-61601\" src=\"http:\/\/praguesbarrel.eu\/y0OH9L\/uploads\/2024\/03\/whatsapp.png\" alt=\"\" width=\"50\" height=\"50\" \/><\/a> <a href=\"https:\/\/www.tiktok.com\/@pragues.barrel\"> <img loading=\"lazy\" decoding=\"async\" class=\"alignnone wp-image-61601\" src=\"https:\/\/hockey.praguesbarrel.eu\/wp-content\/uploads\/2024\/12\/tiktok.png\" alt=\"\" width=\"50\" height=\"50\" \/><\/a><\/p>\n","protected":false},"excerpt":{"rendered":"<p>Nous aimons la bi\u00e8re, les gens et l&rsquo;hockey sur glace. \u00c0 partir de cette combinaison, le tournoi de Prague&rsquo;s Barrel a \u00e9t\u00e9 cr\u00e9\u00e9: un week-end plein d&rsquo;hockey sur glace, une bi\u00e8re illimit\u00e9 et des joueurs joyeux de diff\u00e9rentes r\u00e9gions d\u2019Europe et du monde. Notre mission est de vous soulager du stress de la vie quotidienne&#8230;<\/p>\n","protected":false},"author":3,"featured_media":98806,"parent":0,"menu_order":0,"comment_status":"closed","ping_status":"closed","template":"","meta":{"footnotes":""},"class_list":["post-318","page","type-page","status-publish","has-post-thumbnail","hentry"],"yoast_head":"<!-- This site is optimized with the Yoast SEO plugin v26.9 - https:\/\/yoast.com\/product\/yoast-seo-wordpress\/ -->\n<title>Contact - Prague&#039;s Barrel hockey sur glace tournoi<\/title>\n<meta name=\"description\" content=\"L\u2019\u00e9quipe des organisateurs du tournoi d&#039;hockey sur glace amateur est pr\u00eate \u00e0 r\u00e9pondre \u00e0 vos questions. Vous pouvez nous \u00e9crire un courriel.\" \/>\n<meta name=\"robots\" content=\"index, follow, max-snippet:-1, max-image-preview:large, max-video-preview:-1\" \/>\n<link rel=\"canonical\" href=\"https:\/\/hockey.praguesbarrel.eu\/fr\/contact\/\" \/>\n<meta property=\"og:locale\" content=\"fr_FR\" \/>\n<meta property=\"og:type\" content=\"article\" \/>\n<meta property=\"og:title\" content=\"Contact - Prague&#039;s Barrel hockey sur glace tournoi\" \/>\n<meta property=\"og:description\" content=\"L\u2019\u00e9quipe des organisateurs du tournoi d&#039;hockey sur glace amateur est pr\u00eate \u00e0 r\u00e9pondre \u00e0 vos questions. Vous pouvez nous \u00e9crire un courriel.\" \/>\n<meta property=\"og:url\" content=\"https:\/\/hockey.praguesbarrel.eu\/fr\/contact\/\" \/>\n<meta property=\"og:site_name\" content=\"Prague&#039;s Barrel Hockey Tournament\" \/>\n<meta property=\"article:publisher\" content=\"https:\/\/www.facebook.com\/PraguesBarrelTournaments\" \/>\n<meta property=\"article:modified_time\" content=\"2025-12-28T18:13:22+00:00\" \/>\n<meta property=\"og:image\" content=\"https:\/\/hockey.praguesbarrel.eu\/wp-content\/uploads\/2024\/09\/tym2024.jpg\" \/>\n\t<meta property=\"og:image:width\" content=\"1832\" \/>\n\t<meta property=\"og:image:height\" content=\"1224\" \/>\n\t<meta property=\"og:image:type\" content=\"image\/jpeg\" \/>\n<meta name=\"twitter:label1\" content=\"Dur\u00e9e de lecture estim\u00e9e\" \/>\n\t<meta name=\"twitter:data1\" content=\"4 minutes\" \/>\n<script type=\"application\/ld+json\" class=\"yoast-schema-graph\">{\"@context\":\"https:\/\/schema.org\",\"@graph\":[{\"@type\":\"WebPage\",\"@id\":\"https:\/\/hockey.praguesbarrel.eu\/fr\/contact\/\",\"url\":\"https:\/\/hockey.praguesbarrel.eu\/fr\/contact\/\",\"name\":\"Contact - Prague's Barrel hockey sur glace tournoi\",\"isPartOf\":{\"@id\":\"https:\/\/hockey.praguesbarrel.eu\/#website\"},\"primaryImageOfPage\":{\"@id\":\"https:\/\/hockey.praguesbarrel.eu\/fr\/contact\/#primaryimage\"},\"image\":{\"@id\":\"https:\/\/hockey.praguesbarrel.eu\/fr\/contact\/#primaryimage\"},\"thumbnailUrl\":\"https:\/\/hockey.praguesbarrel.eu\/wp-content\/uploads\/2024\/09\/tym2024.jpg\",\"datePublished\":\"2014-10-14T19:03:21+00:00\",\"dateModified\":\"2025-12-28T18:13:22+00:00\",\"description\":\"L\u2019\u00e9quipe des organisateurs du tournoi d'hockey sur glace amateur est pr\u00eate \u00e0 r\u00e9pondre \u00e0 vos questions. Vous pouvez nous \u00e9crire un courriel.\",\"breadcrumb\":{\"@id\":\"https:\/\/hockey.praguesbarrel.eu\/fr\/contact\/#breadcrumb\"},\"inLanguage\":\"fr-FR\",\"potentialAction\":[{\"@type\":\"ReadAction\",\"target\":[\"https:\/\/hockey.praguesbarrel.eu\/fr\/contact\/\"]}]},{\"@type\":\"ImageObject\",\"inLanguage\":\"fr-FR\",\"@id\":\"https:\/\/hockey.praguesbarrel.eu\/fr\/contact\/#primaryimage\",\"url\":\"https:\/\/hockey.praguesbarrel.eu\/wp-content\/uploads\/2024\/09\/tym2024.jpg\",\"contentUrl\":\"https:\/\/hockey.praguesbarrel.eu\/wp-content\/uploads\/2024\/09\/tym2024.jpg\",\"width\":1832,\"height\":1224},{\"@type\":\"BreadcrumbList\",\"@id\":\"https:\/\/hockey.praguesbarrel.eu\/fr\/contact\/#breadcrumb\",\"itemListElement\":[{\"@type\":\"ListItem\",\"position\":1,\"name\":\"Home\",\"item\":\"https:\/\/hockey.praguesbarrel.eu\/fr\/\"},{\"@type\":\"ListItem\",\"position\":2,\"name\":\"Contact\"}]},{\"@type\":\"WebSite\",\"@id\":\"https:\/\/hockey.praguesbarrel.eu\/#website\",\"url\":\"https:\/\/hockey.praguesbarrel.eu\/\",\"name\":\"Prague&#039;s Barrel Hockey Tournament\",\"description\":\"Ice Hockey Tournament for amateur athletes\",\"publisher\":{\"@id\":\"https:\/\/hockey.praguesbarrel.eu\/#organization\"},\"potentialAction\":[{\"@type\":\"SearchAction\",\"target\":{\"@type\":\"EntryPoint\",\"urlTemplate\":\"https:\/\/hockey.praguesbarrel.eu\/?s={search_term_string}\"},\"query-input\":{\"@type\":\"PropertyValueSpecification\",\"valueRequired\":true,\"valueName\":\"search_term_string\"}}],\"inLanguage\":\"fr-FR\"},{\"@type\":\"Organization\",\"@id\":\"https:\/\/hockey.praguesbarrel.eu\/#organization\",\"name\":\"Prague's Barrel\",\"url\":\"https:\/\/hockey.praguesbarrel.eu\/\",\"logo\":{\"@type\":\"ImageObject\",\"inLanguage\":\"fr-FR\",\"@id\":\"https:\/\/hockey.praguesbarrel.eu\/#\/schema\/logo\/image\/\",\"url\":\"https:\/\/hockey.praguesbarrel.eu\/wp-content\/uploads\/2015\/07\/unimalej-2.jpg\",\"contentUrl\":\"https:\/\/hockey.praguesbarrel.eu\/wp-content\/uploads\/2015\/07\/unimalej-2.jpg\",\"width\":200,\"height\":200,\"caption\":\"Prague's Barrel\"},\"image\":{\"@id\":\"https:\/\/hockey.praguesbarrel.eu\/#\/schema\/logo\/image\/\"},\"sameAs\":[\"https:\/\/www.facebook.com\/PraguesBarrelTournaments\"]}]}<\/script>\n<!-- \/ Yoast SEO plugin. -->","yoast_head_json":{"title":"Contact - Prague's Barrel hockey sur glace tournoi","description":"L\u2019\u00e9quipe des organisateurs du tournoi d'hockey sur glace amateur est pr\u00eate \u00e0 r\u00e9pondre \u00e0 vos questions. Vous pouvez nous \u00e9crire un courriel.","robots":{"index":"index","follow":"follow","max-snippet":"max-snippet:-1","max-image-preview":"max-image-preview:large","max-video-preview":"max-video-preview:-1"},"canonical":"https:\/\/hockey.praguesbarrel.eu\/fr\/contact\/","og_locale":"fr_FR","og_type":"article","og_title":"Contact - Prague's Barrel hockey sur glace tournoi","og_description":"L\u2019\u00e9quipe des organisateurs du tournoi d'hockey sur glace amateur est pr\u00eate \u00e0 r\u00e9pondre \u00e0 vos questions. Vous pouvez nous \u00e9crire un courriel.","og_url":"https:\/\/hockey.praguesbarrel.eu\/fr\/contact\/","og_site_name":"Prague&#039;s Barrel Hockey Tournament","article_publisher":"https:\/\/www.facebook.com\/PraguesBarrelTournaments","article_modified_time":"2025-12-28T18:13:22+00:00","og_image":[{"width":1832,"height":1224,"url":"https:\/\/hockey.praguesbarrel.eu\/wp-content\/uploads\/2024\/09\/tym2024.jpg","type":"image\/jpeg"}],"twitter_misc":{"Dur\u00e9e de lecture estim\u00e9e":"4 minutes"},"schema":{"@context":"https:\/\/schema.org","@graph":[{"@type":"WebPage","@id":"https:\/\/hockey.praguesbarrel.eu\/fr\/contact\/","url":"https:\/\/hockey.praguesbarrel.eu\/fr\/contact\/","name":"Contact - Prague's Barrel hockey sur glace tournoi","isPartOf":{"@id":"https:\/\/hockey.praguesbarrel.eu\/#website"},"primaryImageOfPage":{"@id":"https:\/\/hockey.praguesbarrel.eu\/fr\/contact\/#primaryimage"},"image":{"@id":"https:\/\/hockey.praguesbarrel.eu\/fr\/contact\/#primaryimage"},"thumbnailUrl":"https:\/\/hockey.praguesbarrel.eu\/wp-content\/uploads\/2024\/09\/tym2024.jpg","datePublished":"2014-10-14T19:03:21+00:00","dateModified":"2025-12-28T18:13:22+00:00","description":"L\u2019\u00e9quipe des organisateurs du tournoi d'hockey sur glace amateur est pr\u00eate \u00e0 r\u00e9pondre \u00e0 vos questions. Vous pouvez nous \u00e9crire un courriel.","breadcrumb":{"@id":"https:\/\/hockey.praguesbarrel.eu\/fr\/contact\/#breadcrumb"},"inLanguage":"fr-FR","potentialAction":[{"@type":"ReadAction","target":["https:\/\/hockey.praguesbarrel.eu\/fr\/contact\/"]}]},{"@type":"ImageObject","inLanguage":"fr-FR","@id":"https:\/\/hockey.praguesbarrel.eu\/fr\/contact\/#primaryimage","url":"https:\/\/hockey.praguesbarrel.eu\/wp-content\/uploads\/2024\/09\/tym2024.jpg","contentUrl":"https:\/\/hockey.praguesbarrel.eu\/wp-content\/uploads\/2024\/09\/tym2024.jpg","width":1832,"height":1224},{"@type":"BreadcrumbList","@id":"https:\/\/hockey.praguesbarrel.eu\/fr\/contact\/#breadcrumb","itemListElement":[{"@type":"ListItem","position":1,"name":"Home","item":"https:\/\/hockey.praguesbarrel.eu\/fr\/"},{"@type":"ListItem","position":2,"name":"Contact"}]},{"@type":"WebSite","@id":"https:\/\/hockey.praguesbarrel.eu\/#website","url":"https:\/\/hockey.praguesbarrel.eu\/","name":"Prague&#039;s Barrel Hockey Tournament","description":"Ice Hockey Tournament for amateur athletes","publisher":{"@id":"https:\/\/hockey.praguesbarrel.eu\/#organization"},"potentialAction":[{"@type":"SearchAction","target":{"@type":"EntryPoint","urlTemplate":"https:\/\/hockey.praguesbarrel.eu\/?s={search_term_string}"},"query-input":{"@type":"PropertyValueSpecification","valueRequired":true,"valueName":"search_term_string"}}],"inLanguage":"fr-FR"},{"@type":"Organization","@id":"https:\/\/hockey.praguesbarrel.eu\/#organization","name":"Prague's Barrel","url":"https:\/\/hockey.praguesbarrel.eu\/","logo":{"@type":"ImageObject","inLanguage":"fr-FR","@id":"https:\/\/hockey.praguesbarrel.eu\/#\/schema\/logo\/image\/","url":"https:\/\/hockey.praguesbarrel.eu\/wp-content\/uploads\/2015\/07\/unimalej-2.jpg","contentUrl":"https:\/\/hockey.praguesbarrel.eu\/wp-content\/uploads\/2015\/07\/unimalej-2.jpg","width":200,"height":200,"caption":"Prague's Barrel"},"image":{"@id":"https:\/\/hockey.praguesbarrel.eu\/#\/schema\/logo\/image\/"},"sameAs":["https:\/\/www.facebook.com\/PraguesBarrelTournaments"]}]}},"_links":{"self":[{"href":"https:\/\/hockey.praguesbarrel.eu\/fr\/wp-json\/wp\/v2\/pages\/318","targetHints":{"allow":["GET"]}}],"collection":[{"href":"https:\/\/hockey.praguesbarrel.eu\/fr\/wp-json\/wp\/v2\/pages"}],"about":[{"href":"https:\/\/hockey.praguesbarrel.eu\/fr\/wp-json\/wp\/v2\/types\/page"}],"author":[{"embeddable":true,"href":"https:\/\/hockey.praguesbarrel.eu\/fr\/wp-json\/wp\/v2\/users\/3"}],"replies":[{"embeddable":true,"href":"https:\/\/hockey.praguesbarrel.eu\/fr\/wp-json\/wp\/v2\/comments?post=318"}],"version-history":[{"count":53,"href":"https:\/\/hockey.praguesbarrel.eu\/fr\/wp-json\/wp\/v2\/pages\/318\/revisions"}],"predecessor-version":[{"id":100062,"href":"https:\/\/hockey.praguesbarrel.eu\/fr\/wp-json\/wp\/v2\/pages\/318\/revisions\/100062"}],"wp:featuredmedia":[{"embeddable":true,"href":"https:\/\/hockey.praguesbarrel.eu\/fr\/wp-json\/wp\/v2\/media\/98806"}],"wp:attachment":[{"href":"https:\/\/hockey.praguesbarrel.eu\/fr\/wp-json\/wp\/v2\/media?parent=318"}],"curies":[{"name":"wp","href":"https:\/\/api.w.org\/{rel}","templated":true}]}}