{"id":292,"date":"2014-10-14T19:43:07","date_gmt":"2014-10-14T18:43:07","guid":{"rendered":"http:\/\/pbh.delab.cz\/?page_id=292"},"modified":"2025-11-27T19:57:05","modified_gmt":"2025-11-27T18:57:05","slug":"sistemazione-alberghiera","status":"publish","type":"page","link":"https:\/\/hockey.praguesbarrel.eu\/it\/prezzo\/sistemazione-alberghiera\/","title":{"rendered":"Sistemazione alberghiera"},"content":{"rendered":"<p>Gli organizzatori hanno preparato vari tipi di alloggio. Potete scegliere tra l&#8217;albergo di una mezza categoria oppure l&#8217;albergo in pieno centro di Praga.<\/p>\n<div class=\"ytvideo-wrapper\"><iframe loading=\"lazy\" src=\"https:\/\/www.google.com\/maps\/d\/u\/1\/embed?mid=1ildyuzys6788hdPLY-C0zE6l8KY\" width=\"640\" height=\"480\"><\/iframe><\/div>\n<h3>Adria ****<\/h3>\n<p>Nel caso preferite alloggio nel centro citt\u00e0, offriamo il quattro stelle Adria, situato in piazza Venceslao. L&#8217;albergo ha pi\u00f9 di un secolo di storia e offre interieri eleganti e l&#8217;atmosfera amichevole. Il suo orgoglio il ristorante con stalattiti nello stile art-deco Triton con arredamento originale del 1912. Tutti i monumenti importanti,la Citt\u00e0 Vecchia e boutique di lusso sono raggiungibili a piedi. L&#8217;albergo ha ricevuto marchio di qualit\u00e0 ecologica della UE. <a href=\"https:\/\/hockey.praguesbarrel.eu\/it\/adria\/\">Galleria fotografica<\/a><\/p>\n<h3>ambassador *****<\/h3>\n<p>Albergo Ambassador e situato nella parte bassa i piazza Venceslao, 5 minuti a piedi dalla Piazza della Citt\u00e0 Vecchia. Le camere offrono almeno 25m2 di spazio e sono arredate nello stile art-nouveau. Tutte i bagni di marmo sono dotati di vasca idromassaggio e di solito anche con una doccia. Le camere sono fornite di TV con lo schermo piatto e vari programmi satellitari, cassaforte, frigobar e Wi-Fi gratis. C&#8217;\u00e8 anche la possibilit\u00e0 di rilassarsi nel centro benessere che offre una vasta gamma di massaggi Thailandesi e Ayurvedici, trattamenti corpo&amp;viso oppure massaggi speciali &#8211; al miele, al cioccolato oppure massaggio delle ciacre con le pietre laviche. <a href=\"https:\/\/hockey.praguesbarrel.eu\/it\/ambassador\/\">Galleria fotografica<\/a><\/p>\n<h3>ambiance ****<\/h3>\n<p>Ambiance \u00e8 situato a Praga 2, 12 minuti a piedi da piazza Venceslao, 7 minuti a piedi dai club Retro, Radost FX e Le Mirage. L&#8217;albergo \u00e8 circondato dai pub, ristoranti e minimarket. Offre stanze pi\u00f9 piccole ma accoglienti con cassaforte, aria condizionata, Wi-Fi gratis e ottima colazione. S pu\u00f2 rilassare nella terazza nel cortile. <a href=\"https:\/\/hockey.praguesbarrel.eu\/ambiance\/\">Galleria fotografica<\/a><\/p>\n<h3>amigo ****<\/h3>\n<p>Hotel Amigo \u00e8 un albergo elegante in stile neorinascimentale a Praga 2 con onnipresente tocco d&#8217;oro. La location \u00e8 ottima: i pub, ristoranti e minimarket nelle vicinanze dell&#8217;albergo. 20 minuti a piadi in piazza Venceslao, 10 minuti a piedi dai club Retro, Radost FX e Le Mirage. Le stanze sono spaziose con flat TV, l&#8217;aria condizionata e cassaforte. I bagni sono dotati di doccia, vasce da bagno si trovano solo nelle junior suites. L&#8217;accappatoio,lo spazzolino da denti, set per farsi la barba, set &#8220;vanita&#8221;, la cuffia da doccia e ciabatte gratis a richiesta. Wi-fi gratis. Caff\u00e8 e t\u00e8 in stanza a pagamento. Si pu\u00f2 rilassare nella terazza in giardino. <a href=\"https:\/\/hockey.praguesbarrel.eu\/amigo\/\">Galleria fotografica<\/a><\/p>\n<h3>juli\u0161 ****<\/h3>\n<p>L&#8217;Hotel Julis si trova nel centro di Praga, direttamente in piazza Venceslao. Le ampie camere con angolo cottura incorporato sono dotate di mobili moderni, confortevoli e pavimenti in legno. Le camere hanno una vista meravigliosa sulla citt\u00e0 di Praga, su piazza Venceslao e sul fiabesco giardino Francescano. Il centro fitness si trova direttamente nell&#8217;edificio e una piscina coperta e una sauna sono a disposizione degli ospiti dell&#8217;hotel a un costo aggiuntivo. Parcheggio disponibile. <a href=\"https:\/\/hockey.praguesbarrel.eu\/julis\/\">Galleria fotografica<\/a><\/p>\n<h3>louis leger ***+<\/h3>\n<p>Louis Leger \u00e8 un albergo moderno con le camere colorate a Vinohrady. \u00c8 situato 15 minuti a piedi da piazza Venceslao. Praga 2 Vinohrady \u00e8 uno dei pi\u00f9 incantevoli quartieri pieno di pub, caff\u00e8 e music club. <a href=\"https:\/\/hockey.praguesbarrel.eu\/louis-leger\/\">Galleria fotografica<\/a><\/p>\n<h3>prague centre plaza ***<\/h3>\n<p>Un bel tre stelle a Praga 2 Vinohrady, uno dei quartieri pi\u00f9 fichi della citt\u00e0. Piazza Venceslao dista 12 minuti a piedi. Godetevi l&#8217;infinita quantit\u00e0 dei pub, bar e music club in prossimit\u00e0 dell&#8217;albergo! In pi\u00f9 c&#8217;\u00e8 la possibilit\u00e1 di rilassarsi in sauna, jacuzzi oppure bagno di birra. :) Le camere sono dotate di angolo doccia e TV satelitare, rete Wi-Fi \u00e8 gratuita in tutto l&#8217;albergo.\u00a0<a href=\"https:\/\/hockey.praguesbarrel.eu\/it\/prague-centre-plaza\/\">Galleria fotografica<\/a><\/p>\n<h3>ramada ****<\/h3>\n<p>Hotel Ramada \u00e8 situato nel centro della citt\u00e0, direttamente nella piazza Venceslao, dove \u00e8 possibile trovare numerosi ristoranti, bar, club e negozi. Si tratta di un hotel non fumatore accessibile anche ai disabili con Wi-Fi gratuito. Le camere sono spaziose e confortevoli e offrono un design fresco e moderno. Le camere sono dotate di frigorifero, TV LCD, cassaforte, bollitore elettrico e angolo doccia (alcune camere dispongono anche di vasca da bagno). Il parcheggio \u00e8 disponibile in hotel a un costo aggiuntivo. Centro fitness e piscina coperta riscaldata e sauna si trovano nelle vicinanze. <a href=\"https:\/\/hockey.praguesbarrel.eu\/ramada\/\">Galleria fotografica<\/a><\/p>\n<h3>rokoko ****<\/h3>\n<p>Hotel Rokoko \u00e8 situato nel cuore di Praga, nell&#8217;edificio del palazzo storico protetto Rokoko sulla piazza Venceslao. Parcheggio disponibile in un parcheggio nelle vicinanze. L&#8217;hotel offre un alloggio in camere luminose ed eleganti, dalle quali dai piani superiori si gode della vista sul centro storico di Praga. La colazione viene servita nell&#8217;edificio accanto. Le camere dispongono di aria condizionata, Wi-Fi gratuito, TV LCD, set per caff\u00e8 e t\u00e8, cassaforte e vasca da bagno o angolo doccia. <a href=\"https:\/\/hockey.praguesbarrel.eu\/rokoko\/\">Galleria fotografica<\/a><\/p>\n<h3>ST. GEORGE ***<\/h3>\n<p>L&#8217;albergo St. George \u00e8 situato nel centro citt\u00e0, vicino alla fermata di metropolitana I.P. Pavlova, circa 15 minuti a piedi dalla piazza Venceslao. Vicino si trovano numerosi ristoranti e bar. Gli ospiti possono usufruire del Wi-Fi libero e TV a schermo piatto in ogni camera. Le camere hanno bagni luminosi dotati di asciugacapelli, vasca da bagno oppure doccia. L&#8217;albergo offre possibilit\u00e0 di parcheggio auto, cassaforte, pallestra e centro benessere. Lobby bar ha una bella terazza per godervi il vostro drink. <a href=\"https:\/\/hockey.praguesbarrel.eu\/st-george\/\">Galleria fotografica<\/a><\/p>\n<h3>SUPERIOR ****<\/h3>\n<p>L\u2019albergo Superior \u00e8 situato 10 minuti a piedi dalla piazza Venceslao. Nell\u2019estate potete godervi bel giardino esterno, tutto l\u2019anno potete scaldarvi in sauna, jacuzzi oppure rilassarvi durante il massaggio con le petre calde. Tutte le camere sono dotate di TV, telefono, asciugacapelli, bollitore, frigobar etc. Nell\u2019albergo si trova il parcheggio sotterraneo. <a href=\"https:\/\/hockey.praguesbarrel.eu\/prague-centre-superior\/\">Galleria fotografica<\/a><\/p>\n","protected":false},"excerpt":{"rendered":"<p>Gli organizzatori hanno preparato vari tipi di alloggio. Potete scegliere tra l&#8217;albergo di una mezza categoria oppure l&#8217;albergo in pieno centro di Praga. Adria **** Nel caso preferite alloggio nel centro citt\u00e0, offriamo il quattro stelle Adria, situato in piazza Venceslao. L&#8217;albergo ha pi\u00f9 di un secolo di storia e offre interieri eleganti e l&#8217;atmosfera&#8230;<\/p>\n","protected":false},"author":3,"featured_media":71391,"parent":284,"menu_order":0,"comment_status":"closed","ping_status":"closed","template":"","meta":{"footnotes":""},"class_list":["post-292","page","type-page","status-publish","has-post-thumbnail","hentry"],"yoast_head":"<!-- This site is optimized with the Yoast SEO plugin v26.9 - https:\/\/yoast.com\/product\/yoast-seo-wordpress\/ -->\n<title>Sistemazione alberghiera - Prague&#039;s Barrel<\/title>\n<meta name=\"description\" content=\"Gli organizzatori hanno preparato vari tipi di alloggio. Potete scegliere tra l&#039;albergo di una mezza categoria oppure l&#039;albergo in pieno centro di Praga.\" \/>\n<meta name=\"robots\" content=\"index, follow, max-snippet:-1, max-image-preview:large, max-video-preview:-1\" \/>\n<link rel=\"canonical\" href=\"https:\/\/hockey.praguesbarrel.eu\/it\/prezzo\/sistemazione-alberghiera\/\" \/>\n<meta property=\"og:locale\" content=\"it_IT\" \/>\n<meta property=\"og:type\" content=\"article\" \/>\n<meta property=\"og:title\" content=\"Sistemazione alberghiera - Prague&#039;s Barrel\" \/>\n<meta property=\"og:description\" content=\"Gli organizzatori hanno preparato vari tipi di alloggio. Potete scegliere tra l&#039;albergo di una mezza categoria oppure l&#039;albergo in pieno centro di Praga.\" \/>\n<meta property=\"og:url\" content=\"https:\/\/hockey.praguesbarrel.eu\/it\/prezzo\/sistemazione-alberghiera\/\" \/>\n<meta property=\"og:site_name\" content=\"Prague&#039;s Barrel\" \/>\n<meta property=\"article:publisher\" content=\"https:\/\/www.facebook.com\/PraguesBarrelTournaments\" \/>\n<meta property=\"article:modified_time\" content=\"2025-11-27T18:57:05+00:00\" \/>\n<meta property=\"og:image\" content=\"https:\/\/hockey.praguesbarrel.eu\/wp-content\/uploads\/2022\/09\/george3.jpeg\" \/>\n\t<meta property=\"og:image:width\" content=\"550\" \/>\n\t<meta property=\"og:image:height\" content=\"352\" \/>\n\t<meta property=\"og:image:type\" content=\"image\/jpeg\" \/>\n<meta name=\"twitter:label1\" content=\"Tempo di lettura stimato\" \/>\n\t<meta name=\"twitter:data1\" content=\"5 minuti\" \/>\n<script type=\"application\/ld+json\" class=\"yoast-schema-graph\">{\"@context\":\"https:\/\/schema.org\",\"@graph\":[{\"@type\":\"WebPage\",\"@id\":\"https:\/\/hockey.praguesbarrel.eu\/it\/prezzo\/sistemazione-alberghiera\/\",\"url\":\"https:\/\/hockey.praguesbarrel.eu\/it\/prezzo\/sistemazione-alberghiera\/\",\"name\":\"Sistemazione alberghiera - Prague&#039;s Barrel\",\"isPartOf\":{\"@id\":\"https:\/\/hockey.praguesbarrel.eu\/#website\"},\"primaryImageOfPage\":{\"@id\":\"https:\/\/hockey.praguesbarrel.eu\/it\/prezzo\/sistemazione-alberghiera\/#primaryimage\"},\"image\":{\"@id\":\"https:\/\/hockey.praguesbarrel.eu\/it\/prezzo\/sistemazione-alberghiera\/#primaryimage\"},\"thumbnailUrl\":\"https:\/\/hockey.praguesbarrel.eu\/wp-content\/uploads\/2022\/09\/george3.jpeg\",\"datePublished\":\"2014-10-14T18:43:07+00:00\",\"dateModified\":\"2025-11-27T18:57:05+00:00\",\"description\":\"Gli organizzatori hanno preparato vari tipi di alloggio. Potete scegliere tra l'albergo di una mezza categoria oppure l'albergo in pieno centro di Praga.\",\"breadcrumb\":{\"@id\":\"https:\/\/hockey.praguesbarrel.eu\/it\/prezzo\/sistemazione-alberghiera\/#breadcrumb\"},\"inLanguage\":\"it-IT\",\"potentialAction\":[{\"@type\":\"ReadAction\",\"target\":[\"https:\/\/hockey.praguesbarrel.eu\/it\/prezzo\/sistemazione-alberghiera\/\"]}]},{\"@type\":\"ImageObject\",\"inLanguage\":\"it-IT\",\"@id\":\"https:\/\/hockey.praguesbarrel.eu\/it\/prezzo\/sistemazione-alberghiera\/#primaryimage\",\"url\":\"https:\/\/hockey.praguesbarrel.eu\/wp-content\/uploads\/2022\/09\/george3.jpeg\",\"contentUrl\":\"https:\/\/hockey.praguesbarrel.eu\/wp-content\/uploads\/2022\/09\/george3.jpeg\",\"width\":550,\"height\":352},{\"@type\":\"BreadcrumbList\",\"@id\":\"https:\/\/hockey.praguesbarrel.eu\/it\/prezzo\/sistemazione-alberghiera\/#breadcrumb\",\"itemListElement\":[{\"@type\":\"ListItem\",\"position\":1,\"name\":\"Home\",\"item\":\"https:\/\/hockey.praguesbarrel.eu\/it\/\"},{\"@type\":\"ListItem\",\"position\":2,\"name\":\"Prezzo\",\"item\":\"https:\/\/hockey.praguesbarrel.eu\/it\/prezzo\/\"},{\"@type\":\"ListItem\",\"position\":3,\"name\":\"Sistemazione alberghiera\"}]},{\"@type\":\"WebSite\",\"@id\":\"https:\/\/hockey.praguesbarrel.eu\/#website\",\"url\":\"https:\/\/hockey.praguesbarrel.eu\/\",\"name\":\"Prague&#039;s Barrel\",\"description\":\"Ice Hockey Tournament for amateur players\",\"publisher\":{\"@id\":\"https:\/\/hockey.praguesbarrel.eu\/#organization\"},\"potentialAction\":[{\"@type\":\"SearchAction\",\"target\":{\"@type\":\"EntryPoint\",\"urlTemplate\":\"https:\/\/hockey.praguesbarrel.eu\/?s={search_term_string}\"},\"query-input\":{\"@type\":\"PropertyValueSpecification\",\"valueRequired\":true,\"valueName\":\"search_term_string\"}}],\"inLanguage\":\"it-IT\"},{\"@type\":\"Organization\",\"@id\":\"https:\/\/hockey.praguesbarrel.eu\/#organization\",\"name\":\"Prague's Barrel\",\"url\":\"https:\/\/hockey.praguesbarrel.eu\/\",\"logo\":{\"@type\":\"ImageObject\",\"inLanguage\":\"it-IT\",\"@id\":\"https:\/\/hockey.praguesbarrel.eu\/#\/schema\/logo\/image\/\",\"url\":\"https:\/\/hockey.praguesbarrel.eu\/wp-content\/uploads\/2015\/07\/unimalej-2.jpg\",\"contentUrl\":\"https:\/\/hockey.praguesbarrel.eu\/wp-content\/uploads\/2015\/07\/unimalej-2.jpg\",\"width\":200,\"height\":200,\"caption\":\"Prague's Barrel\"},\"image\":{\"@id\":\"https:\/\/hockey.praguesbarrel.eu\/#\/schema\/logo\/image\/\"},\"sameAs\":[\"https:\/\/www.facebook.com\/PraguesBarrelTournaments\"]}]}<\/script>\n<!-- \/ Yoast SEO plugin. -->","yoast_head_json":{"title":"Sistemazione alberghiera - Prague&#039;s Barrel","description":"Gli organizzatori hanno preparato vari tipi di alloggio. Potete scegliere tra l'albergo di una mezza categoria oppure l'albergo in pieno centro di Praga.","robots":{"index":"index","follow":"follow","max-snippet":"max-snippet:-1","max-image-preview":"max-image-preview:large","max-video-preview":"max-video-preview:-1"},"canonical":"https:\/\/hockey.praguesbarrel.eu\/it\/prezzo\/sistemazione-alberghiera\/","og_locale":"it_IT","og_type":"article","og_title":"Sistemazione alberghiera - Prague&#039;s Barrel","og_description":"Gli organizzatori hanno preparato vari tipi di alloggio. Potete scegliere tra l'albergo di una mezza categoria oppure l'albergo in pieno centro di Praga.","og_url":"https:\/\/hockey.praguesbarrel.eu\/it\/prezzo\/sistemazione-alberghiera\/","og_site_name":"Prague&#039;s Barrel","article_publisher":"https:\/\/www.facebook.com\/PraguesBarrelTournaments","article_modified_time":"2025-11-27T18:57:05+00:00","og_image":[{"width":550,"height":352,"url":"https:\/\/hockey.praguesbarrel.eu\/wp-content\/uploads\/2022\/09\/george3.jpeg","type":"image\/jpeg"}],"twitter_misc":{"Tempo di lettura stimato":"5 minuti"},"schema":{"@context":"https:\/\/schema.org","@graph":[{"@type":"WebPage","@id":"https:\/\/hockey.praguesbarrel.eu\/it\/prezzo\/sistemazione-alberghiera\/","url":"https:\/\/hockey.praguesbarrel.eu\/it\/prezzo\/sistemazione-alberghiera\/","name":"Sistemazione alberghiera - Prague&#039;s Barrel","isPartOf":{"@id":"https:\/\/hockey.praguesbarrel.eu\/#website"},"primaryImageOfPage":{"@id":"https:\/\/hockey.praguesbarrel.eu\/it\/prezzo\/sistemazione-alberghiera\/#primaryimage"},"image":{"@id":"https:\/\/hockey.praguesbarrel.eu\/it\/prezzo\/sistemazione-alberghiera\/#primaryimage"},"thumbnailUrl":"https:\/\/hockey.praguesbarrel.eu\/wp-content\/uploads\/2022\/09\/george3.jpeg","datePublished":"2014-10-14T18:43:07+00:00","dateModified":"2025-11-27T18:57:05+00:00","description":"Gli organizzatori hanno preparato vari tipi di alloggio. Potete scegliere tra l'albergo di una mezza categoria oppure l'albergo in pieno centro di Praga.","breadcrumb":{"@id":"https:\/\/hockey.praguesbarrel.eu\/it\/prezzo\/sistemazione-alberghiera\/#breadcrumb"},"inLanguage":"it-IT","potentialAction":[{"@type":"ReadAction","target":["https:\/\/hockey.praguesbarrel.eu\/it\/prezzo\/sistemazione-alberghiera\/"]}]},{"@type":"ImageObject","inLanguage":"it-IT","@id":"https:\/\/hockey.praguesbarrel.eu\/it\/prezzo\/sistemazione-alberghiera\/#primaryimage","url":"https:\/\/hockey.praguesbarrel.eu\/wp-content\/uploads\/2022\/09\/george3.jpeg","contentUrl":"https:\/\/hockey.praguesbarrel.eu\/wp-content\/uploads\/2022\/09\/george3.jpeg","width":550,"height":352},{"@type":"BreadcrumbList","@id":"https:\/\/hockey.praguesbarrel.eu\/it\/prezzo\/sistemazione-alberghiera\/#breadcrumb","itemListElement":[{"@type":"ListItem","position":1,"name":"Home","item":"https:\/\/hockey.praguesbarrel.eu\/it\/"},{"@type":"ListItem","position":2,"name":"Prezzo","item":"https:\/\/hockey.praguesbarrel.eu\/it\/prezzo\/"},{"@type":"ListItem","position":3,"name":"Sistemazione alberghiera"}]},{"@type":"WebSite","@id":"https:\/\/hockey.praguesbarrel.eu\/#website","url":"https:\/\/hockey.praguesbarrel.eu\/","name":"Prague&#039;s Barrel","description":"Ice Hockey Tournament for amateur players","publisher":{"@id":"https:\/\/hockey.praguesbarrel.eu\/#organization"},"potentialAction":[{"@type":"SearchAction","target":{"@type":"EntryPoint","urlTemplate":"https:\/\/hockey.praguesbarrel.eu\/?s={search_term_string}"},"query-input":{"@type":"PropertyValueSpecification","valueRequired":true,"valueName":"search_term_string"}}],"inLanguage":"it-IT"},{"@type":"Organization","@id":"https:\/\/hockey.praguesbarrel.eu\/#organization","name":"Prague's Barrel","url":"https:\/\/hockey.praguesbarrel.eu\/","logo":{"@type":"ImageObject","inLanguage":"it-IT","@id":"https:\/\/hockey.praguesbarrel.eu\/#\/schema\/logo\/image\/","url":"https:\/\/hockey.praguesbarrel.eu\/wp-content\/uploads\/2015\/07\/unimalej-2.jpg","contentUrl":"https:\/\/hockey.praguesbarrel.eu\/wp-content\/uploads\/2015\/07\/unimalej-2.jpg","width":200,"height":200,"caption":"Prague's Barrel"},"image":{"@id":"https:\/\/hockey.praguesbarrel.eu\/#\/schema\/logo\/image\/"},"sameAs":["https:\/\/www.facebook.com\/PraguesBarrelTournaments"]}]}},"_links":{"self":[{"href":"https:\/\/hockey.praguesbarrel.eu\/it\/wp-json\/wp\/v2\/pages\/292","targetHints":{"allow":["GET"]}}],"collection":[{"href":"https:\/\/hockey.praguesbarrel.eu\/it\/wp-json\/wp\/v2\/pages"}],"about":[{"href":"https:\/\/hockey.praguesbarrel.eu\/it\/wp-json\/wp\/v2\/types\/page"}],"author":[{"embeddable":true,"href":"https:\/\/hockey.praguesbarrel.eu\/it\/wp-json\/wp\/v2\/users\/3"}],"replies":[{"embeddable":true,"href":"https:\/\/hockey.praguesbarrel.eu\/it\/wp-json\/wp\/v2\/comments?post=292"}],"version-history":[{"count":45,"href":"https:\/\/hockey.praguesbarrel.eu\/it\/wp-json\/wp\/v2\/pages\/292\/revisions"}],"predecessor-version":[{"id":99977,"href":"https:\/\/hockey.praguesbarrel.eu\/it\/wp-json\/wp\/v2\/pages\/292\/revisions\/99977"}],"up":[{"embeddable":true,"href":"https:\/\/hockey.praguesbarrel.eu\/it\/wp-json\/wp\/v2\/pages\/284"}],"wp:featuredmedia":[{"embeddable":true,"href":"https:\/\/hockey.praguesbarrel.eu\/it\/wp-json\/wp\/v2\/media\/71391"}],"wp:attachment":[{"href":"https:\/\/hockey.praguesbarrel.eu\/it\/wp-json\/wp\/v2\/media?parent=292"}],"curies":[{"name":"wp","href":"https:\/\/api.w.org\/{rel}","templated":true}]}}