{"id":343,"date":"2014-10-14T20:14:05","date_gmt":"2014-10-14T19:14:05","guid":{"rendered":"http:\/\/pbh.delab.cz\/?page_id=343"},"modified":"2026-03-20T13:40:41","modified_gmt":"2026-03-20T12:40:41","slug":"il-torneo","status":"publish","type":"page","link":"https:\/\/hockey.praguesbarrel.eu\/it\/il-torneo\/","title":{"rendered":"Torneo"},"content":{"rendered":"<p><strong>Il Prague&#8217;s Barrel \u00e8 un torneo internazionale di hockey su ghiaccio per squadre amatoriali e dilettanti<\/strong> che desiderano trascorrere quattro giorni indimenticabili all&#8217;insegna dell&#8217;hockey, dell&#8217;amicizia e del divertimento a Praga. Che la tua squadra sia composta da guerrieri del fine settimana o da amici che scendono sul ghiaccio insieme per la prima volta, sei pi\u00f9 che benvenuto. Il nostro pacchetto include sistemazione in hotel, trasferimenti locali, pensione completa, iscrizione al torneo e <strong>birra alla spina illimitata a tutti gli eventi ufficiali<\/strong>. Con oltre 30 anni di esperienza (<a href=\"https:\/\/hockey.praguesbarrel.eu\/it\/results\/\">vedi tutti i risultati<\/a>), ci occupiamo di ogni dettaglio, cos\u00ec potrete concentrarvi su grandi partite, birra fresca e ricordi indimenticabili.<\/p>\n<h2>Perch\u00e9 le squadre scelgono il Prague\u2019s Barrel<\/h2>\n<ul>\n<li><strong>Perfetto per le squadre amatoriali e dilettanti:<\/strong> formato inclusivo, atmosfera amichevole, fair play al primo posto.<\/li>\n<li><strong>Praga \u00e8 bella e facile da raggiungere<\/strong>: giocate di giorno, esplorate di notte.<\/li>\n<li><strong>Ci occupiamo di tutto noi:<\/strong> alloggio, pasti, trasferimenti e assistenza in loco.<\/li>\n<li><strong>Birra illimitata e programma sociale:<\/strong> cena in un tipico ristorante ceco, cena in barca, feste e tempo per visitare la citt\u00e0.<\/li>\n<li><strong>Decenni di esperienza:<\/strong> organizzatori affidabili, programma che fila liscio, squadre che tornano ogni anno.<\/li>\n<\/ul>\n<p><strong>Ancora indeciso?<\/strong> <a href=\"https:\/\/hockey.praguesbarrel.eu\/it\/squadre-iscritte\/\">Da&#8217; un&#8217;occhiata alle squadre gi\u00e0 iscritte<\/a> e unisciti alla grande comunit\u00e0 di giocatori e tifosi del Prague&#8217;s Barrel Ice Hockey Tournament.<\/p>\n<div class=\"ytvideo-wrapper\"><iframe title=\"YouTube video player\" src=\"https:\/\/www.youtube.com\/embed\/D_8bueRdVTQ?si=loiZGqaXits9ecRJ\" frameborder=\"0\" allowfullscreen=\"allowfullscreen\"><span data-mce-type=\"bookmark\" style=\"display: inline-block; width: 0px; overflow: hidden; line-height: 0;\" class=\"mce_SELRES_start\">\ufeff<\/span><\/iframe><\/div>\n<div>\n<h2>Chi dovrebbe partecipare?<\/h2>\n<p>Qualsiasi squadra di hockey amatoriale alla ricerca di un torneo ben organizzato, sociale e birrofilo nel cuore dell&#8217;Europa. Consigliamo squadre composte da circa <strong>15-20 giocatori<\/strong>; il numero m<strong>inimo di giocatori per squadra \u00e8 12<\/strong>.<\/p>\n<h2>Guarda com&#8217;\u00c8 il torneo<\/h2>\n<p><a href=\"https:\/\/hockey.praguesbarrel.eu\/wp-content\/uploads\/2024\/08\/Experience_hokej_prezentace_compressed.pdf\"><img loading=\"lazy\" decoding=\"async\" class=\"alignnone size-full wp-image-76128\" src=\"https:\/\/hockey.praguesbarrel.eu\/wp-content\/uploads\/2024\/08\/Experience_hokej_prezentace.gif\" alt=\"\" width=\"1152\" height=\"648\" \/><\/a><\/p>\n<\/div>\n<h2 style=\"text-align: justify;\">Scopri la storia del Prague&#8217;s Barrel: 20 anni del torneo<\/h2>\n<p style=\"text-align: justify;\">Guarda la ricca storia del Prague&#8217;s Barrel, un torneo di hockey sul ghiaccio molto amato. La nostra mappa interattiva presenta ogni squadra che ha messo piede sul ghiaccio in questo torneo iconico (per i fiumi di birra!) negli ultimi vent&#8217;anni. Diversit\u00e0 internazionale, grandi prestazioni sportive, amicizia e birra a volont\u00e0: questo \u00e8 il Prague&#8217;s Barrel.<\/p>\n<div class=\"ytvideo-wrapper\"><iframe loading=\"lazy\" src=\"https:\/\/www.google.com\/maps\/d\/embed?mid=1T9cXzzW1WHm1kXBBpW1HsBQHZrG2Vyk&amp;hl=cs&amp;ehbc=2E312F\" width=\"640\" height=\"480\"><\/iframe><\/div>\n<p>&nbsp;<\/p>\n<style>#sp-ea-99998 .spcollapsing { height: 0; overflow: hidden; transition-property: height;transition-duration: 300ms;}#sp-ea-99998.sp-easy-accordion>.sp-ea-single {margin-bottom: 10px; border: 1px solid #e2e2e2; }#sp-ea-99998.sp-easy-accordion>.sp-ea-single>.ea-header a {color: #444;}#sp-ea-99998.sp-easy-accordion>.sp-ea-single>.sp-collapse>.ea-body {background: #fff; color: #444;}#sp-ea-99998.sp-easy-accordion>.sp-ea-single {background: #eee;}#sp-ea-99998.sp-easy-accordion>.sp-ea-single>.ea-header a .ea-expand-icon { float: left; color: #444;font-size: 16px;}<\/style><div id=\"sp_easy_accordion-1764270893\"><div id=\"sp-ea-99998\" class=\"sp-ea-one sp-easy-accordion\" data-ea-active=\"ea-click\" data-ea-mode=\"vertical\" data-preloader=\"\" data-scroll-active-item=\"\" data-offset-to-scroll=\"0\"><div class=\"ea-card ea-expand sp-ea-single\"><h3 class=\"ea-header\"><a class=\"collapsed\" id=\"ea-header-999980\" role=\"button\" data-sptoggle=\"spcollapse\" data-sptarget=\"#collapse999980\" aria-controls=\"collapse999980\" href=\"#\" aria-expanded=\"true\" tabindex=\"0\"><i aria-hidden=\"true\" role=\"presentation\" class=\"ea-expand-icon eap-icon-ea-expand-minus\"><\/i> Il palaghiaccio<\/a><\/h3><div class=\"sp-collapse spcollapse collapsed show\" id=\"collapse999980\" data-parent=\"#sp-ea-99998\" role=\"region\" aria-labelledby=\"ea-header-999980\"> <div class=\"ea-body\"><p><strong>L'Ice Arena Let\u0148any<\/strong> (Indirizzo: Tupolevova 699, Praha 9 - Let\u0148any) \u00e8 un moderno complesso polivalente con <strong>due piste di pattinaggio<\/strong> coperte e ghiaccio affidabile tutto l'anno, perfetto per una programmazione fluida e partite consecutive durante il Prague's Barrel.<\/p><h3>Servizi in loco<\/h3><ul><li>Ristorante e lounge a bordo pista<\/li><li>Centro fitness, sauna e solarium<\/li><li>Negozio di articoli sportivi, noleggio pattini e affilatura<\/li><li>Strutture per le squadre con comodi spogliatoi e stanze asciugatura<\/li><\/ul><h3>Posizione e accesso<\/h3><p>L'arena si trova a Praga 9 - Let\u0148any, a pochi passi dal centro commerciale Let\u0148any, quindi avrete molte opzioni per il tempo libero tra una partita e l'altra. \u00c8 facilmente raggiungibile con i mezzi pubblici ed \u00e8 disponibile anche un parcheggio.<\/p><\/div><\/div><\/div><div class=\"ea-card sp-ea-single\"><h3 class=\"ea-header\"><a class=\"collapsed\" id=\"ea-header-999981\" role=\"button\" data-sptoggle=\"spcollapse\" data-sptarget=\"#collapse999981\" aria-controls=\"collapse999981\" href=\"#\" aria-expanded=\"false\" tabindex=\"0\"><i aria-hidden=\"true\" role=\"presentation\" class=\"ea-expand-icon eap-icon-ea-expand-plus\"><\/i> Regole<\/a><\/h3><div class=\"sp-collapse spcollapse \" id=\"collapse999981\" data-parent=\"#sp-ea-99998\" role=\"region\" aria-labelledby=\"ea-header-999981\"> <div class=\"ea-body\"><p>Il Prague's Barrel \u00e8 sinonimo di grande hockey, nuove amicizie e tanto divertimento a base di birra. Per mantenere l'atmosfera allegra e le partite fluide, seguiamo alcune semplici regole. Sono veloci da leggere, facili da seguire e aiutano tutti a godersi il fine settimana, senza litigi.<\/p><h2>SIAMO UN TORNEO DIVERTENTE MA \u00c8 ESSENZIALE AVERE ALCUNE REGOLE:<\/h2><ul><li>I giocatori che hanno giocato in un campionato professionistico durante la stagione di hockey in corso o che hanno avuto un contratto professionistico durante questa stagione non sono idonei. Tuttavia, \u00e8 prevista un'eccezione che consente un massimo di tre giocatori per squadra con un contratto professionistico nella stagione in corso, ma solo al livello professionale pi\u00f9 basso. I capitani delle squadre devono informarci in anticipo se la loro squadra include tali giocatori, affinch\u00e9 l'eccezione possa essere esaminata e approvata dal responsabile sportivo del torneo.<\/li><li>Nessune sospensioni durante la partita.<\/li><li>Ogni partita si gioca per 3x15 minuti di tempo continuo. Se mancano due minuti alla fine della partita e il punteggio \u00e8 di un gol o pareggio, passiamo al tempo netto.<br \/>Nella fase a gironi pu\u00f2 esserci un pareggio; durante le partite della fase a eliminazione diretta, in caso di pareggio ci sar\u00e0 una serie di rigori (3 tiratori), in caso di ulteriore pareggio dopo 3 serie di rigori ci sar\u00e0 una serie di rigori supplementare (pu\u00f2 essere lo stesso giocatore) ecc.<\/li><li>Lo slap shot non \u00e8 consentito, il contatto \u00e8 consentito in misura limitata conformemente alle regole dell'hockey femminile. Entrambe queste regole possono essere annullate previo accordo tra i capitani prima della partita.<\/li><li>Penalit\u00e0: Minore - 2 minuti, Maggiore - 5 minuti, Squalifica temporanea - 10 minuti, Squalifica definitiva - uscita solo da quella partita.<\/li><li>Non \u00e8 consentito il body checking - un giocatore che effettua un contatto corporeo verr\u00e0 punito con almeno una penalit\u00e0 minore. Una penalit\u00e0 per il body checking da dietro \u00e8 una maggiore di 5 minuti, oltre a una squalifica temporanea e alla partita successiva. Un'espulsione di 10 minuti verr\u00e0 data ai giocatori\/allenatori che insultano verbalmente gli arbitri. Se un giocatore continua, verr\u00e0 espulso dalla partita.<\/li><li>Solo il capitano pu\u00f2 discutere una situazione controversa con l'arbitro durante la partita. Il capitano deve essere chiaramente identificato.<\/li><li>Ogni partecipante gioca a proprio rischio; l'organizzatore fornisce il pronto soccorso, NON l'assicurazione sanitaria. Si prega di avere sempre con s\u00e9 la tessera sanitaria.<\/li><li>Se una squadra non si presenta sul ghiaccio entro cinque minuti dall'inizio ufficiale della partita, la partita verr\u00e0 considerata persa a tavolino in favore dell'altra squadra con il punteggio di 3-0.<\/li><li>L'organizzatore si riserva il diritto di abbreviare la partita per motivi di ritardo.<\/li><li>Un giocatore pu\u00f2 giocare per una sola squadra nel torneo; tutti i giocatori che partecipano al torneo devono essere elencati nell'elenco dei giocatori e l'elenco deve essere consegnato agli organizzatori prima del torneo (se un giocatore non \u00e8 elencato nell'elenco, gli organizzatori possono escludere il giocatore o l'intera squadra); non \u00e8 consentito \"prendere in prestito\" giocatori, a meno che ci sia il permesso dell'arbitro e del capitano della squadra avversaria prima della partita.<\/li><li>Non \u00e8 consentito danneggiare la pista di ghiaccio e gli spogliatoi in alcun modo.<\/li><\/ul><\/div><\/div><\/div><div class=\"ea-card sp-ea-single\"><h3 class=\"ea-header\"><a class=\"collapsed\" id=\"ea-header-999982\" role=\"button\" data-sptoggle=\"spcollapse\" data-sptarget=\"#collapse999982\" aria-controls=\"collapse999982\" href=\"#\" aria-expanded=\"false\" tabindex=\"0\"><i aria-hidden=\"true\" role=\"presentation\" class=\"ea-expand-icon eap-icon-ea-expand-plus\"><\/i> Sistema<\/a><\/h3><div class=\"sp-collapse spcollapse \" id=\"collapse999982\" data-parent=\"#sp-ea-99998\" role=\"region\" aria-labelledby=\"ea-header-999982\"> <div class=\"ea-body\"><p>Il sistema verr\u00e0 adattato prima del torneo in un bolletino; in generale, ogni squadra giocher\u00e0 2 partite in un girone il venerd\u00ec e le eliminatorie il sabato.<\/p><\/div><\/div><\/div><div class=\"ea-card sp-ea-single\"><h3 class=\"ea-header\"><a class=\"collapsed\" id=\"ea-header-999983\" role=\"button\" data-sptoggle=\"spcollapse\" data-sptarget=\"#collapse999983\" aria-controls=\"collapse999983\" href=\"#\" aria-expanded=\"false\" tabindex=\"0\"><i aria-hidden=\"true\" role=\"presentation\" class=\"ea-expand-icon eap-icon-ea-expand-plus\"><\/i> Programma<\/a><\/h3><div class=\"sp-collapse spcollapse \" id=\"collapse999983\" data-parent=\"#sp-ea-99998\" role=\"region\" aria-labelledby=\"ea-header-999983\"> <div class=\"ea-body\"><h3>Gioved\u00ec<\/h3><ul><li>Ore 14:00 \u2013 18:00 Arrivo delle squadre e check - in<\/li><li>Ore 19:00 \u2013 21:00 Cena nel ristorante tipico ceco (se la vita ti va male, c'\u00e8 lo stinco di maiale :) )<\/li><li>Programma libero<\/li><\/ul><h3><strong>Venerd\u00ec<\/strong><\/h3><ul><li>Ore 07:00 \u2013 09:00 Colazione in albergo<\/li><li>Ore 08:15 \u2013 09:15 Partenza per il palaghiaccio<\/li><li>Ore 09:00 \u2013 15:00 Programma sportivo (pranzo in ristorante presso la struttura sportiva)<\/li><li>Ore 16:00 \u2013 19:30 Programma libero (shopping, visita della citt\u00e0)<\/li><li>Ore 19:30 \u2013 22:00 Cena sul battello \/ Cena nel ristorante tipico ceco<\/li><li>Programma libero<\/li><\/ul><h3>Sabato<\/h3><ul><li>Ore 07:00 \u2013 09:00 Colazione in albergo<\/li><li>Ore 08:15 \u2013 09:15 Partenza per il palaghiaccio<\/li><li>Ore 09:00 \u2013 16:00 Programma sportivo (pranzo in ristorante presso la struttura sportiva)<\/li><li>Ore 16:00 \u2013 19:00 Programma libero (shopping, visita della citt\u00e0)<\/li><li>Ore 19:30 Cerimonia di chiusura con le premiazioni, cena e musica<\/li><li>Programma libero<\/li><\/ul><h3><strong>Domenica<\/strong><\/h3><ul><li>Ore 07:00 \u2013 10:00 Colazione in albergo<\/li><li>Tempo libero, partenza<\/li><\/ul><p>Nota: gli orari e i luoghi esatti delle partite saranno confermati nella newsletter pre-evento. Il programma potrebbe subire variazioni in base al numero di squadre e alla disponibilit\u00e0 delle piste.<\/p><\/div><\/div><\/div><\/div><\/div>\n","protected":false},"excerpt":{"rendered":"<p>Il Prague&#8217;s Barrel \u00e8 un torneo internazionale di hockey su ghiaccio per squadre amatoriali e dilettanti che desiderano trascorrere quattro giorni indimenticabili all&#8217;insegna dell&#8217;hockey, dell&#8217;amicizia e del divertimento a Praga. Che la tua squadra sia composta da guerrieri del fine settimana o da amici che scendono sul ghiaccio insieme per la prima volta, sei pi\u00f9&#8230;<\/p>\n","protected":false},"author":3,"featured_media":97998,"parent":0,"menu_order":0,"comment_status":"closed","ping_status":"closed","template":"","meta":{"footnotes":""},"class_list":["post-343","page","type-page","status-publish","has-post-thumbnail","hentry"],"yoast_head":"<!-- This site is optimized with the Yoast SEO plugin v26.9 - https:\/\/yoast.com\/product\/yoast-seo-wordpress\/ -->\n<title>Torneo - Prague&#039;s Barrel<\/title>\n<meta name=\"description\" content=\"Il torneo di hockey Il Barile di Praga \u00e8 un torneo internazionale delle squadre amatoriali che si svolge ogni anno a Praga.\" \/>\n<meta name=\"robots\" content=\"index, follow, max-snippet:-1, max-image-preview:large, max-video-preview:-1\" \/>\n<link rel=\"canonical\" href=\"https:\/\/hockey.praguesbarrel.eu\/it\/il-torneo\/\" \/>\n<meta property=\"og:locale\" content=\"it_IT\" \/>\n<meta property=\"og:type\" content=\"article\" \/>\n<meta property=\"og:title\" content=\"Torneo - Prague&#039;s Barrel\" \/>\n<meta property=\"og:description\" content=\"Il torneo di hockey Il Barile di Praga \u00e8 un torneo internazionale delle squadre amatoriali che si svolge ogni anno a Praga.\" \/>\n<meta property=\"og:url\" content=\"https:\/\/hockey.praguesbarrel.eu\/it\/il-torneo\/\" \/>\n<meta property=\"og:site_name\" content=\"Prague&#039;s Barrel\" \/>\n<meta property=\"article:publisher\" content=\"https:\/\/www.facebook.com\/PraguesBarrelTournaments\" \/>\n<meta property=\"article:modified_time\" content=\"2026-03-20T12:40:41+00:00\" \/>\n<meta property=\"og:image\" content=\"https:\/\/hockey.praguesbarrel.eu\/wp-content\/uploads\/2023\/11\/turnaj.jpeg\" \/>\n\t<meta property=\"og:image:width\" content=\"1832\" \/>\n\t<meta property=\"og:image:height\" content=\"1224\" \/>\n\t<meta property=\"og:image:type\" content=\"image\/jpeg\" \/>\n<meta name=\"twitter:label1\" content=\"Tempo di lettura stimato\" \/>\n\t<meta name=\"twitter:data1\" content=\"2 minuti\" \/>\n<script type=\"application\/ld+json\" class=\"yoast-schema-graph\">{\"@context\":\"https:\/\/schema.org\",\"@graph\":[{\"@type\":\"WebPage\",\"@id\":\"https:\/\/hockey.praguesbarrel.eu\/it\/il-torneo\/\",\"url\":\"https:\/\/hockey.praguesbarrel.eu\/it\/il-torneo\/\",\"name\":\"Torneo - Prague&#039;s Barrel\",\"isPartOf\":{\"@id\":\"https:\/\/hockey.praguesbarrel.eu\/#website\"},\"primaryImageOfPage\":{\"@id\":\"https:\/\/hockey.praguesbarrel.eu\/it\/il-torneo\/#primaryimage\"},\"image\":{\"@id\":\"https:\/\/hockey.praguesbarrel.eu\/it\/il-torneo\/#primaryimage\"},\"thumbnailUrl\":\"https:\/\/hockey.praguesbarrel.eu\/wp-content\/uploads\/2023\/11\/turnaj.jpeg\",\"datePublished\":\"2014-10-14T19:14:05+00:00\",\"dateModified\":\"2026-03-20T12:40:41+00:00\",\"description\":\"Il torneo di hockey Il Barile di Praga \u00e8 un torneo internazionale delle squadre amatoriali che si svolge ogni anno a Praga.\",\"breadcrumb\":{\"@id\":\"https:\/\/hockey.praguesbarrel.eu\/it\/il-torneo\/#breadcrumb\"},\"inLanguage\":\"it-IT\",\"potentialAction\":[{\"@type\":\"ReadAction\",\"target\":[\"https:\/\/hockey.praguesbarrel.eu\/it\/il-torneo\/\"]}]},{\"@type\":\"ImageObject\",\"inLanguage\":\"it-IT\",\"@id\":\"https:\/\/hockey.praguesbarrel.eu\/it\/il-torneo\/#primaryimage\",\"url\":\"https:\/\/hockey.praguesbarrel.eu\/wp-content\/uploads\/2023\/11\/turnaj.jpeg\",\"contentUrl\":\"https:\/\/hockey.praguesbarrel.eu\/wp-content\/uploads\/2023\/11\/turnaj.jpeg\",\"width\":1832,\"height\":1224},{\"@type\":\"BreadcrumbList\",\"@id\":\"https:\/\/hockey.praguesbarrel.eu\/it\/il-torneo\/#breadcrumb\",\"itemListElement\":[{\"@type\":\"ListItem\",\"position\":1,\"name\":\"Home\",\"item\":\"https:\/\/hockey.praguesbarrel.eu\/it\/\"},{\"@type\":\"ListItem\",\"position\":2,\"name\":\"Torneo\"}]},{\"@type\":\"WebSite\",\"@id\":\"https:\/\/hockey.praguesbarrel.eu\/#website\",\"url\":\"https:\/\/hockey.praguesbarrel.eu\/\",\"name\":\"Prague&#039;s Barrel\",\"description\":\"Ice Hockey Tournament for amateur players\",\"publisher\":{\"@id\":\"https:\/\/hockey.praguesbarrel.eu\/#organization\"},\"potentialAction\":[{\"@type\":\"SearchAction\",\"target\":{\"@type\":\"EntryPoint\",\"urlTemplate\":\"https:\/\/hockey.praguesbarrel.eu\/?s={search_term_string}\"},\"query-input\":{\"@type\":\"PropertyValueSpecification\",\"valueRequired\":true,\"valueName\":\"search_term_string\"}}],\"inLanguage\":\"it-IT\"},{\"@type\":\"Organization\",\"@id\":\"https:\/\/hockey.praguesbarrel.eu\/#organization\",\"name\":\"Prague's Barrel\",\"url\":\"https:\/\/hockey.praguesbarrel.eu\/\",\"logo\":{\"@type\":\"ImageObject\",\"inLanguage\":\"it-IT\",\"@id\":\"https:\/\/hockey.praguesbarrel.eu\/#\/schema\/logo\/image\/\",\"url\":\"https:\/\/hockey.praguesbarrel.eu\/wp-content\/uploads\/2015\/07\/unimalej-2.jpg\",\"contentUrl\":\"https:\/\/hockey.praguesbarrel.eu\/wp-content\/uploads\/2015\/07\/unimalej-2.jpg\",\"width\":200,\"height\":200,\"caption\":\"Prague's Barrel\"},\"image\":{\"@id\":\"https:\/\/hockey.praguesbarrel.eu\/#\/schema\/logo\/image\/\"},\"sameAs\":[\"https:\/\/www.facebook.com\/PraguesBarrelTournaments\"]}]}<\/script>\n<!-- \/ Yoast SEO plugin. -->","yoast_head_json":{"title":"Torneo - Prague&#039;s Barrel","description":"Il torneo di hockey Il Barile di Praga \u00e8 un torneo internazionale delle squadre amatoriali che si svolge ogni anno a Praga.","robots":{"index":"index","follow":"follow","max-snippet":"max-snippet:-1","max-image-preview":"max-image-preview:large","max-video-preview":"max-video-preview:-1"},"canonical":"https:\/\/hockey.praguesbarrel.eu\/it\/il-torneo\/","og_locale":"it_IT","og_type":"article","og_title":"Torneo - Prague&#039;s Barrel","og_description":"Il torneo di hockey Il Barile di Praga \u00e8 un torneo internazionale delle squadre amatoriali che si svolge ogni anno a Praga.","og_url":"https:\/\/hockey.praguesbarrel.eu\/it\/il-torneo\/","og_site_name":"Prague&#039;s Barrel","article_publisher":"https:\/\/www.facebook.com\/PraguesBarrelTournaments","article_modified_time":"2026-03-20T12:40:41+00:00","og_image":[{"width":1832,"height":1224,"url":"https:\/\/hockey.praguesbarrel.eu\/wp-content\/uploads\/2023\/11\/turnaj.jpeg","type":"image\/jpeg"}],"twitter_misc":{"Tempo di lettura stimato":"2 minuti"},"schema":{"@context":"https:\/\/schema.org","@graph":[{"@type":"WebPage","@id":"https:\/\/hockey.praguesbarrel.eu\/it\/il-torneo\/","url":"https:\/\/hockey.praguesbarrel.eu\/it\/il-torneo\/","name":"Torneo - Prague&#039;s Barrel","isPartOf":{"@id":"https:\/\/hockey.praguesbarrel.eu\/#website"},"primaryImageOfPage":{"@id":"https:\/\/hockey.praguesbarrel.eu\/it\/il-torneo\/#primaryimage"},"image":{"@id":"https:\/\/hockey.praguesbarrel.eu\/it\/il-torneo\/#primaryimage"},"thumbnailUrl":"https:\/\/hockey.praguesbarrel.eu\/wp-content\/uploads\/2023\/11\/turnaj.jpeg","datePublished":"2014-10-14T19:14:05+00:00","dateModified":"2026-03-20T12:40:41+00:00","description":"Il torneo di hockey Il Barile di Praga \u00e8 un torneo internazionale delle squadre amatoriali che si svolge ogni anno a Praga.","breadcrumb":{"@id":"https:\/\/hockey.praguesbarrel.eu\/it\/il-torneo\/#breadcrumb"},"inLanguage":"it-IT","potentialAction":[{"@type":"ReadAction","target":["https:\/\/hockey.praguesbarrel.eu\/it\/il-torneo\/"]}]},{"@type":"ImageObject","inLanguage":"it-IT","@id":"https:\/\/hockey.praguesbarrel.eu\/it\/il-torneo\/#primaryimage","url":"https:\/\/hockey.praguesbarrel.eu\/wp-content\/uploads\/2023\/11\/turnaj.jpeg","contentUrl":"https:\/\/hockey.praguesbarrel.eu\/wp-content\/uploads\/2023\/11\/turnaj.jpeg","width":1832,"height":1224},{"@type":"BreadcrumbList","@id":"https:\/\/hockey.praguesbarrel.eu\/it\/il-torneo\/#breadcrumb","itemListElement":[{"@type":"ListItem","position":1,"name":"Home","item":"https:\/\/hockey.praguesbarrel.eu\/it\/"},{"@type":"ListItem","position":2,"name":"Torneo"}]},{"@type":"WebSite","@id":"https:\/\/hockey.praguesbarrel.eu\/#website","url":"https:\/\/hockey.praguesbarrel.eu\/","name":"Prague&#039;s Barrel","description":"Ice Hockey Tournament for amateur players","publisher":{"@id":"https:\/\/hockey.praguesbarrel.eu\/#organization"},"potentialAction":[{"@type":"SearchAction","target":{"@type":"EntryPoint","urlTemplate":"https:\/\/hockey.praguesbarrel.eu\/?s={search_term_string}"},"query-input":{"@type":"PropertyValueSpecification","valueRequired":true,"valueName":"search_term_string"}}],"inLanguage":"it-IT"},{"@type":"Organization","@id":"https:\/\/hockey.praguesbarrel.eu\/#organization","name":"Prague's Barrel","url":"https:\/\/hockey.praguesbarrel.eu\/","logo":{"@type":"ImageObject","inLanguage":"it-IT","@id":"https:\/\/hockey.praguesbarrel.eu\/#\/schema\/logo\/image\/","url":"https:\/\/hockey.praguesbarrel.eu\/wp-content\/uploads\/2015\/07\/unimalej-2.jpg","contentUrl":"https:\/\/hockey.praguesbarrel.eu\/wp-content\/uploads\/2015\/07\/unimalej-2.jpg","width":200,"height":200,"caption":"Prague's Barrel"},"image":{"@id":"https:\/\/hockey.praguesbarrel.eu\/#\/schema\/logo\/image\/"},"sameAs":["https:\/\/www.facebook.com\/PraguesBarrelTournaments"]}]}},"_links":{"self":[{"href":"https:\/\/hockey.praguesbarrel.eu\/it\/wp-json\/wp\/v2\/pages\/343","targetHints":{"allow":["GET"]}}],"collection":[{"href":"https:\/\/hockey.praguesbarrel.eu\/it\/wp-json\/wp\/v2\/pages"}],"about":[{"href":"https:\/\/hockey.praguesbarrel.eu\/it\/wp-json\/wp\/v2\/types\/page"}],"author":[{"embeddable":true,"href":"https:\/\/hockey.praguesbarrel.eu\/it\/wp-json\/wp\/v2\/users\/3"}],"replies":[{"embeddable":true,"href":"https:\/\/hockey.praguesbarrel.eu\/it\/wp-json\/wp\/v2\/comments?post=343"}],"version-history":[{"count":59,"href":"https:\/\/hockey.praguesbarrel.eu\/it\/wp-json\/wp\/v2\/pages\/343\/revisions"}],"predecessor-version":[{"id":100158,"href":"https:\/\/hockey.praguesbarrel.eu\/it\/wp-json\/wp\/v2\/pages\/343\/revisions\/100158"}],"wp:featuredmedia":[{"embeddable":true,"href":"https:\/\/hockey.praguesbarrel.eu\/it\/wp-json\/wp\/v2\/media\/97998"}],"wp:attachment":[{"href":"https:\/\/hockey.praguesbarrel.eu\/it\/wp-json\/wp\/v2\/media?parent=343"}],"curies":[{"name":"wp","href":"https:\/\/api.w.org\/{rel}","templated":true}]}}