{"id":98252,"date":"2024-03-05T08:44:26","date_gmt":"2024-03-05T07:44:26","guid":{"rendered":"https:\/\/hockey.praguesbarrel.eu\/?page_id=98252"},"modified":"2024-03-05T08:44:26","modified_gmt":"2024-03-05T07:44:26","slug":"faq","status":"publish","type":"page","link":"https:\/\/hockey.praguesbarrel.eu\/it\/faq\/","title":{"rendered":"FAQ"},"content":{"rendered":"<h3>BENVENUTI NELLA SEZIONE DELLE DOMANDE FREQUENTI DEL TORNEO DI HOCKEY DI PRAGA!<\/h3>\n<p>Se tu sia un giocatore desideroso di splendere in ghiaccio, un fan devoto pronto a fare il tifo per la propria squadra, sei nel posto giusto! La nostra sezione FAQ \u00e8 stata creata per aiutarti a navigare senza problemi nel torneo, fornendoti tutte le informazioni essenziali e le risposte alle domande pi\u00f9 frequenti.<\/p>\n<p>Qui ci parleremo di tutto; dai dettagli per la prenotazione, orari dei tornei, alle informazioni sulle strutture sportive e molto altro ancora.<br \/>\nIl nostro obiettivo \u00e8 quello di garantire che la vostra esperienza al Prague&#8217;s Barrel sia non solo emozionante e incredibile, ma anche senza problemi e fatica.<\/p>\n<p><strong>Non riesci a trovare quello che stai cercando?<\/strong> Non ti preoccupare! Siamo qui per aiutarti. Se non trovi la risposta alla tua domanda nelle FAQ, contattaci direttamente per ricevere l\u2019assistenza personale.<\/p>\n<style>#sp-ea-98251 .spcollapsing { height: 0; overflow: hidden; transition-property: height;transition-duration: 300ms;}#sp-ea-98251.sp-easy-accordion>.sp-ea-single {margin-bottom: 10px; border: 1px solid #e2e2e2; }#sp-ea-98251.sp-easy-accordion>.sp-ea-single>.ea-header a {color: #444;}#sp-ea-98251.sp-easy-accordion>.sp-ea-single>.sp-collapse>.ea-body {background: #fff; color: #444;}#sp-ea-98251.sp-easy-accordion>.sp-ea-single {background: #eee;}#sp-ea-98251.sp-easy-accordion>.sp-ea-single>.ea-header a .ea-expand-icon { float: left; color: #444;font-size: 16px;}<\/style><div id=\"sp_easy_accordion-1709624250\"><div id=\"sp-ea-98251\" class=\"sp-ea-one sp-easy-accordion\" data-ea-active=\"ea-click\" data-ea-mode=\"vertical\" data-preloader=\"\" data-scroll-active-item=\"\" data-offset-to-scroll=\"0\"><div class=\"ea-card ea-expand sp-ea-single\"><h3 class=\"ea-header\"><a class=\"collapsed\" id=\"ea-header-982510\" role=\"button\" data-sptoggle=\"spcollapse\" data-sptarget=\"#collapse982510\" aria-controls=\"collapse982510\" href=\"#\" aria-expanded=\"true\" tabindex=\"0\"><i aria-hidden=\"true\" role=\"presentation\" class=\"ea-expand-icon eap-icon-ea-expand-minus\"><\/i> Qual \u00e8 il prezzo del torneo?<\/a><\/h3><div class=\"sp-collapse spcollapse collapsed show\" id=\"collapse982510\" data-parent=\"#sp-ea-98251\" role=\"region\" aria-labelledby=\"ea-header-982510\"> <div class=\"ea-body\"><p><a href=\"https:\/\/hockey.praguesbarrel.eu\/it\/prezzo\/\">Il prezzo<\/a> varia per ogni tipo di <a href=\"https:\/\/hockey.praguesbarrel.eu\/it\/prezzo\/sistemazione-alberghiera\/\">sistemazione<\/a> (hotel da 3 a 5 stelle nel centro citt\u00e0 o vicino) che potete scegliere sul nostro web.<\/p><p>Prezzo si intende a persona e comprende:<\/p><ul><li>Tre notte nell'hotel scelto<\/li><li>\u200cTrasferimenti in autobus aeroporto-hotel (per la maggior parte della squadra)<\/li><li>\u200cTrasferimenti in autobus hotel-palaghiaccio<\/li><li>Il palaghiaccio coperto<\/li><li>\u200cServizio di paramedici durante le partite<\/li><li>Pensione completa (colazione in hotel, pranzo al campo e cene comuni)<\/li><li>Programma comune per la serata<\/li><li>Programma culturale aggiuntivo per i partecipanti che non giocano (gruppi numerosi oltre le 30 persone)<\/li><li>\u200cUn piccolo souvenir per ogni partecipante<\/li><li>Premio per ogni squadra<\/li><li>\u200cUna guida amichevole, che si prender\u00e0 cura della squadra durante l'intero soggiorno (per gruppi che hanno pi\u00f9 di 10 giocatori)<\/li><li>\u200cBirra \"a rubinetto aperto\" gratuita in tutti gli eventi ufficiali del torneo<\/li><\/ul><p>Il prezzo non include la polizza antifortunistica.<\/p><\/div><\/div><\/div><div class=\"ea-card sp-ea-single\"><h3 class=\"ea-header\"><a class=\"collapsed\" id=\"ea-header-982511\" role=\"button\" data-sptoggle=\"spcollapse\" data-sptarget=\"#collapse982511\" aria-controls=\"collapse982511\" href=\"#\" aria-expanded=\"false\" tabindex=\"0\"><i aria-hidden=\"true\" role=\"presentation\" class=\"ea-expand-icon eap-icon-ea-expand-plus\"><\/i> Il prezzo indicato \u00e8 per squadra, camera o persona?<\/a><\/h3><div class=\"sp-collapse spcollapse \" id=\"collapse982511\" data-parent=\"#sp-ea-98251\" role=\"region\" aria-labelledby=\"ea-header-982511\"> <div class=\"ea-body\"><p>Tutti i prezzi indicati sono per persona.<\/p><\/div><\/div><\/div><div class=\"ea-card sp-ea-single\"><h3 class=\"ea-header\"><a class=\"collapsed\" id=\"ea-header-982512\" role=\"button\" data-sptoggle=\"spcollapse\" data-sptarget=\"#collapse982512\" aria-controls=\"collapse982512\" href=\"#\" aria-expanded=\"false\" tabindex=\"0\"><i aria-hidden=\"true\" role=\"presentation\" class=\"ea-expand-icon eap-icon-ea-expand-plus\"><\/i> La caparra \u00e8 rimborsabile?<\/a><\/h3><div class=\"sp-collapse spcollapse \" id=\"collapse982512\" data-parent=\"#sp-ea-98251\" role=\"region\" aria-labelledby=\"ea-header-982512\"> <div class=\"ea-body\"><p>Per confermare l'iscrizione della vostra squadra al torneo, versate un deposito di 800 \u20ac sul nostro conto. Poi pagherete il prezzo totale per tutti i giocatori. Terremo il deposito durante il torneo nel caso in cui dovesse succedere qualcosa e se tutto \u00e8 a posto lo rimandiamo sul vostro conto subito dopo la fine del torneo.<\/p><\/div><\/div><\/div><div class=\"ea-card sp-ea-single\"><h3 class=\"ea-header\"><a class=\"collapsed\" id=\"ea-header-982513\" role=\"button\" data-sptoggle=\"spcollapse\" data-sptarget=\"#collapse982513\" aria-controls=\"collapse982513\" href=\"#\" aria-expanded=\"false\" tabindex=\"0\"><i aria-hidden=\"true\" role=\"presentation\" class=\"ea-expand-icon eap-icon-ea-expand-plus\"><\/i> Quante partite giocheremo durante il torneo?<\/a><\/h3><div class=\"sp-collapse spcollapse \" id=\"collapse982513\" data-parent=\"#sp-ea-98251\" role=\"region\" aria-labelledby=\"ea-header-982513\"> <div class=\"ea-body\"><p>Dipende dal sistema, ma di solito si giocano 2 partite al giorno (venerd\u00ec e sabato), anche se si perde tutto il primo giorno, si gioca comunque per il risultato finale e si riceve un premio durante la cerimonia finale al sabato.<\/p><\/div><\/div><\/div><div class=\"ea-card sp-ea-single\"><h3 class=\"ea-header\"><a class=\"collapsed\" id=\"ea-header-982514\" role=\"button\" data-sptoggle=\"spcollapse\" data-sptarget=\"#collapse982514\" aria-controls=\"collapse982514\" href=\"#\" aria-expanded=\"false\" tabindex=\"0\"><i aria-hidden=\"true\" role=\"presentation\" class=\"ea-expand-icon eap-icon-ea-expand-plus\"><\/i> C'\u00e8 davvero birra gratis dappertutto?<\/a><\/h3><div class=\"sp-collapse spcollapse \" id=\"collapse982514\" data-parent=\"#sp-ea-98251\" role=\"region\" aria-labelledby=\"ea-header-982514\"> <div class=\"ea-body\"><p>Durante le attivit\u00e0 ufficiali del torneo s\u00ec. Vi diamo il benvenuto con una birra fresca all'aeroporto, poi avete birra alla cena di benvenuto. \u00c8 possibile avere birra in ogni momento presso la struttura sportiva e mentre si naviga sul battello. Lo stesso vale per la cerimonia finale di sabato. Serviamo diversi tipi di birra ceca, in modo che possiate assaggiare diverse marche.<\/p><\/div><\/div><\/div><div class=\"ea-card sp-ea-single\"><h3 class=\"ea-header\"><a class=\"collapsed\" id=\"ea-header-982515\" role=\"button\" data-sptoggle=\"spcollapse\" data-sptarget=\"#collapse982515\" aria-controls=\"collapse982515\" href=\"#\" aria-expanded=\"false\" tabindex=\"0\"><i aria-hidden=\"true\" role=\"presentation\" class=\"ea-expand-icon eap-icon-ea-expand-plus\"><\/i> Dove devo prenotare l'alloggio?<\/a><\/h3><div class=\"sp-collapse spcollapse \" id=\"collapse982515\" data-parent=\"#sp-ea-98251\" role=\"region\" aria-labelledby=\"ea-header-982515\"> <div class=\"ea-body\"><p>Non \u00e8 necessario, solo dillo alla tua fata birrina il vostro albergo preferito e il tipo di camere di cui si ha bisogno e se ne occuper\u00e0 lei!<\/p><\/div><\/div><\/div><div class=\"ea-card sp-ea-single\"><h3 class=\"ea-header\"><a class=\"collapsed\" id=\"ea-header-982516\" role=\"button\" data-sptoggle=\"spcollapse\" data-sptarget=\"#collapse982516\" aria-controls=\"collapse982516\" href=\"#\" aria-expanded=\"false\" tabindex=\"0\"><i aria-hidden=\"true\" role=\"presentation\" class=\"ea-expand-icon eap-icon-ea-expand-plus\"><\/i> E se volessi arrivare prima o partire dopo?<\/a><\/h3><div class=\"sp-collapse spcollapse \" id=\"collapse982516\" data-parent=\"#sp-ea-98251\" role=\"region\" aria-labelledby=\"ea-header-982516\"> <div class=\"ea-body\"><p>Volete pi\u00f9 giorni per esplorare la citt\u00e0? Nessun problema! Basta chiedere alla fata birrina di prolungare il vostro soggiorno. Il prezzo per ogni notte supplementare \u00e8 indicato nel listino prezzi.<\/p><\/div><\/div><\/div><div class=\"ea-card sp-ea-single\"><h3 class=\"ea-header\"><a class=\"collapsed\" id=\"ea-header-982517\" role=\"button\" data-sptoggle=\"spcollapse\" data-sptarget=\"#collapse982517\" aria-controls=\"collapse982517\" href=\"#\" aria-expanded=\"false\" tabindex=\"0\"><i aria-hidden=\"true\" role=\"presentation\" class=\"ea-expand-icon eap-icon-ea-expand-plus\"><\/i> Qualcuno pu\u00f2 venire a prenderci all'aeroporto\/stazione?<\/a><\/h3><div class=\"sp-collapse spcollapse \" id=\"collapse982517\" data-parent=\"#sp-ea-98251\" role=\"region\" aria-labelledby=\"ea-header-982517\"> <div class=\"ea-body\"><p>Certo, il prezzo del torneo comprende anche il trasporto da e per l'aeroporto\/stazione dei treni\/autobus per la parte pi\u00f9 numerosa del gruppo. Quindi, se la vostra squadra si divide in due parti, possiamo arrangiare un trasporto anche per il secondo gruppo, ma con un costo aggiuntivo.<\/p><\/div><\/div><\/div><div class=\"ea-card sp-ea-single\"><h3 class=\"ea-header\"><a class=\"collapsed\" id=\"ea-header-982518\" role=\"button\" data-sptoggle=\"spcollapse\" data-sptarget=\"#collapse982518\" aria-controls=\"collapse982518\" href=\"#\" aria-expanded=\"false\" tabindex=\"0\"><i aria-hidden=\"true\" role=\"presentation\" class=\"ea-expand-icon eap-icon-ea-expand-plus\"><\/i> Dove si trova il palaghiaccio e come ci si arriva?<\/a><\/h3><div class=\"sp-collapse spcollapse \" id=\"collapse982518\" data-parent=\"#sp-ea-98251\" role=\"region\" aria-labelledby=\"ea-header-982518\"> <div class=\"ea-body\"><p>Si gioca all'<a href=\"https:\/\/maps.app.goo.gl\/EWW5fjCySGP2rAnKA\">Ice Arena Let\u0148any<\/a>, indirizzo: Tupolevova 699, Praga 9.Per il vostro massimo comfort, noi organizziamo la navetta tra il vostro hotel e il campo di battaglia :) Basta essere pronti al momento giusto al punto di partenza. Trovate l'orario della vostra partenza sulla bacheca, sul canale WhatsApp o chiedete semplicemente alla vostra hostess.<\/p><\/div><\/div><\/div><div class=\"ea-card sp-ea-single\"><h3 class=\"ea-header\"><a class=\"collapsed\" id=\"ea-header-982519\" role=\"button\" data-sptoggle=\"spcollapse\" data-sptarget=\"#collapse982519\" aria-controls=\"collapse982519\" href=\"#\" aria-expanded=\"false\" tabindex=\"0\"><i aria-hidden=\"true\" role=\"presentation\" class=\"ea-expand-icon eap-icon-ea-expand-plus\"><\/i> Come arriveremo al programma per la serata?<\/a><\/h3><div class=\"sp-collapse spcollapse \" id=\"collapse982519\" data-parent=\"#sp-ea-98251\" role=\"region\" aria-labelledby=\"ea-header-982519\"> <div class=\"ea-body\"><p>La prima cena sar\u00e0 nel ristorante art nouveau Obecn\u00ed d\u016fm, che si trova nel centro della citt\u00e0, quindi tutti loro che abitano negli hotel del centro storico possono raggiungerlo facilmente ai piedi. Alle squadre che abitano negli hotel fuori dal centro storico, forniremo i biglietti per i mezzi pubblici. Lo stesso vale per la barca. La cerimonia finale \u00e8 un po' pi\u00f9 lontana, quindi avremo un nostro tram speciale che partir\u00e0 dalle stazioni vicine agli alberghi e vi porter\u00e0 al club, dove si svolger\u00e0 l'ultima festa.<\/p><\/div><\/div><\/div><div class=\"ea-card sp-ea-single\"><h3 class=\"ea-header\"><a class=\"collapsed\" id=\"ea-header-9825110\" role=\"button\" data-sptoggle=\"spcollapse\" data-sptarget=\"#collapse9825110\" aria-controls=\"collapse9825110\" href=\"#\" aria-expanded=\"false\" tabindex=\"0\"><i aria-hidden=\"true\" role=\"presentation\" class=\"ea-expand-icon eap-icon-ea-expand-plus\"><\/i> Posso ottenere uno sconto?<\/a><\/h3><div class=\"sp-collapse spcollapse \" id=\"collapse9825110\" data-parent=\"#sp-ea-98251\" role=\"region\" aria-labelledby=\"ea-header-9825110\"> <div class=\"ea-body\"><p>S\u00ec, \u00e8 possibile! Se fate parte della famiglia di Prague's Barrel (dalla quarta partecipazione in poi), ogni membro della vostra squadra avr\u00e0 uno sconto di 20\u20ac. Se siete il capitano di una grande squadra con pi\u00f9 di 21 partecipanti, avrete uno sconto del 50%. Se sei un super capitano che giocola con pi\u00f9 di 35 persone contemporaneamente, diventi il nostro ospite d\u2019onore. :) Ricorda che gli sconti non sono cumulabili.<\/p><\/div><\/div><\/div><div class=\"ea-card sp-ea-single\"><h3 class=\"ea-header\"><a class=\"collapsed\" id=\"ea-header-9825111\" role=\"button\" data-sptoggle=\"spcollapse\" data-sptarget=\"#collapse9825111\" aria-controls=\"collapse9825111\" href=\"#\" aria-expanded=\"false\" tabindex=\"0\"><i aria-hidden=\"true\" role=\"presentation\" class=\"ea-expand-icon eap-icon-ea-expand-plus\"><\/i> Dove posso trovare informazioni sul torneo a cui sono iscritto?<\/a><\/h3><div class=\"sp-collapse spcollapse \" id=\"collapse9825111\" data-parent=\"#sp-ea-98251\" role=\"region\" aria-labelledby=\"ea-header-9825111\"> <div class=\"ea-body\"><p>\u00c8 sempre possibile vedere l'elenco <a href=\"https:\/\/hockey.praguesbarrel.eu\/enrolled-teams\/\">delle squadre iscritte<\/a> sul nostro sito web. Inviamo un messaggio dettagliato ai capitani delle squadre 14 giorni prima del torneo. Durante il torneo potete trovare informazioni sul <a href=\"https:\/\/hockey.praguesbarrel.eu\/board\/\">nostro sito web<\/a>, sui social media (<a href=\"https:\/\/www.instagram.com\/praguesbarrel\/\">Instagram<\/a>, <a href=\"https:\/\/www.facebook.com\/PraguesBarrelTournaments\">Facebook<\/a>) o sul canale WhatsApp creato specificamente per il torneo. Naturalmente tutto viene mostrato in modo visibile anche sul bacheca nel campo, durante il programma per la serata. E naturalmente la vostra hostess di squadra sa tutto. :)<\/p><\/div><\/div><\/div><div class=\"ea-card sp-ea-single\"><h3 class=\"ea-header\"><a class=\"collapsed\" id=\"ea-header-9825112\" role=\"button\" data-sptoggle=\"spcollapse\" data-sptarget=\"#collapse9825112\" aria-controls=\"collapse9825112\" href=\"#\" aria-expanded=\"false\" tabindex=\"0\"><i aria-hidden=\"true\" role=\"presentation\" class=\"ea-expand-icon eap-icon-ea-expand-plus\"><\/i> Cosa succede se cancello la nostra partecipazione?<\/a><\/h3><div class=\"sp-collapse spcollapse \" id=\"collapse9825112\" data-parent=\"#sp-ea-98251\" role=\"region\" aria-labelledby=\"ea-header-9825112\"> <div class=\"ea-body\"><p>Pu\u00f2 succedere che tu non trova abbastanza giocatori o si facciano male in tanti. Ti preghiamo di farcelo sapere il prima possibile. In tal caso procederemo al rimborso in base alla nostra politica di cancellazione:<\/p><ul><li>cancellazione 90 giorni e di pi\u00f9 prima dell\u2019 inizio del torneo: 0 % del deposito<\/li><li>cancellazione in periodo da 90 giorni fino 50 giorni prima dell\u2019 inizio del torneo: 50 % del deposito<\/li><li>cancellazione meno di 50 giorni prima dell\u2019 inizio del torneo: 100 % del deposito<\/li><li>al torneo: 100 % della somma stimata per il numero dei partecipanti confermato<\/li><\/ul><\/div><\/div><\/div><div class=\"ea-card sp-ea-single\"><h3 class=\"ea-header\"><a class=\"collapsed\" id=\"ea-header-9825113\" role=\"button\" data-sptoggle=\"spcollapse\" data-sptarget=\"#collapse9825113\" aria-controls=\"collapse9825113\" href=\"#\" aria-expanded=\"false\" tabindex=\"0\"><i aria-hidden=\"true\" role=\"presentation\" class=\"ea-expand-icon eap-icon-ea-expand-plus\"><\/i> Posso scegliere il mio alloggio se non scelgo tra i vostri?<\/a><\/h3><div class=\"sp-collapse spcollapse \" id=\"collapse9825113\" data-parent=\"#sp-ea-98251\" role=\"region\" aria-labelledby=\"ea-header-9825113\"> <div class=\"ea-body\"><p>S\u00ec, \u00e8 possibile, ma in questo caso si paga un prezzo pi\u00f9 basso per il pacchetto del torneo (i pasti, il trasporto ecc.). Contatta la tua fata birrina per conoscere il prezzo attuale. Assicuratevi che il vostro alloggio sia vicino ai nostri punti di partenza, in modo da non perdere la possibilit\u00e0 di utilizzare la nostra navetta tra l'hotel e l'impianto sportivo.<\/p><\/div><\/div><\/div><\/div><\/div>\n","protected":false},"excerpt":{"rendered":"<p>BENVENUTI NELLA SEZIONE DELLE DOMANDE FREQUENTI DEL TORNEO DI HOCKEY DI PRAGA! Se tu sia un giocatore desideroso di splendere in ghiaccio, un fan devoto pronto a fare il tifo per la propria squadra, sei nel posto giusto! La nostra sezione FAQ \u00e8 stata creata per aiutarti a navigare senza problemi nel torneo, fornendoti tutte&#8230;<\/p>\n","protected":false},"author":10,"featured_media":97998,"parent":0,"menu_order":0,"comment_status":"closed","ping_status":"closed","template":"","meta":{"footnotes":""},"class_list":["post-98252","page","type-page","status-publish","has-post-thumbnail","hentry"],"yoast_head":"<!-- This site is optimized with the Yoast SEO plugin v26.9 - https:\/\/yoast.com\/product\/yoast-seo-wordpress\/ -->\n<title>FAQ - Prague&#039;s Barrel<\/title>\n<meta name=\"description\" content=\"La nostra sezione FAQ \u00e8 stata creata per aiutarti a navigare senza problemi nel torneo di hockey Prague&#039;s Barrel.\" \/>\n<meta name=\"robots\" content=\"index, follow, max-snippet:-1, max-image-preview:large, max-video-preview:-1\" \/>\n<link rel=\"canonical\" href=\"https:\/\/hockey.praguesbarrel.eu\/it\/faq\/\" \/>\n<meta property=\"og:locale\" content=\"it_IT\" \/>\n<meta property=\"og:type\" content=\"article\" \/>\n<meta property=\"og:title\" content=\"FAQ - Prague&#039;s Barrel\" \/>\n<meta property=\"og:description\" content=\"La nostra sezione FAQ \u00e8 stata creata per aiutarti a navigare senza problemi nel torneo di hockey Prague&#039;s Barrel.\" \/>\n<meta property=\"og:url\" content=\"https:\/\/hockey.praguesbarrel.eu\/it\/faq\/\" \/>\n<meta property=\"og:site_name\" content=\"Prague&#039;s Barrel\" \/>\n<meta property=\"article:publisher\" content=\"https:\/\/www.facebook.com\/PraguesBarrelTournaments\" \/>\n<meta property=\"og:image\" content=\"https:\/\/hockey.praguesbarrel.eu\/wp-content\/uploads\/2023\/11\/turnaj.jpeg\" \/>\n\t<meta property=\"og:image:width\" content=\"1832\" \/>\n\t<meta property=\"og:image:height\" content=\"1224\" \/>\n\t<meta property=\"og:image:type\" content=\"image\/jpeg\" \/>\n<meta name=\"twitter:label1\" content=\"Tempo di lettura stimato\" \/>\n\t<meta name=\"twitter:data1\" content=\"1 minuto\" \/>\n<script type=\"application\/ld+json\" class=\"yoast-schema-graph\">{\"@context\":\"https:\/\/schema.org\",\"@graph\":[{\"@type\":\"WebPage\",\"@id\":\"https:\/\/hockey.praguesbarrel.eu\/it\/faq\/\",\"url\":\"https:\/\/hockey.praguesbarrel.eu\/it\/faq\/\",\"name\":\"FAQ - Prague&#039;s Barrel\",\"isPartOf\":{\"@id\":\"https:\/\/hockey.praguesbarrel.eu\/#website\"},\"primaryImageOfPage\":{\"@id\":\"https:\/\/hockey.praguesbarrel.eu\/it\/faq\/#primaryimage\"},\"image\":{\"@id\":\"https:\/\/hockey.praguesbarrel.eu\/it\/faq\/#primaryimage\"},\"thumbnailUrl\":\"https:\/\/hockey.praguesbarrel.eu\/wp-content\/uploads\/2023\/11\/turnaj.jpeg\",\"datePublished\":\"2024-03-05T07:44:26+00:00\",\"description\":\"La nostra sezione FAQ \u00e8 stata creata per aiutarti a navigare senza problemi nel torneo di hockey Prague's Barrel.\",\"breadcrumb\":{\"@id\":\"https:\/\/hockey.praguesbarrel.eu\/it\/faq\/#breadcrumb\"},\"inLanguage\":\"it-IT\",\"potentialAction\":[{\"@type\":\"ReadAction\",\"target\":[\"https:\/\/hockey.praguesbarrel.eu\/it\/faq\/\"]}]},{\"@type\":\"ImageObject\",\"inLanguage\":\"it-IT\",\"@id\":\"https:\/\/hockey.praguesbarrel.eu\/it\/faq\/#primaryimage\",\"url\":\"https:\/\/hockey.praguesbarrel.eu\/wp-content\/uploads\/2023\/11\/turnaj.jpeg\",\"contentUrl\":\"https:\/\/hockey.praguesbarrel.eu\/wp-content\/uploads\/2023\/11\/turnaj.jpeg\",\"width\":1832,\"height\":1224},{\"@type\":\"BreadcrumbList\",\"@id\":\"https:\/\/hockey.praguesbarrel.eu\/it\/faq\/#breadcrumb\",\"itemListElement\":[{\"@type\":\"ListItem\",\"position\":1,\"name\":\"Home\",\"item\":\"https:\/\/hockey.praguesbarrel.eu\/it\/\"},{\"@type\":\"ListItem\",\"position\":2,\"name\":\"FAQ\"}]},{\"@type\":\"WebSite\",\"@id\":\"https:\/\/hockey.praguesbarrel.eu\/#website\",\"url\":\"https:\/\/hockey.praguesbarrel.eu\/\",\"name\":\"Prague&#039;s Barrel\",\"description\":\"Ice Hockey Tournament for amateur players\",\"publisher\":{\"@id\":\"https:\/\/hockey.praguesbarrel.eu\/#organization\"},\"potentialAction\":[{\"@type\":\"SearchAction\",\"target\":{\"@type\":\"EntryPoint\",\"urlTemplate\":\"https:\/\/hockey.praguesbarrel.eu\/?s={search_term_string}\"},\"query-input\":{\"@type\":\"PropertyValueSpecification\",\"valueRequired\":true,\"valueName\":\"search_term_string\"}}],\"inLanguage\":\"it-IT\"},{\"@type\":\"Organization\",\"@id\":\"https:\/\/hockey.praguesbarrel.eu\/#organization\",\"name\":\"Prague's Barrel\",\"url\":\"https:\/\/hockey.praguesbarrel.eu\/\",\"logo\":{\"@type\":\"ImageObject\",\"inLanguage\":\"it-IT\",\"@id\":\"https:\/\/hockey.praguesbarrel.eu\/#\/schema\/logo\/image\/\",\"url\":\"https:\/\/hockey.praguesbarrel.eu\/wp-content\/uploads\/2015\/07\/unimalej-2.jpg\",\"contentUrl\":\"https:\/\/hockey.praguesbarrel.eu\/wp-content\/uploads\/2015\/07\/unimalej-2.jpg\",\"width\":200,\"height\":200,\"caption\":\"Prague's Barrel\"},\"image\":{\"@id\":\"https:\/\/hockey.praguesbarrel.eu\/#\/schema\/logo\/image\/\"},\"sameAs\":[\"https:\/\/www.facebook.com\/PraguesBarrelTournaments\"]}]}<\/script>\n<!-- \/ Yoast SEO plugin. -->","yoast_head_json":{"title":"FAQ - Prague&#039;s Barrel","description":"La nostra sezione FAQ \u00e8 stata creata per aiutarti a navigare senza problemi nel torneo di hockey Prague's Barrel.","robots":{"index":"index","follow":"follow","max-snippet":"max-snippet:-1","max-image-preview":"max-image-preview:large","max-video-preview":"max-video-preview:-1"},"canonical":"https:\/\/hockey.praguesbarrel.eu\/it\/faq\/","og_locale":"it_IT","og_type":"article","og_title":"FAQ - Prague&#039;s Barrel","og_description":"La nostra sezione FAQ \u00e8 stata creata per aiutarti a navigare senza problemi nel torneo di hockey Prague's Barrel.","og_url":"https:\/\/hockey.praguesbarrel.eu\/it\/faq\/","og_site_name":"Prague&#039;s Barrel","article_publisher":"https:\/\/www.facebook.com\/PraguesBarrelTournaments","og_image":[{"width":1832,"height":1224,"url":"https:\/\/hockey.praguesbarrel.eu\/wp-content\/uploads\/2023\/11\/turnaj.jpeg","type":"image\/jpeg"}],"twitter_misc":{"Tempo di lettura stimato":"1 minuto"},"schema":{"@context":"https:\/\/schema.org","@graph":[{"@type":"WebPage","@id":"https:\/\/hockey.praguesbarrel.eu\/it\/faq\/","url":"https:\/\/hockey.praguesbarrel.eu\/it\/faq\/","name":"FAQ - Prague&#039;s Barrel","isPartOf":{"@id":"https:\/\/hockey.praguesbarrel.eu\/#website"},"primaryImageOfPage":{"@id":"https:\/\/hockey.praguesbarrel.eu\/it\/faq\/#primaryimage"},"image":{"@id":"https:\/\/hockey.praguesbarrel.eu\/it\/faq\/#primaryimage"},"thumbnailUrl":"https:\/\/hockey.praguesbarrel.eu\/wp-content\/uploads\/2023\/11\/turnaj.jpeg","datePublished":"2024-03-05T07:44:26+00:00","description":"La nostra sezione FAQ \u00e8 stata creata per aiutarti a navigare senza problemi nel torneo di hockey Prague's Barrel.","breadcrumb":{"@id":"https:\/\/hockey.praguesbarrel.eu\/it\/faq\/#breadcrumb"},"inLanguage":"it-IT","potentialAction":[{"@type":"ReadAction","target":["https:\/\/hockey.praguesbarrel.eu\/it\/faq\/"]}]},{"@type":"ImageObject","inLanguage":"it-IT","@id":"https:\/\/hockey.praguesbarrel.eu\/it\/faq\/#primaryimage","url":"https:\/\/hockey.praguesbarrel.eu\/wp-content\/uploads\/2023\/11\/turnaj.jpeg","contentUrl":"https:\/\/hockey.praguesbarrel.eu\/wp-content\/uploads\/2023\/11\/turnaj.jpeg","width":1832,"height":1224},{"@type":"BreadcrumbList","@id":"https:\/\/hockey.praguesbarrel.eu\/it\/faq\/#breadcrumb","itemListElement":[{"@type":"ListItem","position":1,"name":"Home","item":"https:\/\/hockey.praguesbarrel.eu\/it\/"},{"@type":"ListItem","position":2,"name":"FAQ"}]},{"@type":"WebSite","@id":"https:\/\/hockey.praguesbarrel.eu\/#website","url":"https:\/\/hockey.praguesbarrel.eu\/","name":"Prague&#039;s Barrel","description":"Ice Hockey Tournament for amateur players","publisher":{"@id":"https:\/\/hockey.praguesbarrel.eu\/#organization"},"potentialAction":[{"@type":"SearchAction","target":{"@type":"EntryPoint","urlTemplate":"https:\/\/hockey.praguesbarrel.eu\/?s={search_term_string}"},"query-input":{"@type":"PropertyValueSpecification","valueRequired":true,"valueName":"search_term_string"}}],"inLanguage":"it-IT"},{"@type":"Organization","@id":"https:\/\/hockey.praguesbarrel.eu\/#organization","name":"Prague's Barrel","url":"https:\/\/hockey.praguesbarrel.eu\/","logo":{"@type":"ImageObject","inLanguage":"it-IT","@id":"https:\/\/hockey.praguesbarrel.eu\/#\/schema\/logo\/image\/","url":"https:\/\/hockey.praguesbarrel.eu\/wp-content\/uploads\/2015\/07\/unimalej-2.jpg","contentUrl":"https:\/\/hockey.praguesbarrel.eu\/wp-content\/uploads\/2015\/07\/unimalej-2.jpg","width":200,"height":200,"caption":"Prague's Barrel"},"image":{"@id":"https:\/\/hockey.praguesbarrel.eu\/#\/schema\/logo\/image\/"},"sameAs":["https:\/\/www.facebook.com\/PraguesBarrelTournaments"]}]}},"_links":{"self":[{"href":"https:\/\/hockey.praguesbarrel.eu\/it\/wp-json\/wp\/v2\/pages\/98252","targetHints":{"allow":["GET"]}}],"collection":[{"href":"https:\/\/hockey.praguesbarrel.eu\/it\/wp-json\/wp\/v2\/pages"}],"about":[{"href":"https:\/\/hockey.praguesbarrel.eu\/it\/wp-json\/wp\/v2\/types\/page"}],"author":[{"embeddable":true,"href":"https:\/\/hockey.praguesbarrel.eu\/it\/wp-json\/wp\/v2\/users\/10"}],"replies":[{"embeddable":true,"href":"https:\/\/hockey.praguesbarrel.eu\/it\/wp-json\/wp\/v2\/comments?post=98252"}],"version-history":[{"count":1,"href":"https:\/\/hockey.praguesbarrel.eu\/it\/wp-json\/wp\/v2\/pages\/98252\/revisions"}],"predecessor-version":[{"id":98253,"href":"https:\/\/hockey.praguesbarrel.eu\/it\/wp-json\/wp\/v2\/pages\/98252\/revisions\/98253"}],"wp:featuredmedia":[{"embeddable":true,"href":"https:\/\/hockey.praguesbarrel.eu\/it\/wp-json\/wp\/v2\/media\/97998"}],"wp:attachment":[{"href":"https:\/\/hockey.praguesbarrel.eu\/it\/wp-json\/wp\/v2\/media?parent=98252"}],"curies":[{"name":"wp","href":"https:\/\/api.w.org\/{rel}","templated":true}]}}